{"id":631186,"date":"2025-03-31T17:54:25","date_gmt":"2025-03-31T17:54:25","guid":{"rendered":"https:\/\/aukinkochile.com\/web\/producto\/balde-con-regadera-eco\/"},"modified":"2025-04-01T19:05:20","modified_gmt":"2025-04-01T19:05:20","slug":"balde-con-regadera-eco","status":"publish","type":"product","link":"https:\/\/aukinkochile.com\/web\/producto\/balde-con-regadera-eco\/","title":{"rendered":"Balde con Regadera Eco"},"content":{"rendered":"<p>Balde con Regadera desmontable eco, no t\u00f3xico, duradero y sostenible hecho de ca\u00f1a de az\u00facar. 100% reciclable. Irrompible, seguros y de colores fuertes y brillantes. Seguros, suaves, simples, resistentes. Sus bordes son suaves y redondeados sin filos, por lo que son seguros para p\u00e1rvulos.<\/p>\n<p><strong>Material : <\/strong> Ca\u00f1a de Az\u00facar<\/p>\n<p><strong>C\u00f3digo Aukinko : <\/strong> 06-202005<\/p>\n<p><strong>C\u00f3digo Convenio Marco : <\/strong> x<\/p>\n","protected":false},"excerpt":{"rendered":"<p>Balde con Regadera desmontable eco, no t\u00f3xico, duradero y sostenible hecho de ca\u00f1a de az\u00facar. 100% reciclable. Irrompible, seguros y de colores fuertes y brillantes. Seguros, suaves, simples, resistentes. Sus bordes son suaves y redondeados sin filos, por lo que son seguros para p\u00e1rvulos. Material : Ca\u00f1a de Az\u00facar C\u00f3digo Aukinko : 06-202005 C\u00f3digo Convenio [&hellip;]<\/p>\n","protected":false},"featured_media":627834,"comment_status":"open","ping_status":"closed","template":"","meta":{"_et_pb_use_builder":"","_et_pb_old_content":"","_et_gb_content_width":""},"product_brand":[],"product_cat":[91,17],"product_tag":[],"class_list":{"0":"post-631186","1":"product","2":"type-product","3":"status-publish","4":"has-post-thumbnail","6":"product_cat-accesorios-sala","7":"product_cat-juegos-de-rol","8":"pa_edad-1-a-2-anos","9":"pa_edad-2-a-3-anos","10":"pa_edad-3-a-4-anos","11":"pa_edad-4-a-5-anos","12":"pa_edad-5-a-6-anos","13":"pa_marca-viking","14":"pa_medidas-11-x-15-x-15-cm","16":"first","17":"instock","18":"shipping-taxable","19":"purchasable","20":"product-type-simple"},"aioseo_notices":[],"_links":{"self":[{"href":"https:\/\/aukinkochile.com\/web\/wp-json\/wp\/v2\/product\/631186","targetHints":{"allow":["GET"]}}],"collection":[{"href":"https:\/\/aukinkochile.com\/web\/wp-json\/wp\/v2\/product"}],"about":[{"href":"https:\/\/aukinkochile.com\/web\/wp-json\/wp\/v2\/types\/product"}],"replies":[{"embeddable":true,"href":"https:\/\/aukinkochile.com\/web\/wp-json\/wp\/v2\/comments?post=631186"}],"wp:featuredmedia":[{"embeddable":true,"href":"https:\/\/aukinkochile.com\/web\/wp-json\/wp\/v2\/media\/627834"}],"wp:attachment":[{"href":"https:\/\/aukinkochile.com\/web\/wp-json\/wp\/v2\/media?parent=631186"}],"wp:term":[{"taxonomy":"product_brand","embeddable":true,"href":"https:\/\/aukinkochile.com\/web\/wp-json\/wp\/v2\/product_brand?post=631186"},{"taxonomy":"product_cat","embeddable":true,"href":"https:\/\/aukinkochile.com\/web\/wp-json\/wp\/v2\/product_cat?post=631186"},{"taxonomy":"product_tag","embeddable":true,"href":"https:\/\/aukinkochile.com\/web\/wp-json\/wp\/v2\/product_tag?post=631186"}],"curies":[{"name":"wp","href":"https:\/\/api.w.org\/{rel}","templated":true}]}}