{"id":631178,"date":"2025-03-31T17:54:06","date_gmt":"2025-03-31T17:54:06","guid":{"rendered":"https:\/\/aukinkochile.com\/web\/producto\/juego-reloj-actividades\/"},"modified":"2025-03-31T17:54:08","modified_gmt":"2025-03-31T17:54:08","slug":"juego-reloj-actividades","status":"publish","type":"product","link":"https:\/\/aukinkochile.com\/web\/producto\/juego-reloj-actividades\/","title":{"rendered":"Juego Reloj Actividades"},"content":{"rendered":"<p>Reloj pl\u00e1stico resistente, con grandes n\u00fameros, y manecillas movibles para ense\u00f1ar a los ni\u00f1os a leer la hora. De gran calidad y dise\u00f1o.<\/p>\n<p><p><strong>Material : <\/strong> Pl\u00e1stico Resistente<\/p>\n<p><strong>C\u00f3digo Aukinko : <\/strong> 06-181108<\/p>\n<p><strong>C\u00f3digo Convenio Marco : <\/strong> x<\/p>\n","protected":false},"excerpt":{"rendered":"<p>Reloj pl\u00e1stico resistente, con grandes n\u00fameros, y manecillas movibles para ense\u00f1ar a los ni\u00f1os a leer la hora. De gran calidad y dise\u00f1o. Material : Pl\u00e1stico Resistente C\u00f3digo Aukinko : 06-181108 C\u00f3digo Convenio Marco : x<\/p>\n","protected":false},"featured_media":631082,"comment_status":"open","ping_status":"closed","template":"","meta":{"_et_pb_use_builder":"","_et_pb_old_content":"","_et_gb_content_width":""},"product_brand":[],"product_cat":[91,90],"product_tag":[],"class_list":{"0":"post-631178","1":"product","2":"type-product","3":"status-publish","4":"has-post-thumbnail","6":"product_cat-accesorios-sala","7":"product_cat-matematicas","8":"pa_edad-3-a-4-anos","9":"pa_edad-4-a-5-anos","10":"pa_edad-5-a-6-anos","11":"pa_marca-viking","12":"pa_medidas-29-cm","14":"first","15":"instock","16":"shipping-taxable","17":"purchasable","18":"product-type-simple"},"aioseo_notices":[],"_links":{"self":[{"href":"https:\/\/aukinkochile.com\/web\/wp-json\/wp\/v2\/product\/631178","targetHints":{"allow":["GET"]}}],"collection":[{"href":"https:\/\/aukinkochile.com\/web\/wp-json\/wp\/v2\/product"}],"about":[{"href":"https:\/\/aukinkochile.com\/web\/wp-json\/wp\/v2\/types\/product"}],"replies":[{"embeddable":true,"href":"https:\/\/aukinkochile.com\/web\/wp-json\/wp\/v2\/comments?post=631178"}],"wp:featuredmedia":[{"embeddable":true,"href":"https:\/\/aukinkochile.com\/web\/wp-json\/wp\/v2\/media\/631082"}],"wp:attachment":[{"href":"https:\/\/aukinkochile.com\/web\/wp-json\/wp\/v2\/media?parent=631178"}],"wp:term":[{"taxonomy":"product_brand","embeddable":true,"href":"https:\/\/aukinkochile.com\/web\/wp-json\/wp\/v2\/product_brand?post=631178"},{"taxonomy":"product_cat","embeddable":true,"href":"https:\/\/aukinkochile.com\/web\/wp-json\/wp\/v2\/product_cat?post=631178"},{"taxonomy":"product_tag","embeddable":true,"href":"https:\/\/aukinkochile.com\/web\/wp-json\/wp\/v2\/product_tag?post=631178"}],"curies":[{"name":"wp","href":"https:\/\/api.w.org\/{rel}","templated":true}]}}