{"id":631173,"date":"2025-03-31T17:53:54","date_gmt":"2025-03-31T17:53:54","guid":{"rendered":"https:\/\/aukinkochile.com\/web\/producto\/tren-pista-23-pz\/"},"modified":"2025-03-31T17:53:56","modified_gmt":"2025-03-31T17:53:56","slug":"tren-pista-23-pz","status":"publish","type":"product","link":"https:\/\/aukinkochile.com\/web\/producto\/tren-pista-23-pz\/","title":{"rendered":"Tren Pista 23 Pz"},"content":{"rendered":"<p>Tonel con 23 piezas de pl\u00e1stico resistente y brillante. 14 rieles en dos colores ( 8,5 x 8 x 1 cm), 1 puente, tren de 3 carros (27 cm) y 4 arboles. Las ruedas de goma giran con facilidad, tienen ejes firmes y no se salen. De material totalmente reciclable. Fabricado en pl\u00e1stico blando flexible sin bordes afilados, sin nada que pueda romperse o partes que puedan caerse.\u00a0Un juguete de alta calidad con los ejes hechos de acero resistente a la oxidaci\u00f3n, por lo que pueden soportar el juego duro y las condiciones de humedad.\u00a0Recomendado para jugar tanto en interiores como en exteriores.\u00a0Libre de t\u00f3xicos y f\u00e1cil de lavar. De excelente dise\u00f1o y brillantes, y vivos colores. Armado 67 x 33 cm.<\/p>\n<p><p><strong>Material : <\/strong> Pl\u00e1stico Resistente<\/p>\n<p><strong>C\u00f3digo Aukinko : <\/strong> 06-145573<\/p>\n<p><strong>C\u00f3digo Convenio Marco : <\/strong> x<\/p>\n","protected":false},"excerpt":{"rendered":"<p>Tonel con 23 piezas de pl\u00e1stico resistente y brillante. 14 rieles en dos colores ( 8,5 x 8 x 1 cm), 1 puente, tren de 3 carros (27 cm) y 4 arboles. Las ruedas de goma giran con facilidad, tienen ejes firmes y no se salen. De material totalmente reciclable. Fabricado en pl\u00e1stico blando flexible [&hellip;]<\/p>\n","protected":false},"featured_media":631073,"comment_status":"open","ping_status":"closed","template":"","meta":{"_et_pb_use_builder":"","_et_pb_old_content":"","_et_gb_content_width":""},"product_brand":[],"product_cat":[91,17],"product_tag":[],"class_list":{"0":"post-631173","1":"product","2":"type-product","3":"status-publish","4":"has-post-thumbnail","6":"product_cat-accesorios-sala","7":"product_cat-juegos-de-rol","8":"pa_edad-1-a-2-anos","9":"pa_edad-2-a-3-anos","10":"pa_edad-3-a-4-anos","11":"pa_edad-4-a-5-anos","12":"pa_edad-5-a-6-anos","13":"pa_marca-viking","14":"pa_medidas-20-x-20-x-12-cm-caja","16":"first","17":"instock","18":"shipping-taxable","19":"purchasable","20":"product-type-simple"},"aioseo_notices":[],"_links":{"self":[{"href":"https:\/\/aukinkochile.com\/web\/wp-json\/wp\/v2\/product\/631173","targetHints":{"allow":["GET"]}}],"collection":[{"href":"https:\/\/aukinkochile.com\/web\/wp-json\/wp\/v2\/product"}],"about":[{"href":"https:\/\/aukinkochile.com\/web\/wp-json\/wp\/v2\/types\/product"}],"replies":[{"embeddable":true,"href":"https:\/\/aukinkochile.com\/web\/wp-json\/wp\/v2\/comments?post=631173"}],"wp:featuredmedia":[{"embeddable":true,"href":"https:\/\/aukinkochile.com\/web\/wp-json\/wp\/v2\/media\/631073"}],"wp:attachment":[{"href":"https:\/\/aukinkochile.com\/web\/wp-json\/wp\/v2\/media?parent=631173"}],"wp:term":[{"taxonomy":"product_brand","embeddable":true,"href":"https:\/\/aukinkochile.com\/web\/wp-json\/wp\/v2\/product_brand?post=631173"},{"taxonomy":"product_cat","embeddable":true,"href":"https:\/\/aukinkochile.com\/web\/wp-json\/wp\/v2\/product_cat?post=631173"},{"taxonomy":"product_tag","embeddable":true,"href":"https:\/\/aukinkochile.com\/web\/wp-json\/wp\/v2\/product_tag?post=631173"}],"curies":[{"name":"wp","href":"https:\/\/api.w.org\/{rel}","templated":true}]}}