{"id":631163,"date":"2025-03-31T17:53:30","date_gmt":"2025-03-31T17:53:30","guid":{"rendered":"https:\/\/aukinkochile.com\/web\/producto\/helicoptero-rescate-jumbo-2-figuras\/"},"modified":"2026-03-27T17:08:17","modified_gmt":"2026-03-27T17:08:17","slug":"helicoptero-rescate-jumbo-2-figuras","status":"publish","type":"product","link":"https:\/\/aukinkochile.com\/web\/producto\/helicoptero-rescate-jumbo-2-figuras\/","title":{"rendered":"Helic\u00f3ptero Rescate Jumbo 2 Figuras"},"content":{"rendered":"<p>Hermoso helic\u00f3ptero ambulancia con dos figuras y camilla. Fabricado en pl\u00e1stico blando flexible sin bordes afilados, sin nada que pueda romperse o partes que puedan caerse.\u00a0Un juguete de alta calidad con los ejes hechos de acero resistente a la oxidaci\u00f3n, por lo que pueden soportar el juego duro y las condiciones de humedad.\u00a0Recomendado para jugar tanto en interiores como en exteriores.\u00a0Libre de t\u00f3xicos y f\u00e1cil de lavar. <\/p>\n<p><p><strong>Material : <\/strong> Biopl\u00e1stico<\/p>\n<p><strong>C\u00f3digo Aukinko : <\/strong> 06-231272<\/p>\n<p><strong>C\u00f3digo Convenio Marco : <\/strong> x<\/p>\n","protected":false},"excerpt":{"rendered":"<p>Hermoso helic\u00f3ptero ambulancia con dos figuras y camilla. Fabricado en pl\u00e1stico blando flexible sin bordes afilados, sin nada que pueda romperse o partes que puedan caerse.\u00a0Un juguete de alta calidad con los ejes hechos de acero resistente a la oxidaci\u00f3n, por lo que pueden soportar el juego duro y las condiciones de humedad.\u00a0Recomendado para jugar [&hellip;]<\/p>\n","protected":false},"featured_media":631003,"comment_status":"open","ping_status":"closed","template":"","meta":{"_et_pb_use_builder":"","_et_pb_old_content":"","_et_gb_content_width":""},"product_brand":[],"product_cat":[91,17],"product_tag":[],"class_list":{"0":"post-631163","1":"product","2":"type-product","3":"status-publish","4":"has-post-thumbnail","6":"product_cat-accesorios-sala","7":"product_cat-juegos-de-rol","8":"pa_edad-1-a-2-anos","9":"pa_edad-2-a-3-anos","10":"pa_edad-3-a-4-anos","11":"pa_edad-4-a-5-anos","12":"pa_edad-5-a-6-anos","13":"pa_marca-viking","14":"pa_medidas-28-cm","16":"first","17":"instock","18":"shipping-taxable","19":"purchasable","20":"product-type-simple"},"aioseo_notices":[],"_links":{"self":[{"href":"https:\/\/aukinkochile.com\/web\/wp-json\/wp\/v2\/product\/631163","targetHints":{"allow":["GET"]}}],"collection":[{"href":"https:\/\/aukinkochile.com\/web\/wp-json\/wp\/v2\/product"}],"about":[{"href":"https:\/\/aukinkochile.com\/web\/wp-json\/wp\/v2\/types\/product"}],"replies":[{"embeddable":true,"href":"https:\/\/aukinkochile.com\/web\/wp-json\/wp\/v2\/comments?post=631163"}],"wp:featuredmedia":[{"embeddable":true,"href":"https:\/\/aukinkochile.com\/web\/wp-json\/wp\/v2\/media\/631003"}],"wp:attachment":[{"href":"https:\/\/aukinkochile.com\/web\/wp-json\/wp\/v2\/media?parent=631163"}],"wp:term":[{"taxonomy":"product_brand","embeddable":true,"href":"https:\/\/aukinkochile.com\/web\/wp-json\/wp\/v2\/product_brand?post=631163"},{"taxonomy":"product_cat","embeddable":true,"href":"https:\/\/aukinkochile.com\/web\/wp-json\/wp\/v2\/product_cat?post=631163"},{"taxonomy":"product_tag","embeddable":true,"href":"https:\/\/aukinkochile.com\/web\/wp-json\/wp\/v2\/product_tag?post=631163"}],"curies":[{"name":"wp","href":"https:\/\/api.w.org\/{rel}","templated":true}]}}