{"id":631162,"date":"2025-03-31T17:53:28","date_gmt":"2025-03-31T17:53:28","guid":{"rendered":"https:\/\/aukinkochile.com\/web\/producto\/tren-pista-set-rieles-y-granja\/"},"modified":"2025-03-31T17:53:30","modified_gmt":"2025-03-31T17:53:30","slug":"tren-pista-set-rieles-y-granja","status":"publish","type":"product","link":"https:\/\/aukinkochile.com\/web\/producto\/tren-pista-set-rieles-y-granja\/","title":{"rendered":"Tren Pista set Rieles y Granja"},"content":{"rendered":"<p>Set de calles y granja completa. Cuenta con una casa de granja, 36 piezas de rieles, 2 figuras, dos veh\u00edculos de trabajo con tr\u00e1iler, cercas, 6 animales (dos chanchos, dos vacas, dos caballos) y 4 arboles.  Las ruedas de goma giran con facilidad, tienen ejes firmes y no se salen. Sus bordes son suaves y redondeados sin filos, por lo que son seguros para p\u00e1rvulos. De material resistente, irrompible. De excelente dise\u00f1o y brillantes, vivos y variados colores. No t\u00f3xico.<\/p>\n<p><p><strong>Material : <\/strong> Pl\u00e1stico Resistente<\/p>\n<p><strong>C\u00f3digo Aukinko : <\/strong> 06-115575<\/p>\n<p><strong>C\u00f3digo Convenio Marco : <\/strong> x<\/p>\n","protected":false},"excerpt":{"rendered":"<p>Set de calles y granja completa. Cuenta con una casa de granja, 36 piezas de rieles, 2 figuras, dos veh\u00edculos de trabajo con tr\u00e1iler, cercas, 6 animales (dos chanchos, dos vacas, dos caballos) y 4 arboles. Las ruedas de goma giran con facilidad, tienen ejes firmes y no se salen. Sus bordes son suaves y [&hellip;]<\/p>\n","protected":false},"featured_media":631001,"comment_status":"open","ping_status":"closed","template":"","meta":{"_et_pb_use_builder":"","_et_pb_old_content":"","_et_gb_content_width":""},"product_brand":[],"product_cat":[91,17],"product_tag":[],"class_list":{"0":"post-631162","1":"product","2":"type-product","3":"status-publish","4":"has-post-thumbnail","6":"product_cat-accesorios-sala","7":"product_cat-juegos-de-rol","8":"pa_edad-1-a-2-anos","9":"pa_edad-2-a-3-anos","10":"pa_edad-3-a-4-anos","11":"pa_edad-4-a-5-anos","12":"pa_edad-5-a-6-anos","13":"pa_marca-viking","14":"pa_medidas-34-x-24-x-28-cm","16":"first","17":"instock","18":"shipping-taxable","19":"purchasable","20":"product-type-simple"},"aioseo_notices":[],"_links":{"self":[{"href":"https:\/\/aukinkochile.com\/web\/wp-json\/wp\/v2\/product\/631162","targetHints":{"allow":["GET"]}}],"collection":[{"href":"https:\/\/aukinkochile.com\/web\/wp-json\/wp\/v2\/product"}],"about":[{"href":"https:\/\/aukinkochile.com\/web\/wp-json\/wp\/v2\/types\/product"}],"replies":[{"embeddable":true,"href":"https:\/\/aukinkochile.com\/web\/wp-json\/wp\/v2\/comments?post=631162"}],"wp:featuredmedia":[{"embeddable":true,"href":"https:\/\/aukinkochile.com\/web\/wp-json\/wp\/v2\/media\/631001"}],"wp:attachment":[{"href":"https:\/\/aukinkochile.com\/web\/wp-json\/wp\/v2\/media?parent=631162"}],"wp:term":[{"taxonomy":"product_brand","embeddable":true,"href":"https:\/\/aukinkochile.com\/web\/wp-json\/wp\/v2\/product_brand?post=631162"},{"taxonomy":"product_cat","embeddable":true,"href":"https:\/\/aukinkochile.com\/web\/wp-json\/wp\/v2\/product_cat?post=631162"},{"taxonomy":"product_tag","embeddable":true,"href":"https:\/\/aukinkochile.com\/web\/wp-json\/wp\/v2\/product_tag?post=631162"}],"curies":[{"name":"wp","href":"https:\/\/api.w.org\/{rel}","templated":true}]}}