{"id":631159,"date":"2025-03-31T17:53:21","date_gmt":"2025-03-31T17:53:21","guid":{"rendered":"https:\/\/aukinkochile.com\/web\/producto\/autos-14-cm-set-4\/"},"modified":"2025-03-31T17:53:23","modified_gmt":"2025-03-31T17:53:23","slug":"autos-14-cm-set-4","status":"publish","type":"product","link":"https:\/\/aukinkochile.com\/web\/producto\/autos-14-cm-set-4\/","title":{"rendered":"Autos 14 cm set 4"},"content":{"rendered":"<p>Set de 4 autos, cami\u00f3n, jeep, auto carrera y auto. De material pl\u00e1stico, sus bordes son suaves y redondeados sin filos, por lo que son seguros para p\u00e1rvulos. De material resistente, irrompible. De excelente dise\u00f1o y brillantes, vivos y variados colores. No t\u00f3xico.<\/p>\n<p><p><strong>Material : <\/strong> Pl\u00e1stico Resistente<\/p>\n<p><strong>C\u00f3digo Aukinko : <\/strong> 06-110844<\/p>\n<p><strong>C\u00f3digo Convenio Marco : <\/strong> x<\/p>\n","protected":false},"excerpt":{"rendered":"<p>Set de 4 autos, cami\u00f3n, jeep, auto carrera y auto. De material pl\u00e1stico, sus bordes son suaves y redondeados sin filos, por lo que son seguros para p\u00e1rvulos. De material resistente, irrompible. De excelente dise\u00f1o y brillantes, vivos y variados colores. No t\u00f3xico. Material : Pl\u00e1stico Resistente C\u00f3digo Aukinko : 06-110844 C\u00f3digo Convenio Marco : [&hellip;]<\/p>\n","protected":false},"featured_media":630994,"comment_status":"open","ping_status":"closed","template":"","meta":{"_et_pb_use_builder":"","_et_pb_old_content":"","_et_gb_content_width":""},"product_brand":[],"product_cat":[91,17],"product_tag":[],"class_list":{"0":"post-631159","1":"product","2":"type-product","3":"status-publish","4":"has-post-thumbnail","6":"product_cat-accesorios-sala","7":"product_cat-juegos-de-rol","8":"pa_edad-1-a-2-anos","9":"pa_edad-2-a-3-anos","10":"pa_edad-3-a-4-anos","11":"pa_edad-4-a-5-anos","12":"pa_edad-5-a-6-anos","13":"pa_marca-viking","14":"pa_medidas-14-cm","16":"first","17":"instock","18":"shipping-taxable","19":"purchasable","20":"product-type-simple"},"aioseo_notices":[],"_links":{"self":[{"href":"https:\/\/aukinkochile.com\/web\/wp-json\/wp\/v2\/product\/631159","targetHints":{"allow":["GET"]}}],"collection":[{"href":"https:\/\/aukinkochile.com\/web\/wp-json\/wp\/v2\/product"}],"about":[{"href":"https:\/\/aukinkochile.com\/web\/wp-json\/wp\/v2\/types\/product"}],"replies":[{"embeddable":true,"href":"https:\/\/aukinkochile.com\/web\/wp-json\/wp\/v2\/comments?post=631159"}],"wp:featuredmedia":[{"embeddable":true,"href":"https:\/\/aukinkochile.com\/web\/wp-json\/wp\/v2\/media\/630994"}],"wp:attachment":[{"href":"https:\/\/aukinkochile.com\/web\/wp-json\/wp\/v2\/media?parent=631159"}],"wp:term":[{"taxonomy":"product_brand","embeddable":true,"href":"https:\/\/aukinkochile.com\/web\/wp-json\/wp\/v2\/product_brand?post=631159"},{"taxonomy":"product_cat","embeddable":true,"href":"https:\/\/aukinkochile.com\/web\/wp-json\/wp\/v2\/product_cat?post=631159"},{"taxonomy":"product_tag","embeddable":true,"href":"https:\/\/aukinkochile.com\/web\/wp-json\/wp\/v2\/product_tag?post=631159"}],"curies":[{"name":"wp","href":"https:\/\/api.w.org\/{rel}","templated":true}]}}