{"id":631155,"date":"2025-03-31T17:53:12","date_gmt":"2025-03-31T17:53:12","guid":{"rendered":"https:\/\/aukinkochile.com\/web\/producto\/ciudad-con-pistas-y-acc-56-pz\/"},"modified":"2025-03-31T17:53:14","modified_gmt":"2025-03-31T17:53:14","slug":"ciudad-con-pistas-y-acc-56-pz","status":"publish","type":"product","link":"https:\/\/aukinkochile.com\/web\/producto\/ciudad-con-pistas-y-acc-56-pz\/","title":{"rendered":"Ciudad con Pistas y Acc. 56 pz"},"content":{"rendered":"<p>Estaci\u00f3n ciudad que incluye 38 pistas, 1 puente, 3 veh\u00edculos, 3 figuras, 4 se\u00f1ales de transito, 4 autos y 3 casas. Las ruedas de goma giran con facilidad, tienen ejes firmes y no se salen. Sus bordes son suaves y redondeados sin filos, por lo que son seguros para p\u00e1rvulos. De material resistente, irrompible. De excelente dise\u00f1o y brillantes, vivos y variados colores. No t\u00f3xico.<\/p>\n<p><p><strong>Material : <\/strong> Pl\u00e1stico Resistente<\/p>\n<p><strong>C\u00f3digo Aukinko : <\/strong> 06-105580<\/p>\n<p><strong>C\u00f3digo Convenio Marco : <\/strong> x<\/p>\n","protected":false},"excerpt":{"rendered":"<p>Estaci\u00f3n ciudad que incluye 38 pistas, 1 puente, 3 veh\u00edculos, 3 figuras, 4 se\u00f1ales de transito, 4 autos y 3 casas. Las ruedas de goma giran con facilidad, tienen ejes firmes y no se salen. Sus bordes son suaves y redondeados sin filos, por lo que son seguros para p\u00e1rvulos. De material resistente, irrompible. De [&hellip;]<\/p>\n","protected":false},"featured_media":630986,"comment_status":"open","ping_status":"closed","template":"","meta":{"_et_pb_use_builder":"","_et_pb_old_content":"","_et_gb_content_width":""},"product_brand":[],"product_cat":[91,17],"product_tag":[],"class_list":{"0":"post-631155","1":"product","2":"type-product","3":"status-publish","4":"has-post-thumbnail","6":"product_cat-accesorios-sala","7":"product_cat-juegos-de-rol","8":"pa_edad-1-a-2-anos","9":"pa_edad-2-a-3-anos","10":"pa_edad-3-a-4-anos","11":"pa_edad-4-a-5-anos","12":"pa_edad-5-a-6-anos","13":"pa_marca-viking","14":"pa_medidas-42-x-37","15":"pa_medidas-5-cm-caja","16":"pa_medidas-5-x-12","18":"first","19":"instock","20":"shipping-taxable","21":"purchasable","22":"product-type-simple"},"aioseo_notices":[],"_links":{"self":[{"href":"https:\/\/aukinkochile.com\/web\/wp-json\/wp\/v2\/product\/631155","targetHints":{"allow":["GET"]}}],"collection":[{"href":"https:\/\/aukinkochile.com\/web\/wp-json\/wp\/v2\/product"}],"about":[{"href":"https:\/\/aukinkochile.com\/web\/wp-json\/wp\/v2\/types\/product"}],"replies":[{"embeddable":true,"href":"https:\/\/aukinkochile.com\/web\/wp-json\/wp\/v2\/comments?post=631155"}],"wp:featuredmedia":[{"embeddable":true,"href":"https:\/\/aukinkochile.com\/web\/wp-json\/wp\/v2\/media\/630986"}],"wp:attachment":[{"href":"https:\/\/aukinkochile.com\/web\/wp-json\/wp\/v2\/media?parent=631155"}],"wp:term":[{"taxonomy":"product_brand","embeddable":true,"href":"https:\/\/aukinkochile.com\/web\/wp-json\/wp\/v2\/product_brand?post=631155"},{"taxonomy":"product_cat","embeddable":true,"href":"https:\/\/aukinkochile.com\/web\/wp-json\/wp\/v2\/product_cat?post=631155"},{"taxonomy":"product_tag","embeddable":true,"href":"https:\/\/aukinkochile.com\/web\/wp-json\/wp\/v2\/product_tag?post=631155"}],"curies":[{"name":"wp","href":"https:\/\/api.w.org\/{rel}","templated":true}]}}