{"id":631152,"date":"2025-03-31T17:53:05","date_gmt":"2025-03-31T17:53:05","guid":{"rendered":"https:\/\/aukinkochile.com\/web\/producto\/alfombra-puerto\/"},"modified":"2025-03-31T17:53:07","modified_gmt":"2025-03-31T17:53:07","slug":"alfombra-puerto","status":"publish","type":"product","link":"https:\/\/aukinkochile.com\/web\/producto\/alfombra-puerto\/","title":{"rendered":"Alfombra Puerto"},"content":{"rendered":"<p>Alfombra pista puerto donde el ni\u00f1o podr\u00e1 jugar con sus barcos y cuando quiera terminar, la alfombra se pliega y con velcros se afirma creando una caja con asas especial para guardar los veh\u00edculos  y accesorios. De excelente calidad y dise\u00f1o.<\/p>\n<p><p><strong>Material : <\/strong> Pl\u00e1stico Resistente<\/p>\n<p><strong>C\u00f3digo Aukinko : <\/strong> 06-105207<\/p>\n<p><strong>C\u00f3digo Convenio Marco : <\/strong> x<\/p>\n","protected":false},"excerpt":{"rendered":"<p>Alfombra pista puerto donde el ni\u00f1o podr\u00e1 jugar con sus barcos y cuando quiera terminar, la alfombra se pliega y con velcros se afirma creando una caja con asas especial para guardar los veh\u00edculos y accesorios. De excelente calidad y dise\u00f1o. Material : Pl\u00e1stico Resistente C\u00f3digo Aukinko : 06-105207 C\u00f3digo Convenio Marco : x<\/p>\n","protected":false},"featured_media":630979,"comment_status":"open","ping_status":"closed","template":"","meta":{"_et_pb_use_builder":"","_et_pb_old_content":"","_et_gb_content_width":""},"product_brand":[],"product_cat":[91,17],"product_tag":[],"class_list":{"0":"post-631152","1":"product","2":"type-product","3":"status-publish","4":"has-post-thumbnail","6":"product_cat-accesorios-sala","7":"product_cat-juegos-de-rol","8":"pa_edad-1-a-2-anos","9":"pa_edad-2-a-3-anos","10":"pa_edad-3-a-4-anos","11":"pa_edad-4-a-5-anos","12":"pa_edad-5-a-6-anos","13":"pa_marca-viking","14":"pa_medidas-5-cm","15":"pa_medidas-90-x-70-x-0","17":"first","18":"instock","19":"shipping-taxable","20":"purchasable","21":"product-type-simple"},"aioseo_notices":[],"_links":{"self":[{"href":"https:\/\/aukinkochile.com\/web\/wp-json\/wp\/v2\/product\/631152","targetHints":{"allow":["GET"]}}],"collection":[{"href":"https:\/\/aukinkochile.com\/web\/wp-json\/wp\/v2\/product"}],"about":[{"href":"https:\/\/aukinkochile.com\/web\/wp-json\/wp\/v2\/types\/product"}],"replies":[{"embeddable":true,"href":"https:\/\/aukinkochile.com\/web\/wp-json\/wp\/v2\/comments?post=631152"}],"wp:featuredmedia":[{"embeddable":true,"href":"https:\/\/aukinkochile.com\/web\/wp-json\/wp\/v2\/media\/630979"}],"wp:attachment":[{"href":"https:\/\/aukinkochile.com\/web\/wp-json\/wp\/v2\/media?parent=631152"}],"wp:term":[{"taxonomy":"product_brand","embeddable":true,"href":"https:\/\/aukinkochile.com\/web\/wp-json\/wp\/v2\/product_brand?post=631152"},{"taxonomy":"product_cat","embeddable":true,"href":"https:\/\/aukinkochile.com\/web\/wp-json\/wp\/v2\/product_cat?post=631152"},{"taxonomy":"product_tag","embeddable":true,"href":"https:\/\/aukinkochile.com\/web\/wp-json\/wp\/v2\/product_tag?post=631152"}],"curies":[{"name":"wp","href":"https:\/\/api.w.org\/{rel}","templated":true}]}}