{"id":631140,"date":"2025-03-31T17:52:37","date_gmt":"2025-03-31T17:52:37","guid":{"rendered":"https:\/\/aukinkochile.com\/web\/producto\/tren-mediano-3-pz-32-cm-c-u\/"},"modified":"2025-03-31T17:52:39","modified_gmt":"2025-03-31T17:52:39","slug":"tren-mediano-3-pz-32-cm-c-u","status":"publish","type":"product","link":"https:\/\/aukinkochile.com\/web\/producto\/tren-mediano-3-pz-32-cm-c-u\/","title":{"rendered":"Tren Mediano 3 pz 32 cm c\/u"},"content":{"rendered":"<p>Tren de 3 piezas, locomotora y dos carros. Sus bordes son suaves y redondeados sin filos, por lo que son seguros para p\u00e1rvulos. De material resistente, irrompible. De excelente dise\u00f1o y brillantes, vivos y variados colores. No toxico. Cada carro 11 cm.<\/p>\n<p><p><strong>Material : <\/strong> Pl\u00e1stico Resistente<\/p>\n<p><strong>C\u00f3digo Aukinko : <\/strong> 06-101174<\/p>\n<p><strong>C\u00f3digo Convenio Marco : <\/strong> x<\/p>\n","protected":false},"excerpt":{"rendered":"<p>Tren de 3 piezas, locomotora y dos carros. Sus bordes son suaves y redondeados sin filos, por lo que son seguros para p\u00e1rvulos. De material resistente, irrompible. De excelente dise\u00f1o y brillantes, vivos y variados colores. No toxico. Cada carro 11 cm. Material : Pl\u00e1stico Resistente C\u00f3digo Aukinko : 06-101174 C\u00f3digo Convenio Marco : x<\/p>\n","protected":false},"featured_media":630955,"comment_status":"open","ping_status":"closed","template":"","meta":{"_et_pb_use_builder":"","_et_pb_old_content":"","_et_gb_content_width":""},"product_brand":[],"product_cat":[91,17],"product_tag":[],"class_list":{"0":"post-631140","1":"product","2":"type-product","3":"status-publish","4":"has-post-thumbnail","6":"product_cat-accesorios-sala","7":"product_cat-juegos-de-rol","8":"pa_edad-1-a-2-anos","9":"pa_edad-2-a-3-anos","10":"pa_edad-3-a-4-anos","11":"pa_edad-4-a-5-anos","12":"pa_edad-5-a-6-anos","13":"pa_marca-viking","14":"pa_medidas-32-x-7-x-6","15":"pa_medidas-5-cm","17":"first","18":"instock","19":"shipping-taxable","20":"purchasable","21":"product-type-simple"},"aioseo_notices":[],"_links":{"self":[{"href":"https:\/\/aukinkochile.com\/web\/wp-json\/wp\/v2\/product\/631140","targetHints":{"allow":["GET"]}}],"collection":[{"href":"https:\/\/aukinkochile.com\/web\/wp-json\/wp\/v2\/product"}],"about":[{"href":"https:\/\/aukinkochile.com\/web\/wp-json\/wp\/v2\/types\/product"}],"replies":[{"embeddable":true,"href":"https:\/\/aukinkochile.com\/web\/wp-json\/wp\/v2\/comments?post=631140"}],"wp:featuredmedia":[{"embeddable":true,"href":"https:\/\/aukinkochile.com\/web\/wp-json\/wp\/v2\/media\/630955"}],"wp:attachment":[{"href":"https:\/\/aukinkochile.com\/web\/wp-json\/wp\/v2\/media?parent=631140"}],"wp:term":[{"taxonomy":"product_brand","embeddable":true,"href":"https:\/\/aukinkochile.com\/web\/wp-json\/wp\/v2\/product_brand?post=631140"},{"taxonomy":"product_cat","embeddable":true,"href":"https:\/\/aukinkochile.com\/web\/wp-json\/wp\/v2\/product_cat?post=631140"},{"taxonomy":"product_tag","embeddable":true,"href":"https:\/\/aukinkochile.com\/web\/wp-json\/wp\/v2\/product_tag?post=631140"}],"curies":[{"name":"wp","href":"https:\/\/api.w.org\/{rel}","templated":true}]}}