{"id":630853,"date":"2025-01-31T19:59:33","date_gmt":"2025-01-31T19:59:33","guid":{"rendered":"https:\/\/aukinkochile.com\/web\/producto\/modulos-plasticos-set-5-pz-4\/"},"modified":"2025-01-31T19:59:35","modified_gmt":"2025-01-31T19:59:35","slug":"modulos-plasticos-set-5-pz-4","status":"publish","type":"product","link":"https:\/\/aukinkochile.com\/web\/producto\/modulos-plasticos-set-5-pz-4\/","title":{"rendered":"M\u00f3dulos Pl\u00e1sticos set 5 pz"},"content":{"rendered":"<p>Divertido set para estimular la motricidad gruesa de los m\u00e1s peque\u00f1os de una forma muy entretenida. M\u00f3dulos de colores para formar variados circuitos en los que ni\u00f1os y ni\u00f1as podr\u00e1n investigar y jugar desarrollando sus habilidades motoras gruesas. Fabricados en pl\u00e1stico grueso son f\u00e1ciles de lavar y muy resistentes. Este set incluye 1 tobog\u00e1n, 1 puente, 1 escalera de tres pelda\u00f1os y 2 t\u00faneles con forma de cubo. Las 5 piezas se encastran f\u00e1cilmente para que el juego de mayor seguridad a los m\u00e1s peque\u00f1os, es posible combinarlos de diferentes formas para adecuarlo a las necesidades de cada sala. Los ni\u00f1os y ni\u00f1as pueden recorrer los t\u00faneles y tambi\u00e9n desarrollar el equilibrio caminando por encima de ellos. Un completo juego para pasar horas de diversi\u00f3n y estimulaci\u00f3n.<\/p>\n<p><p><strong>Material : <\/strong> Pl\u00e1stico suave Polipropileno y Acr\u00edlico<\/p>\n<p><strong>C\u00f3digo Aukinko : <\/strong> 08-7710009<\/p>\n<p><strong>C\u00f3digo Convenio Marco : <\/strong> x<\/p>\n","protected":false},"excerpt":{"rendered":"<p>Divertido set para estimular la motricidad gruesa de los m\u00e1s peque\u00f1os de una forma muy entretenida. M\u00f3dulos de colores para formar variados circuitos en los que ni\u00f1os y ni\u00f1as podr\u00e1n investigar y jugar desarrollando sus habilidades motoras gruesas. Fabricados en pl\u00e1stico grueso son f\u00e1ciles de lavar y muy resistentes. Este set incluye 1 tobog\u00e1n, 1 [&hellip;]<\/p>\n","protected":false},"featured_media":630852,"comment_status":"open","ping_status":"closed","template":"","meta":{"_et_pb_use_builder":"","_et_pb_old_content":"","_et_gb_content_width":""},"product_brand":[],"product_cat":[91,18],"product_tag":[],"class_list":{"0":"post-630853","1":"product","2":"type-product","3":"status-publish","4":"has-post-thumbnail","6":"product_cat-accesorios-sala","7":"product_cat-motricidad-gruesa","8":"pa_edad-2-a-3-anos","9":"pa_edad-3-a-4-anos","10":"pa_edad-4-a-5-anos","11":"pa_edad-5-a-6-anos","12":"pa_marca-wesco","13":"pa_medidas-cubos-tunel-67-x-67-x-48-cm","14":"pa_medidas-escalera-72-x-67-x-60-cm","15":"pa_medidas-puente-67-x-60-x-86-cm","16":"pa_medidas-tobogan-79-x-67-x-60-cm","18":"first","19":"instock","20":"shipping-taxable","21":"purchasable","22":"product-type-simple"},"aioseo_notices":[],"_links":{"self":[{"href":"https:\/\/aukinkochile.com\/web\/wp-json\/wp\/v2\/product\/630853","targetHints":{"allow":["GET"]}}],"collection":[{"href":"https:\/\/aukinkochile.com\/web\/wp-json\/wp\/v2\/product"}],"about":[{"href":"https:\/\/aukinkochile.com\/web\/wp-json\/wp\/v2\/types\/product"}],"replies":[{"embeddable":true,"href":"https:\/\/aukinkochile.com\/web\/wp-json\/wp\/v2\/comments?post=630853"}],"wp:featuredmedia":[{"embeddable":true,"href":"https:\/\/aukinkochile.com\/web\/wp-json\/wp\/v2\/media\/630852"}],"wp:attachment":[{"href":"https:\/\/aukinkochile.com\/web\/wp-json\/wp\/v2\/media?parent=630853"}],"wp:term":[{"taxonomy":"product_brand","embeddable":true,"href":"https:\/\/aukinkochile.com\/web\/wp-json\/wp\/v2\/product_brand?post=630853"},{"taxonomy":"product_cat","embeddable":true,"href":"https:\/\/aukinkochile.com\/web\/wp-json\/wp\/v2\/product_cat?post=630853"},{"taxonomy":"product_tag","embeddable":true,"href":"https:\/\/aukinkochile.com\/web\/wp-json\/wp\/v2\/product_tag?post=630853"}],"curies":[{"name":"wp","href":"https:\/\/api.w.org\/{rel}","templated":true}]}}