{"id":630846,"date":"2025-01-30T15:52:01","date_gmt":"2025-01-30T15:52:01","guid":{"rendered":"https:\/\/aukinkochile.com\/web\/producto\/puzle-madera-15-pz-zaro-en-la-huerta\/"},"modified":"2025-01-30T15:52:03","modified_gmt":"2025-01-30T15:52:03","slug":"puzle-madera-15-pz-zaro-en-la-huerta","status":"publish","type":"product","link":"https:\/\/aukinkochile.com\/web\/producto\/puzle-madera-15-pz-zaro-en-la-huerta\/","title":{"rendered":"Puzle Madera 15 pz Zaro en la Huerta"},"content":{"rendered":"<p>Puzle de madera de 15 piezas para ense\u00f1ar a los ni\u00f1os sobre la huerta. De gran calidad.<\/p>\n<p><p><strong>Material : <\/strong> Madera<\/p>\n<p><strong>C\u00f3digo Aukinko : <\/strong> 14-750120<\/p>\n<p><strong>C\u00f3digo Convenio Marco : <\/strong> X<\/p>\n","protected":false},"excerpt":{"rendered":"<p>Puzle de madera de 15 piezas para ense\u00f1ar a los ni\u00f1os sobre la huerta. De gran calidad. Material : Madera C\u00f3digo Aukinko : 14-750120 C\u00f3digo Convenio Marco : X<\/p>\n","protected":false},"featured_media":630845,"comment_status":"open","ping_status":"closed","template":"","meta":{"_et_pb_use_builder":"","_et_pb_old_content":"","_et_gb_content_width":""},"product_brand":[],"product_cat":[22],"product_tag":[],"class_list":{"0":"post-630846","1":"product","2":"type-product","3":"status-publish","4":"has-post-thumbnail","6":"product_cat-puzzles","7":"pa_edad-4-a-5-anos","8":"pa_edad-5-a-6-anos","9":"pa_marca-interdidak","10":"pa_medidas-24-x-17-x-1-cm","12":"first","13":"instock","14":"sale","15":"shipping-taxable","16":"purchasable","17":"product-type-simple"},"aioseo_notices":[],"_links":{"self":[{"href":"https:\/\/aukinkochile.com\/web\/wp-json\/wp\/v2\/product\/630846","targetHints":{"allow":["GET"]}}],"collection":[{"href":"https:\/\/aukinkochile.com\/web\/wp-json\/wp\/v2\/product"}],"about":[{"href":"https:\/\/aukinkochile.com\/web\/wp-json\/wp\/v2\/types\/product"}],"replies":[{"embeddable":true,"href":"https:\/\/aukinkochile.com\/web\/wp-json\/wp\/v2\/comments?post=630846"}],"wp:featuredmedia":[{"embeddable":true,"href":"https:\/\/aukinkochile.com\/web\/wp-json\/wp\/v2\/media\/630845"}],"wp:attachment":[{"href":"https:\/\/aukinkochile.com\/web\/wp-json\/wp\/v2\/media?parent=630846"}],"wp:term":[{"taxonomy":"product_brand","embeddable":true,"href":"https:\/\/aukinkochile.com\/web\/wp-json\/wp\/v2\/product_brand?post=630846"},{"taxonomy":"product_cat","embeddable":true,"href":"https:\/\/aukinkochile.com\/web\/wp-json\/wp\/v2\/product_cat?post=630846"},{"taxonomy":"product_tag","embeddable":true,"href":"https:\/\/aukinkochile.com\/web\/wp-json\/wp\/v2\/product_tag?post=630846"}],"curies":[{"name":"wp","href":"https:\/\/api.w.org\/{rel}","templated":true}]}}