{"id":630844,"date":"2025-01-30T15:51:59","date_gmt":"2025-01-30T15:51:59","guid":{"rendered":"https:\/\/aukinkochile.com\/web\/producto\/soporte-madera-titeres-dedo\/"},"modified":"2025-01-30T15:53:39","modified_gmt":"2025-01-30T15:53:39","slug":"soporte-madera-titeres-dedo","status":"publish","type":"product","link":"https:\/\/aukinkochile.com\/web\/producto\/soporte-madera-titeres-dedo\/","title":{"rendered":"Soporte Madera T\u00edteres Dedo"},"content":{"rendered":"<p>Soporte de madera para 12 t\u00edteres de dedo. Ideal para tenerlos ordenados y expuestos, listos para sacarlos y jugar. Soporte se vende sin t\u00edteres.<\/p>\n<p><strong>Material : <\/strong> Madera<\/p>\n<p><strong>C\u00f3digo Aukinko : <\/strong> 14-340627<\/p>\n<p><strong>C\u00f3digo Convenio Marco : <\/strong> X<\/p>\n","protected":false},"excerpt":{"rendered":"<p>Soporte de madera para 12 t\u00edteres de dedo. Ideal para tenerlos ordenados y expuestos, listos para sacarlos y jugar. Soporte se vende sin t\u00edteres. Material : Madera C\u00f3digo Aukinko : 14-340627 C\u00f3digo Convenio Marco : X<\/p>\n","protected":false},"featured_media":630843,"comment_status":"open","ping_status":"closed","template":"","meta":{"_et_pb_use_builder":"","_et_pb_old_content":"","_et_gb_content_width":""},"product_brand":[],"product_cat":[91],"product_tag":[],"class_list":{"0":"post-630844","1":"product","2":"type-product","3":"status-publish","4":"has-post-thumbnail","6":"product_cat-accesorios-sala","7":"pa_edad-10-anos","8":"pa_edad-8-a-10-anos","9":"pa_marca-beleduc","11":"first","12":"instock","13":"sale","14":"shipping-taxable","15":"purchasable","16":"product-type-simple"},"aioseo_notices":[],"_links":{"self":[{"href":"https:\/\/aukinkochile.com\/web\/wp-json\/wp\/v2\/product\/630844","targetHints":{"allow":["GET"]}}],"collection":[{"href":"https:\/\/aukinkochile.com\/web\/wp-json\/wp\/v2\/product"}],"about":[{"href":"https:\/\/aukinkochile.com\/web\/wp-json\/wp\/v2\/types\/product"}],"replies":[{"embeddable":true,"href":"https:\/\/aukinkochile.com\/web\/wp-json\/wp\/v2\/comments?post=630844"}],"wp:featuredmedia":[{"embeddable":true,"href":"https:\/\/aukinkochile.com\/web\/wp-json\/wp\/v2\/media\/630843"}],"wp:attachment":[{"href":"https:\/\/aukinkochile.com\/web\/wp-json\/wp\/v2\/media?parent=630844"}],"wp:term":[{"taxonomy":"product_brand","embeddable":true,"href":"https:\/\/aukinkochile.com\/web\/wp-json\/wp\/v2\/product_brand?post=630844"},{"taxonomy":"product_cat","embeddable":true,"href":"https:\/\/aukinkochile.com\/web\/wp-json\/wp\/v2\/product_cat?post=630844"},{"taxonomy":"product_tag","embeddable":true,"href":"https:\/\/aukinkochile.com\/web\/wp-json\/wp\/v2\/product_tag?post=630844"}],"curies":[{"name":"wp","href":"https:\/\/api.w.org\/{rel}","templated":true}]}}