{"id":630840,"date":"2025-01-30T15:51:53","date_gmt":"2025-01-30T15:51:53","guid":{"rendered":"https:\/\/aukinkochile.com\/web\/producto\/juego-representacion-espacial-topologo\/"},"modified":"2025-01-30T15:51:55","modified_gmt":"2025-01-30T15:51:55","slug":"juego-representacion-espacial-topologo","status":"publish","type":"product","link":"https:\/\/aukinkochile.com\/web\/producto\/juego-representacion-espacial-topologo\/","title":{"rendered":"Juego Representaci\u00f3n Espacial Topologo"},"content":{"rendered":"<p>Juego que ayuda a desarrollar la visi\u00f3n tridimensional. Contiene varias etapas. Utilizando tarjetas de muestra, es necesario observar las relacione entre los sujetos individuales. Al armar formas tridimensionales, los ni\u00f1os observan como se crean formas a partir de tarjetas en el espacio. Contiene 1 tablero de madera articulado de 22 x 22 cm, 1 tablero de doble cara de 18 x 44 cm, 35 fichas de cart\u00f3n, 18 pz de figuras magn\u00e9ticas, 6 pz de medias figuras, 13 pz de bloques de construcci\u00f3n, 1 soporte de madera, 1 caja de madera.<\/p>\n<p><p><strong>Material : <\/strong> Madera<\/p>\n<p><strong>C\u00f3digo Aukinko : <\/strong> 14-323651<\/p>\n<p><strong>C\u00f3digo Convenio Marco : <\/strong> X<\/p>\n","protected":false},"excerpt":{"rendered":"<p>Juego que ayuda a desarrollar la visi\u00f3n tridimensional. Contiene varias etapas. Utilizando tarjetas de muestra, es necesario observar las relacione entre los sujetos individuales. Al armar formas tridimensionales, los ni\u00f1os observan como se crean formas a partir de tarjetas en el espacio. Contiene 1 tablero de madera articulado de 22 x 22 cm, 1 tablero [&hellip;]<\/p>\n","protected":false},"featured_media":630839,"comment_status":"open","ping_status":"closed","template":"","meta":{"_et_pb_use_builder":"","_et_pb_old_content":"","_et_gb_content_width":""},"product_brand":[],"product_cat":[91,150],"product_tag":[],"class_list":{"0":"post-630840","1":"product","2":"type-product","3":"status-publish","4":"has-post-thumbnail","6":"product_cat-accesorios-sala","7":"product_cat-asociacion-y-logica","8":"pa_edad-4-a-5-anos","9":"pa_edad-5-a-6-anos","10":"pa_edad-6-a-8-anos","11":"pa_marca-beleduc","13":"first","14":"instock","15":"sale","16":"shipping-taxable","17":"purchasable","18":"product-type-simple"},"aioseo_notices":[],"_links":{"self":[{"href":"https:\/\/aukinkochile.com\/web\/wp-json\/wp\/v2\/product\/630840","targetHints":{"allow":["GET"]}}],"collection":[{"href":"https:\/\/aukinkochile.com\/web\/wp-json\/wp\/v2\/product"}],"about":[{"href":"https:\/\/aukinkochile.com\/web\/wp-json\/wp\/v2\/types\/product"}],"replies":[{"embeddable":true,"href":"https:\/\/aukinkochile.com\/web\/wp-json\/wp\/v2\/comments?post=630840"}],"wp:featuredmedia":[{"embeddable":true,"href":"https:\/\/aukinkochile.com\/web\/wp-json\/wp\/v2\/media\/630839"}],"wp:attachment":[{"href":"https:\/\/aukinkochile.com\/web\/wp-json\/wp\/v2\/media?parent=630840"}],"wp:term":[{"taxonomy":"product_brand","embeddable":true,"href":"https:\/\/aukinkochile.com\/web\/wp-json\/wp\/v2\/product_brand?post=630840"},{"taxonomy":"product_cat","embeddable":true,"href":"https:\/\/aukinkochile.com\/web\/wp-json\/wp\/v2\/product_cat?post=630840"},{"taxonomy":"product_tag","embeddable":true,"href":"https:\/\/aukinkochile.com\/web\/wp-json\/wp\/v2\/product_tag?post=630840"}],"curies":[{"name":"wp","href":"https:\/\/api.w.org\/{rel}","templated":true}]}}