{"id":630838,"date":"2025-01-30T15:51:51","date_gmt":"2025-01-30T15:51:51","guid":{"rendered":"https:\/\/aukinkochile.com\/web\/producto\/puzle-tarugo-madera-10-pz-zoo\/"},"modified":"2026-04-07T16:26:39","modified_gmt":"2026-04-07T16:26:39","slug":"puzle-tarugo-madera-10-pz-zoo","status":"publish","type":"product","link":"https:\/\/aukinkochile.com\/web\/producto\/puzle-tarugo-madera-10-pz-zoo\/","title":{"rendered":"Puzle Tarugo Madera 10 pz Zoo"},"content":{"rendered":"<p>Puzle de madera con tarugo de encaje de 10 piezas. De excelente calidad y precioso dise\u00f1o. De f\u00e1cil calce para los mas peque\u00f1os.<\/p>\n<p><p><strong>Material : <\/strong> Madera<\/p>\n<p><strong>C\u00f3digo Aukinko : <\/strong> 13-303601<\/p>\n<p><strong>C\u00f3digo Convenio Marco : <\/strong> x<\/p>\n","protected":false},"excerpt":{"rendered":"<p>Puzle de madera con tarugo de encaje de 10 piezas. De excelente calidad y precioso dise\u00f1o. De f\u00e1cil calce para los mas peque\u00f1os. Material : Madera C\u00f3digo Aukinko : 13-303601 C\u00f3digo Convenio Marco : x<\/p>\n","protected":false},"featured_media":630837,"comment_status":"open","ping_status":"closed","template":"","meta":{"_et_pb_use_builder":"","_et_pb_old_content":"","_et_gb_content_width":""},"product_brand":[],"product_cat":[22],"product_tag":[],"class_list":{"0":"post-630838","1":"product","2":"type-product","3":"status-publish","4":"has-post-thumbnail","6":"product_cat-puzzles","7":"pa_edad-2-a-3-anos","8":"pa_edad-3-a-4-anos","9":"pa_marca-ravensburger","11":"first","12":"instock","13":"shipping-taxable","14":"purchasable","15":"product-type-simple"},"aioseo_notices":[],"_links":{"self":[{"href":"https:\/\/aukinkochile.com\/web\/wp-json\/wp\/v2\/product\/630838","targetHints":{"allow":["GET"]}}],"collection":[{"href":"https:\/\/aukinkochile.com\/web\/wp-json\/wp\/v2\/product"}],"about":[{"href":"https:\/\/aukinkochile.com\/web\/wp-json\/wp\/v2\/types\/product"}],"replies":[{"embeddable":true,"href":"https:\/\/aukinkochile.com\/web\/wp-json\/wp\/v2\/comments?post=630838"}],"wp:featuredmedia":[{"embeddable":true,"href":"https:\/\/aukinkochile.com\/web\/wp-json\/wp\/v2\/media\/630837"}],"wp:attachment":[{"href":"https:\/\/aukinkochile.com\/web\/wp-json\/wp\/v2\/media?parent=630838"}],"wp:term":[{"taxonomy":"product_brand","embeddable":true,"href":"https:\/\/aukinkochile.com\/web\/wp-json\/wp\/v2\/product_brand?post=630838"},{"taxonomy":"product_cat","embeddable":true,"href":"https:\/\/aukinkochile.com\/web\/wp-json\/wp\/v2\/product_cat?post=630838"},{"taxonomy":"product_tag","embeddable":true,"href":"https:\/\/aukinkochile.com\/web\/wp-json\/wp\/v2\/product_tag?post=630838"}],"curies":[{"name":"wp","href":"https:\/\/api.w.org\/{rel}","templated":true}]}}