{"id":630834,"date":"2025-01-30T15:51:46","date_gmt":"2025-01-30T15:51:46","guid":{"rendered":"https:\/\/aukinkochile.com\/web\/producto\/juego-madera-4-en-linea\/"},"modified":"2025-01-30T15:51:48","modified_gmt":"2025-01-30T15:51:48","slug":"juego-madera-4-en-linea","status":"publish","type":"product","link":"https:\/\/aukinkochile.com\/web\/producto\/juego-madera-4-en-linea\/","title":{"rendered":"Juego Madera 4 en L\u00ednea"},"content":{"rendered":"<p>Cl\u00e1sico juego de madera que las familias han amado durante d\u00e9cadas, es divertido para todas las edades y el complemento perfecto para la noche de juegos en familia. Incluye 42 fichas rojas y negras. De gran calidad y dise\u00f1o.<\/p>\n<p><p><strong>Material : <\/strong> Madera<\/p>\n<p><strong>C\u00f3digo Aukinko : <\/strong> 10-374774<\/p>\n<p><strong>C\u00f3digo Convenio Marco : <\/strong> X<\/p>\n","protected":false},"excerpt":{"rendered":"<p>Cl\u00e1sico juego de madera que las familias han amado durante d\u00e9cadas, es divertido para todas las edades y el complemento perfecto para la noche de juegos en familia. Incluye 42 fichas rojas y negras. De gran calidad y dise\u00f1o. Material : Madera C\u00f3digo Aukinko : 10-374774 C\u00f3digo Convenio Marco : X<\/p>\n","protected":false},"featured_media":630833,"comment_status":"open","ping_status":"closed","template":"","meta":{"_et_pb_use_builder":"","_et_pb_old_content":"","_et_gb_content_width":""},"product_brand":[],"product_cat":[149],"product_tag":[],"class_list":{"0":"post-630834","1":"product","2":"type-product","3":"status-publish","4":"has-post-thumbnail","6":"product_cat-juegos-de-mesa","7":"pa_edad-10-anos","8":"pa_edad-5-a-6-anos","9":"pa_edad-6-a-8-anos","10":"pa_edad-8-a-10-anos","11":"pa_marca-commotion","12":"pa_medidas-60-x-48-x-22-cm","14":"first","15":"instock","16":"sale","17":"shipping-taxable","18":"purchasable","19":"product-type-simple"},"aioseo_notices":[],"_links":{"self":[{"href":"https:\/\/aukinkochile.com\/web\/wp-json\/wp\/v2\/product\/630834","targetHints":{"allow":["GET"]}}],"collection":[{"href":"https:\/\/aukinkochile.com\/web\/wp-json\/wp\/v2\/product"}],"about":[{"href":"https:\/\/aukinkochile.com\/web\/wp-json\/wp\/v2\/types\/product"}],"replies":[{"embeddable":true,"href":"https:\/\/aukinkochile.com\/web\/wp-json\/wp\/v2\/comments?post=630834"}],"wp:featuredmedia":[{"embeddable":true,"href":"https:\/\/aukinkochile.com\/web\/wp-json\/wp\/v2\/media\/630833"}],"wp:attachment":[{"href":"https:\/\/aukinkochile.com\/web\/wp-json\/wp\/v2\/media?parent=630834"}],"wp:term":[{"taxonomy":"product_brand","embeddable":true,"href":"https:\/\/aukinkochile.com\/web\/wp-json\/wp\/v2\/product_brand?post=630834"},{"taxonomy":"product_cat","embeddable":true,"href":"https:\/\/aukinkochile.com\/web\/wp-json\/wp\/v2\/product_cat?post=630834"},{"taxonomy":"product_tag","embeddable":true,"href":"https:\/\/aukinkochile.com\/web\/wp-json\/wp\/v2\/product_tag?post=630834"}],"curies":[{"name":"wp","href":"https:\/\/api.w.org\/{rel}","templated":true}]}}