{"id":630832,"date":"2025-01-30T15:51:44","date_gmt":"2025-01-30T15:51:44","guid":{"rendered":"https:\/\/aukinkochile.com\/web\/producto\/pelota-tactiles-goma-set-6-pz\/"},"modified":"2025-01-30T15:51:46","modified_gmt":"2025-01-30T15:51:46","slug":"pelota-tactiles-goma-set-6-pz","status":"publish","type":"product","link":"https:\/\/aukinkochile.com\/web\/producto\/pelota-tactiles-goma-set-6-pz\/","title":{"rendered":"Pelota T\u00e1ctiles Goma set 6 pz"},"content":{"rendered":"<p>Set de 6 pelotas de goma con diferentes texturas de superficies distintivas. Ayuda a desarrollar habilidades b\u00e1sicas, motoras, comprensi\u00f3n sensorial y conocimiento del color.<\/p>\n<p><p><strong>Material : <\/strong> Goma<\/p>\n<p><strong>C\u00f3digo Aukinko : <\/strong> 10-372448<\/p>\n<p><strong>C\u00f3digo Convenio Marco : <\/strong> X<\/p>\n","protected":false},"excerpt":{"rendered":"<p>Set de 6 pelotas de goma con diferentes texturas de superficies distintivas. Ayuda a desarrollar habilidades b\u00e1sicas, motoras, comprensi\u00f3n sensorial y conocimiento del color. Material : Goma C\u00f3digo Aukinko : 10-372448 C\u00f3digo Convenio Marco : X<\/p>\n","protected":false},"featured_media":630831,"comment_status":"open","ping_status":"closed","template":"","meta":{"_et_pb_use_builder":"","_et_pb_old_content":"","_et_gb_content_width":""},"product_brand":[],"product_cat":[91,18],"product_tag":[],"class_list":{"0":"post-630832","1":"product","2":"type-product","3":"status-publish","4":"has-post-thumbnail","6":"product_cat-accesorios-sala","7":"product_cat-motricidad-gruesa","8":"pa_edad-1-a-2-anos","9":"pa_edad-2-a-3-anos","10":"pa_edad-3-a-4-anos","11":"pa_edad-4-a-5-anos","12":"pa_marca-commotion","14":"first","15":"instock","16":"sale","17":"shipping-taxable","18":"purchasable","19":"product-type-simple"},"aioseo_notices":[],"_links":{"self":[{"href":"https:\/\/aukinkochile.com\/web\/wp-json\/wp\/v2\/product\/630832","targetHints":{"allow":["GET"]}}],"collection":[{"href":"https:\/\/aukinkochile.com\/web\/wp-json\/wp\/v2\/product"}],"about":[{"href":"https:\/\/aukinkochile.com\/web\/wp-json\/wp\/v2\/types\/product"}],"replies":[{"embeddable":true,"href":"https:\/\/aukinkochile.com\/web\/wp-json\/wp\/v2\/comments?post=630832"}],"wp:featuredmedia":[{"embeddable":true,"href":"https:\/\/aukinkochile.com\/web\/wp-json\/wp\/v2\/media\/630831"}],"wp:attachment":[{"href":"https:\/\/aukinkochile.com\/web\/wp-json\/wp\/v2\/media?parent=630832"}],"wp:term":[{"taxonomy":"product_brand","embeddable":true,"href":"https:\/\/aukinkochile.com\/web\/wp-json\/wp\/v2\/product_brand?post=630832"},{"taxonomy":"product_cat","embeddable":true,"href":"https:\/\/aukinkochile.com\/web\/wp-json\/wp\/v2\/product_cat?post=630832"},{"taxonomy":"product_tag","embeddable":true,"href":"https:\/\/aukinkochile.com\/web\/wp-json\/wp\/v2\/product_tag?post=630832"}],"curies":[{"name":"wp","href":"https:\/\/api.w.org\/{rel}","templated":true}]}}