{"id":630830,"date":"2025-01-30T15:51:41","date_gmt":"2025-01-30T15:51:41","guid":{"rendered":"https:\/\/aukinkochile.com\/web\/producto\/matematicas-numeros-encajables-30-pz\/"},"modified":"2025-01-30T15:51:44","modified_gmt":"2025-01-30T15:51:44","slug":"matematicas-numeros-encajables-30-pz","status":"publish","type":"product","link":"https:\/\/aukinkochile.com\/web\/producto\/matematicas-numeros-encajables-30-pz\/","title":{"rendered":"Matem\u00e1ticas N\u00fameros Encajables 30 pz"},"content":{"rendered":"<p>Con este divertido juego los ni\u00f1os y ni\u00f1as pueden comenzar a aprender las operaciones matem\u00e1ticas b\u00e1sicas de una forma muy entretenida. Con las piezas variadas los profesores podr\u00e1n hacer propuestas simples y mas complejas seg\u00fan la edad de los alumnos. Tama\u00f1o piezas de 9 x 6 x 1 cm. De material suave y resistente.<\/p>\n<p><p><strong>Material : <\/strong> Pl\u00e1stico<\/p>\n<p><strong>C\u00f3digo Aukinko : <\/strong> 08-9065<\/p>\n<p><strong>C\u00f3digo Convenio Marco : <\/strong> X<\/p>\n","protected":false},"excerpt":{"rendered":"<p>Con este divertido juego los ni\u00f1os y ni\u00f1as pueden comenzar a aprender las operaciones matem\u00e1ticas b\u00e1sicas de una forma muy entretenida. Con las piezas variadas los profesores podr\u00e1n hacer propuestas simples y mas complejas seg\u00fan la edad de los alumnos. Tama\u00f1o piezas de 9 x 6 x 1 cm. De material suave y resistente. Material [&hellip;]<\/p>\n","protected":false},"featured_media":630829,"comment_status":"open","ping_status":"closed","template":"","meta":{"_et_pb_use_builder":"","_et_pb_old_content":"","_et_gb_content_width":""},"product_brand":[],"product_cat":[91,90],"product_tag":[],"class_list":{"0":"post-630830","1":"product","2":"type-product","3":"status-publish","4":"has-post-thumbnail","6":"product_cat-accesorios-sala","7":"product_cat-matematicas","8":"pa_edad-4-a-5-anos","9":"pa_edad-5-a-6-anos","10":"pa_edad-6-a-8-anos","11":"pa_marca-tiptoys","12":"pa_medidas-19-x-23-x-6-cm","14":"first","15":"instock","16":"shipping-taxable","17":"purchasable","18":"product-type-simple"},"aioseo_notices":[],"_links":{"self":[{"href":"https:\/\/aukinkochile.com\/web\/wp-json\/wp\/v2\/product\/630830","targetHints":{"allow":["GET"]}}],"collection":[{"href":"https:\/\/aukinkochile.com\/web\/wp-json\/wp\/v2\/product"}],"about":[{"href":"https:\/\/aukinkochile.com\/web\/wp-json\/wp\/v2\/types\/product"}],"replies":[{"embeddable":true,"href":"https:\/\/aukinkochile.com\/web\/wp-json\/wp\/v2\/comments?post=630830"}],"wp:featuredmedia":[{"embeddable":true,"href":"https:\/\/aukinkochile.com\/web\/wp-json\/wp\/v2\/media\/630829"}],"wp:attachment":[{"href":"https:\/\/aukinkochile.com\/web\/wp-json\/wp\/v2\/media?parent=630830"}],"wp:term":[{"taxonomy":"product_brand","embeddable":true,"href":"https:\/\/aukinkochile.com\/web\/wp-json\/wp\/v2\/product_brand?post=630830"},{"taxonomy":"product_cat","embeddable":true,"href":"https:\/\/aukinkochile.com\/web\/wp-json\/wp\/v2\/product_cat?post=630830"},{"taxonomy":"product_tag","embeddable":true,"href":"https:\/\/aukinkochile.com\/web\/wp-json\/wp\/v2\/product_tag?post=630830"}],"curies":[{"name":"wp","href":"https:\/\/api.w.org\/{rel}","templated":true}]}}