{"id":630810,"date":"2025-01-28T14:33:18","date_gmt":"2025-01-28T14:33:18","guid":{"rendered":"https:\/\/aukinkochile.com\/web\/producto\/enlazar-superchain-16-pz\/"},"modified":"2025-01-28T14:33:20","modified_gmt":"2025-01-28T14:33:20","slug":"enlazar-superchain-16-pz","status":"publish","type":"product","link":"https:\/\/aukinkochile.com\/web\/producto\/enlazar-superchain-16-pz\/","title":{"rendered":"Enlazar Superchain 16 pz"},"content":{"rendered":"<p>16 piezas de gran tama\u00f1o para ejercicios de manipulaci\u00f3n. Para descubrir los colores y el sentido del tacto ya que cada pieza tiene una textura grabada en su superficie. Livianas, se encajan con una leve presi\u00f3n. contiene 12 fichas de modelo de gran tama\u00f1o.<\/p>\n<p><p><strong>Material : <\/strong> Pl\u00e1stico<\/p>\n<p><strong>C\u00f3digo Aukinko : <\/strong> 12-227364<\/p>\n<p><strong>C\u00f3digo Convenio Marco : <\/strong> X<\/p>\n","protected":false},"excerpt":{"rendered":"<p>16 piezas de gran tama\u00f1o para ejercicios de manipulaci\u00f3n. Para descubrir los colores y el sentido del tacto ya que cada pieza tiene una textura grabada en su superficie. Livianas, se encajan con una leve presi\u00f3n. contiene 12 fichas de modelo de gran tama\u00f1o. Material : Pl\u00e1stico C\u00f3digo Aukinko : 12-227364 C\u00f3digo Convenio Marco : [&hellip;]<\/p>\n","protected":false},"featured_media":623208,"comment_status":"open","ping_status":"closed","template":"","meta":{"_et_pb_use_builder":"","_et_pb_old_content":"","_et_gb_content_width":""},"product_brand":[],"product_cat":[91,21,20],"product_tag":[],"class_list":{"0":"post-630810","1":"product","2":"type-product","3":"status-publish","4":"has-post-thumbnail","6":"product_cat-accesorios-sala","7":"product_cat-arte-y-manipulacion","8":"product_cat-motricidad-fina","9":"pa_edad-1-a-2-anos","10":"pa_edad-2-a-3-anos","11":"pa_edad-3-a-4-anos","12":"pa_marca-miniland","13":"pa_medidas-4336","14":"pa_medidas-5-x-12-cm","15":"pa_medidas-5-x-24","17":"first","18":"instock","19":"shipping-taxable","20":"purchasable","21":"product-type-simple"},"aioseo_notices":[],"_links":{"self":[{"href":"https:\/\/aukinkochile.com\/web\/wp-json\/wp\/v2\/product\/630810","targetHints":{"allow":["GET"]}}],"collection":[{"href":"https:\/\/aukinkochile.com\/web\/wp-json\/wp\/v2\/product"}],"about":[{"href":"https:\/\/aukinkochile.com\/web\/wp-json\/wp\/v2\/types\/product"}],"replies":[{"embeddable":true,"href":"https:\/\/aukinkochile.com\/web\/wp-json\/wp\/v2\/comments?post=630810"}],"wp:featuredmedia":[{"embeddable":true,"href":"https:\/\/aukinkochile.com\/web\/wp-json\/wp\/v2\/media\/623208"}],"wp:attachment":[{"href":"https:\/\/aukinkochile.com\/web\/wp-json\/wp\/v2\/media?parent=630810"}],"wp:term":[{"taxonomy":"product_brand","embeddable":true,"href":"https:\/\/aukinkochile.com\/web\/wp-json\/wp\/v2\/product_brand?post=630810"},{"taxonomy":"product_cat","embeddable":true,"href":"https:\/\/aukinkochile.com\/web\/wp-json\/wp\/v2\/product_cat?post=630810"},{"taxonomy":"product_tag","embeddable":true,"href":"https:\/\/aukinkochile.com\/web\/wp-json\/wp\/v2\/product_tag?post=630810"}],"curies":[{"name":"wp","href":"https:\/\/api.w.org\/{rel}","templated":true}]}}