{"id":630800,"date":"2025-01-28T14:33:05","date_gmt":"2025-01-28T14:33:05","guid":{"rendered":"https:\/\/aukinkochile.com\/web\/producto\/juego-de-mesa-sonidos-animales\/"},"modified":"2025-11-06T18:43:57","modified_gmt":"2025-11-06T18:43:57","slug":"juego-de-mesa-sonidos-animales","status":"publish","type":"product","link":"https:\/\/aukinkochile.com\/web\/producto\/juego-de-mesa-sonidos-animales\/","title":{"rendered":"Juego de Mesa Sonidos Animales"},"content":{"rendered":"<p>Divi\u00e9rtete con el juego de los ruidos de animales que es realmente salvaje. Grabaciones de sonidos verdaderos se suman a la diversi\u00f3n mientras los ni\u00f1os tienen que emparejarlos con la fotograf\u00eda adecuada del tablero. Contiene 4 tableros de juego (20 x 20 cm) con 9 im\u00e1genes cada una (3,5 x 3,5 cm), 1 cd con grabaciones de 36  sonidos de animales y 40 fichas de 2 cm en 4 colores  (rojo, verde, azul y amarillo)<\/p>\n<p><p><strong>Material : <\/strong> Cart\u00f3n Duro<\/p>\n<p><strong>C\u00f3digo Aukinko : <\/strong> 08-21010171<\/p>\n<p><strong>C\u00f3digo Convenio Marco : <\/strong> x<\/p>\n","protected":false},"excerpt":{"rendered":"<p>Divi\u00e9rtete con el juego de los ruidos de animales que es realmente salvaje. Grabaciones de sonidos verdaderos se suman a la diversi\u00f3n mientras los ni\u00f1os tienen que emparejarlos con la fotograf\u00eda adecuada del tablero. Contiene 4 tableros de juego (20 x 20 cm) con 9 im\u00e1genes cada una (3,5 x 3,5 cm), 1 cd con [&hellip;]<\/p>\n","protected":false},"featured_media":625346,"comment_status":"open","ping_status":"closed","template":"","meta":{"_et_pb_use_builder":"","_et_pb_old_content":"","_et_gb_content_width":""},"product_brand":[],"product_cat":[91,149],"product_tag":[],"class_list":{"0":"post-630800","1":"product","2":"type-product","3":"status-publish","4":"has-post-thumbnail","6":"product_cat-accesorios-sala","7":"product_cat-juegos-de-mesa","8":"pa_edad-3-a-4-anos","9":"pa_edad-4-a-5-anos","10":"pa_edad-5-a-6-anos","11":"pa_edad-6-a-8-anos","12":"pa_marca-galt","13":"pa_medidas-4453","14":"pa_medidas-5-x-21","15":"pa_medidas-5-x-5-cm","17":"first","18":"instock","19":"shipping-taxable","20":"purchasable","21":"product-type-simple"},"aioseo_notices":[],"_links":{"self":[{"href":"https:\/\/aukinkochile.com\/web\/wp-json\/wp\/v2\/product\/630800","targetHints":{"allow":["GET"]}}],"collection":[{"href":"https:\/\/aukinkochile.com\/web\/wp-json\/wp\/v2\/product"}],"about":[{"href":"https:\/\/aukinkochile.com\/web\/wp-json\/wp\/v2\/types\/product"}],"replies":[{"embeddable":true,"href":"https:\/\/aukinkochile.com\/web\/wp-json\/wp\/v2\/comments?post=630800"}],"wp:featuredmedia":[{"embeddable":true,"href":"https:\/\/aukinkochile.com\/web\/wp-json\/wp\/v2\/media\/625346"}],"wp:attachment":[{"href":"https:\/\/aukinkochile.com\/web\/wp-json\/wp\/v2\/media?parent=630800"}],"wp:term":[{"taxonomy":"product_brand","embeddable":true,"href":"https:\/\/aukinkochile.com\/web\/wp-json\/wp\/v2\/product_brand?post=630800"},{"taxonomy":"product_cat","embeddable":true,"href":"https:\/\/aukinkochile.com\/web\/wp-json\/wp\/v2\/product_cat?post=630800"},{"taxonomy":"product_tag","embeddable":true,"href":"https:\/\/aukinkochile.com\/web\/wp-json\/wp\/v2\/product_tag?post=630800"}],"curies":[{"name":"wp","href":"https:\/\/api.w.org\/{rel}","templated":true}]}}