{"id":630798,"date":"2025-01-28T14:33:00","date_gmt":"2025-01-28T14:33:00","guid":{"rendered":"https:\/\/aukinkochile.com\/web\/producto\/figura-magica-hada-ophira-munyn\/"},"modified":"2025-06-25T18:05:57","modified_gmt":"2025-06-25T18:05:57","slug":"figura-magica-hada-ophira-munyn","status":"publish","type":"product","link":"https:\/\/aukinkochile.com\/web\/producto\/figura-magica-hada-ophira-munyn\/","title":{"rendered":"Figura M\u00e1gica Hada Ophira &#038; Munyn"},"content":{"rendered":"<p>Dos estrellas de cine de Bayala\u00ae crean una gran sensaci\u00f3n en el pa\u00eds de las hadas. La reina hada de las sombras, Ophira, y su cuervo Munyn tienen todo bajo control y casi se las arreglan para marchitar todas las plantas. Pero no han llegado a un acuerdo con el valiente Kuack. Disfrazado como un cuervo, el peque\u00f1o loro del hada del sol Surah ayuda a salvar el pa\u00eds de las hadas. Ophira y su cuervo pueden ver desde lejos el colorido y alegre festival del drag\u00f3n, que re\u00fane a todas las tribus de hadas en paz. Un d\u00eda ella tambi\u00e9n ser\u00e1 parte del reino de Bayala de nuevo. Juguete dise\u00f1ado con gran detalle en pl\u00e1stico resistente.<\/p>\n<p><p><strong>Material : <\/strong> Pl\u00e1stico Duro<\/p>\n<p><strong>C\u00f3digo Aukinko : <\/strong> 07-670711<\/p>\n<p><strong>C\u00f3digo Convenio Marco : <\/strong> x<\/p>\n","protected":false},"excerpt":{"rendered":"<p>Dos estrellas de cine de Bayala\u00ae crean una gran sensaci\u00f3n en el pa\u00eds de las hadas. La reina hada de las sombras, Ophira, y su cuervo Munyn tienen todo bajo control y casi se las arreglan para marchitar todas las plantas. Pero no han llegado a un acuerdo con el valiente Kuack. Disfrazado como un [&hellip;]<\/p>\n","protected":false},"featured_media":626789,"comment_status":"open","ping_status":"closed","template":"","meta":{"_et_pb_use_builder":"","_et_pb_old_content":"","_et_gb_content_width":""},"product_brand":[],"product_cat":[212],"product_tag":[],"class_list":{"0":"post-630798","1":"product","2":"type-product","3":"status-publish","4":"has-post-thumbnail","6":"product_cat-munecos-y-figuras","7":"pa_edad-10-anos","8":"pa_edad-3-a-4-anos","9":"pa_edad-4-a-5-anos","10":"pa_edad-5-a-6-anos","11":"pa_edad-6-a-8-anos","12":"pa_edad-8-a-10-anos","13":"pa_marca-schleich","14":"pa_medidas-4501","15":"pa_medidas-2-x-18-cm","16":"pa_medidas-5-x-8","18":"first","19":"instock","20":"shipping-taxable","21":"purchasable","22":"product-type-simple"},"aioseo_notices":[],"_links":{"self":[{"href":"https:\/\/aukinkochile.com\/web\/wp-json\/wp\/v2\/product\/630798","targetHints":{"allow":["GET"]}}],"collection":[{"href":"https:\/\/aukinkochile.com\/web\/wp-json\/wp\/v2\/product"}],"about":[{"href":"https:\/\/aukinkochile.com\/web\/wp-json\/wp\/v2\/types\/product"}],"replies":[{"embeddable":true,"href":"https:\/\/aukinkochile.com\/web\/wp-json\/wp\/v2\/comments?post=630798"}],"wp:featuredmedia":[{"embeddable":true,"href":"https:\/\/aukinkochile.com\/web\/wp-json\/wp\/v2\/media\/626789"}],"wp:attachment":[{"href":"https:\/\/aukinkochile.com\/web\/wp-json\/wp\/v2\/media?parent=630798"}],"wp:term":[{"taxonomy":"product_brand","embeddable":true,"href":"https:\/\/aukinkochile.com\/web\/wp-json\/wp\/v2\/product_brand?post=630798"},{"taxonomy":"product_cat","embeddable":true,"href":"https:\/\/aukinkochile.com\/web\/wp-json\/wp\/v2\/product_cat?post=630798"},{"taxonomy":"product_tag","embeddable":true,"href":"https:\/\/aukinkochile.com\/web\/wp-json\/wp\/v2\/product_tag?post=630798"}],"curies":[{"name":"wp","href":"https:\/\/api.w.org\/{rel}","templated":true}]}}