{"id":630797,"date":"2025-01-28T14:32:58","date_gmt":"2025-01-28T14:32:58","guid":{"rendered":"https:\/\/aukinkochile.com\/web\/producto\/figura-magica-lobo-lykos-nugur-piuh\/"},"modified":"2025-06-25T18:05:54","modified_gmt":"2025-06-25T18:05:54","slug":"figura-magica-lobo-lykos-nugur-piuh","status":"publish","type":"product","link":"https:\/\/aukinkochile.com\/web\/producto\/figura-magica-lobo-lykos-nugur-piuh\/","title":{"rendered":"Figura M\u00e1gica Lobo Lykos, Nugur &#038; Piuh"},"content":{"rendered":"<p>El lobo Lykos, el lindo mapache Piuh y el peque\u00f1o beb\u00e9 drag\u00f3n Nugur son las estrellas secretas de la pel\u00edcula Bayala. Los tres se han convertido en amigos \u00edntimos en su aventurado viaje a los padres de Nugur. Desde entonces, no se han vuelto a separar y retozan felices en la naturaleza florida de Bayala. Nugur s\u00f3lo lleva su c\u00e1scara de huevo cuando juega a disfrazarse, mientras que Piuh prefiere mordisquear, devorando todo lo que se le cruce en el camino. Por suerte Lykos los vigila. Juguete dise\u00f1ado con gran detalle en pl\u00e1stico resistente.<\/p>\n<p><p><strong>Material : <\/strong> Pl\u00e1stico Duro<\/p>\n<p><strong>C\u00f3digo Aukinko : <\/strong> 07-670710<\/p>\n<p><strong>C\u00f3digo Convenio Marco : <\/strong> x<\/p>\n","protected":false},"excerpt":{"rendered":"<p>El lobo Lykos, el lindo mapache Piuh y el peque\u00f1o beb\u00e9 drag\u00f3n Nugur son las estrellas secretas de la pel\u00edcula Bayala. Los tres se han convertido en amigos \u00edntimos en su aventurado viaje a los padres de Nugur. Desde entonces, no se han vuelto a separar y retozan felices en la naturaleza florida de Bayala. [&hellip;]<\/p>\n","protected":false},"featured_media":628841,"comment_status":"open","ping_status":"closed","template":"","meta":{"_et_pb_use_builder":"","_et_pb_old_content":"","_et_gb_content_width":""},"product_brand":[],"product_cat":[212],"product_tag":[],"class_list":{"0":"post-630797","1":"product","2":"type-product","3":"status-publish","4":"has-post-thumbnail","6":"product_cat-munecos-y-figuras","7":"pa_edad-10-anos","8":"pa_edad-3-a-4-anos","9":"pa_edad-4-a-5-anos","10":"pa_edad-5-a-6-anos","11":"pa_edad-6-a-8-anos","12":"pa_edad-8-a-10-anos","13":"pa_marca-schleich","14":"pa_medidas-4501","15":"pa_medidas-2-x-18-cm","16":"pa_medidas-5-x-8","18":"first","19":"instock","20":"shipping-taxable","21":"purchasable","22":"product-type-simple"},"aioseo_notices":[],"_links":{"self":[{"href":"https:\/\/aukinkochile.com\/web\/wp-json\/wp\/v2\/product\/630797","targetHints":{"allow":["GET"]}}],"collection":[{"href":"https:\/\/aukinkochile.com\/web\/wp-json\/wp\/v2\/product"}],"about":[{"href":"https:\/\/aukinkochile.com\/web\/wp-json\/wp\/v2\/types\/product"}],"replies":[{"embeddable":true,"href":"https:\/\/aukinkochile.com\/web\/wp-json\/wp\/v2\/comments?post=630797"}],"wp:featuredmedia":[{"embeddable":true,"href":"https:\/\/aukinkochile.com\/web\/wp-json\/wp\/v2\/media\/628841"}],"wp:attachment":[{"href":"https:\/\/aukinkochile.com\/web\/wp-json\/wp\/v2\/media?parent=630797"}],"wp:term":[{"taxonomy":"product_brand","embeddable":true,"href":"https:\/\/aukinkochile.com\/web\/wp-json\/wp\/v2\/product_brand?post=630797"},{"taxonomy":"product_cat","embeddable":true,"href":"https:\/\/aukinkochile.com\/web\/wp-json\/wp\/v2\/product_cat?post=630797"},{"taxonomy":"product_tag","embeddable":true,"href":"https:\/\/aukinkochile.com\/web\/wp-json\/wp\/v2\/product_tag?post=630797"}],"curies":[{"name":"wp","href":"https:\/\/api.w.org\/{rel}","templated":true}]}}