{"id":630790,"date":"2025-01-28T14:32:44","date_gmt":"2025-01-28T14:32:44","guid":{"rendered":"https:\/\/aukinkochile.com\/web\/producto\/cometa-spirit\/"},"modified":"2025-01-28T14:32:48","modified_gmt":"2025-01-28T14:32:48","slug":"cometa-spirit","status":"publish","type":"product","link":"https:\/\/aukinkochile.com\/web\/producto\/cometa-spirit\/","title":{"rendered":"Cometa Spirit"},"content":{"rendered":"<p>Bajo la marca Air Sport \u2122, G\u00fcnther ofrece cometas acrob\u00e1ticas profesionales de m\u00e1xima calidad.\u00a0Dise\u00f1ados por practicantes de kitesurf profesionales, tienen excelentes propiedades de vuelo, lo que facilita incluso a los principiantes la realizaci\u00f3n de trucos.\u00a0Gracias a las velas de poli\u00e9ster ripstop con costuras taladas planas extremadamente duraderas, estas cometas se pueden controlar f\u00e1cilmente y hacen muy poco ruido.\u00a0Cada cometa acrob\u00e1tica air sport \u2122 viene en una bolsa de poli\u00e9ster de alta calidad con instrucciones detalladas de vuelo (manual del piloto).<\/p>\n<p><p><strong>Material : <\/strong> Poli\u00e9ster<\/p>\n<p><strong>C\u00f3digo Aukinko : <\/strong> 05-1029<\/p>\n<p><strong>C\u00f3digo Convenio Marco : <\/strong> x<\/p>\n","protected":false},"excerpt":{"rendered":"<p>Bajo la marca Air Sport \u2122, G\u00fcnther ofrece cometas acrob\u00e1ticas profesionales de m\u00e1xima calidad.\u00a0Dise\u00f1ados por practicantes de kitesurf profesionales, tienen excelentes propiedades de vuelo, lo que facilita incluso a los principiantes la realizaci\u00f3n de trucos.\u00a0Gracias a las velas de poli\u00e9ster ripstop con costuras taladas planas extremadamente duraderas, estas cometas se pueden controlar f\u00e1cilmente y hacen [&hellip;]<\/p>\n","protected":false},"featured_media":623306,"comment_status":"open","ping_status":"closed","template":"","meta":{"_et_pb_use_builder":"","_et_pb_old_content":"","_et_gb_content_width":""},"product_brand":[],"product_cat":[1005,18],"product_tag":[],"class_list":{"0":"post-630790","1":"product","2":"type-product","3":"status-publish","4":"has-post-thumbnail","6":"product_cat-accesorios-patio","7":"product_cat-motricidad-gruesa","8":"pa_edad-10-anos","9":"pa_edad-8-a-10-anos","10":"pa_marca-gunther","11":"pa_medidas-125-x-54-cm","13":"first","14":"instock","15":"shipping-taxable","16":"purchasable","17":"product-type-simple"},"aioseo_notices":[],"_links":{"self":[{"href":"https:\/\/aukinkochile.com\/web\/wp-json\/wp\/v2\/product\/630790","targetHints":{"allow":["GET"]}}],"collection":[{"href":"https:\/\/aukinkochile.com\/web\/wp-json\/wp\/v2\/product"}],"about":[{"href":"https:\/\/aukinkochile.com\/web\/wp-json\/wp\/v2\/types\/product"}],"replies":[{"embeddable":true,"href":"https:\/\/aukinkochile.com\/web\/wp-json\/wp\/v2\/comments?post=630790"}],"wp:featuredmedia":[{"embeddable":true,"href":"https:\/\/aukinkochile.com\/web\/wp-json\/wp\/v2\/media\/623306"}],"wp:attachment":[{"href":"https:\/\/aukinkochile.com\/web\/wp-json\/wp\/v2\/media?parent=630790"}],"wp:term":[{"taxonomy":"product_brand","embeddable":true,"href":"https:\/\/aukinkochile.com\/web\/wp-json\/wp\/v2\/product_brand?post=630790"},{"taxonomy":"product_cat","embeddable":true,"href":"https:\/\/aukinkochile.com\/web\/wp-json\/wp\/v2\/product_cat?post=630790"},{"taxonomy":"product_tag","embeddable":true,"href":"https:\/\/aukinkochile.com\/web\/wp-json\/wp\/v2\/product_tag?post=630790"}],"curies":[{"name":"wp","href":"https:\/\/api.w.org\/{rel}","templated":true}]}}