{"id":630725,"date":"2024-12-26T14:55:38","date_gmt":"2024-12-26T14:55:38","guid":{"rendered":"https:\/\/aukinkochile.com\/web\/producto\/formas-magicas-81-pz\/"},"modified":"2024-12-26T14:57:29","modified_gmt":"2024-12-26T14:57:29","slug":"formas-magicas-81-pz","status":"publish","type":"product","link":"https:\/\/aukinkochile.com\/web\/producto\/formas-magicas-81-pz\/","title":{"rendered":"Formas M\u00e1gicas 81 pz"},"content":{"rendered":"<p>Divertido set de formas magn\u00e9ticas para pasar horas de diversi\u00f3n. Con este juego los ni\u00f1os y ni\u00f1as podr\u00e1n hacer las construcciones m\u00e1s divertidas con mucha facilidad gracias a su agarre magn\u00e9tico. Fabricado en material suave y resistente con colores vivos. Una entretenida propuesta para aprender formas y colores y desarrollar la imaginac\u00f3n y la creatividad. Contiene 81 piezas que vienen en un tonel pl\u00e1stico con agarradera para hacerlo f\u00e1cil de llevar a todas partes.<\/p>\n<p><p><strong>Material : <\/strong> Goma<\/p>\n<p><strong>C\u00f3digo Aukinko : <\/strong> 18-5750054<\/p>\n<p><strong>C\u00f3digo Convenio Marco : <\/strong> x<\/p>\n","protected":false},"excerpt":{"rendered":"<p>Divertido set de formas magn\u00e9ticas para pasar horas de diversi\u00f3n. Con este juego los ni\u00f1os y ni\u00f1as podr\u00e1n hacer las construcciones m\u00e1s divertidas con mucha facilidad gracias a su agarre magn\u00e9tico. Fabricado en material suave y resistente con colores vivos. Una entretenida propuesta para aprender formas y colores y desarrollar la imaginac\u00f3n y la creatividad. [&hellip;]<\/p>\n","protected":false},"featured_media":630724,"comment_status":"open","ping_status":"closed","template":"","meta":{"_et_pb_use_builder":"","_et_pb_old_content":"","_et_gb_content_width":""},"product_brand":[],"product_cat":[19],"product_tag":[],"class_list":{"0":"post-630725","1":"product","2":"type-product","3":"status-publish","4":"has-post-thumbnail","6":"product_cat-construccion","7":"pa_edad-2-a-3-anos","8":"pa_edad-3-a-4-anos","9":"pa_edad-4-a-5-anos","10":"pa_marca-edushape","11":"pa_medidas-15-x-15-x-12-cm","13":"first","14":"instock","15":"shipping-taxable","16":"purchasable","17":"product-type-simple"},"aioseo_notices":[],"_links":{"self":[{"href":"https:\/\/aukinkochile.com\/web\/wp-json\/wp\/v2\/product\/630725","targetHints":{"allow":["GET"]}}],"collection":[{"href":"https:\/\/aukinkochile.com\/web\/wp-json\/wp\/v2\/product"}],"about":[{"href":"https:\/\/aukinkochile.com\/web\/wp-json\/wp\/v2\/types\/product"}],"replies":[{"embeddable":true,"href":"https:\/\/aukinkochile.com\/web\/wp-json\/wp\/v2\/comments?post=630725"}],"wp:featuredmedia":[{"embeddable":true,"href":"https:\/\/aukinkochile.com\/web\/wp-json\/wp\/v2\/media\/630724"}],"wp:attachment":[{"href":"https:\/\/aukinkochile.com\/web\/wp-json\/wp\/v2\/media?parent=630725"}],"wp:term":[{"taxonomy":"product_brand","embeddable":true,"href":"https:\/\/aukinkochile.com\/web\/wp-json\/wp\/v2\/product_brand?post=630725"},{"taxonomy":"product_cat","embeddable":true,"href":"https:\/\/aukinkochile.com\/web\/wp-json\/wp\/v2\/product_cat?post=630725"},{"taxonomy":"product_tag","embeddable":true,"href":"https:\/\/aukinkochile.com\/web\/wp-json\/wp\/v2\/product_tag?post=630725"}],"curies":[{"name":"wp","href":"https:\/\/api.w.org\/{rel}","templated":true}]}}