{"id":630721,"date":"2024-12-26T14:55:34","date_gmt":"2024-12-26T14:55:34","guid":{"rendered":"https:\/\/aukinkochile.com\/web\/producto\/pelota-arcoiris-17-cm\/"},"modified":"2024-12-26T14:57:22","modified_gmt":"2024-12-26T14:57:22","slug":"pelota-arcoiris-17-cm","status":"publish","type":"product","link":"https:\/\/aukinkochile.com\/web\/producto\/pelota-arcoiris-17-cm\/","title":{"rendered":"Pelota Arco\u00edris 17 cm"},"content":{"rendered":"<p>Pelota con bolas de colores en su interior. Esta cautivadora pelota transparente al lanzarla las bolas bailan en el interior. 17 cm di\u00e1metro<\/p>\n<p><p><strong>Material : <\/strong> Goma<\/p>\n<p><strong>C\u00f3digo Aukinko : <\/strong> 18-5705373<\/p>\n<p><strong>C\u00f3digo Convenio Marco : <\/strong> x<\/p>\n","protected":false},"excerpt":{"rendered":"<p>Pelota con bolas de colores en su interior. Esta cautivadora pelota transparente al lanzarla las bolas bailan en el interior. 17 cm di\u00e1metro Material : Goma C\u00f3digo Aukinko : 18-5705373 C\u00f3digo Convenio Marco : x<\/p>\n","protected":false},"featured_media":628213,"comment_status":"open","ping_status":"closed","template":"","meta":{"_et_pb_use_builder":"","_et_pb_old_content":"","_et_gb_content_width":""},"product_brand":[],"product_cat":[91,18,23],"product_tag":[],"class_list":{"0":"post-630721","1":"product","2":"type-product","3":"status-publish","4":"has-post-thumbnail","6":"product_cat-accesorios-sala","7":"product_cat-motricidad-gruesa","8":"product_cat-primeros-anos","9":"pa_edad-0-a-1-ano","10":"pa_edad-1-a-2-anos","11":"pa_edad-2-a-3-anos","12":"pa_edad-3-a-4-anos","13":"pa_edad-4-a-5-anos","14":"pa_marca-edushape","15":"pa_medidas-21-x-18-x-23-cm-caja","17":"first","18":"instock","19":"shipping-taxable","20":"purchasable","21":"product-type-simple"},"aioseo_notices":[],"_links":{"self":[{"href":"https:\/\/aukinkochile.com\/web\/wp-json\/wp\/v2\/product\/630721","targetHints":{"allow":["GET"]}}],"collection":[{"href":"https:\/\/aukinkochile.com\/web\/wp-json\/wp\/v2\/product"}],"about":[{"href":"https:\/\/aukinkochile.com\/web\/wp-json\/wp\/v2\/types\/product"}],"replies":[{"embeddable":true,"href":"https:\/\/aukinkochile.com\/web\/wp-json\/wp\/v2\/comments?post=630721"}],"wp:featuredmedia":[{"embeddable":true,"href":"https:\/\/aukinkochile.com\/web\/wp-json\/wp\/v2\/media\/628213"}],"wp:attachment":[{"href":"https:\/\/aukinkochile.com\/web\/wp-json\/wp\/v2\/media?parent=630721"}],"wp:term":[{"taxonomy":"product_brand","embeddable":true,"href":"https:\/\/aukinkochile.com\/web\/wp-json\/wp\/v2\/product_brand?post=630721"},{"taxonomy":"product_cat","embeddable":true,"href":"https:\/\/aukinkochile.com\/web\/wp-json\/wp\/v2\/product_cat?post=630721"},{"taxonomy":"product_tag","embeddable":true,"href":"https:\/\/aukinkochile.com\/web\/wp-json\/wp\/v2\/product_tag?post=630721"}],"curies":[{"name":"wp","href":"https:\/\/api.w.org\/{rel}","templated":true}]}}