{"id":630719,"date":"2024-12-26T14:55:32","date_gmt":"2024-12-26T14:55:32","guid":{"rendered":"https:\/\/aukinkochile.com\/web\/producto\/espejo-color-set-4-pz\/"},"modified":"2026-03-27T17:00:07","modified_gmt":"2026-03-27T17:00:07","slug":"espejo-color-set-4-pz","status":"publish","type":"product","link":"https:\/\/aukinkochile.com\/web\/producto\/espejo-color-set-4-pz\/","title":{"rendered":"Espejo Color set 4 pz"},"content":{"rendered":"<p>Set de 4 espejos seguros y suaves para ni\u00f1os, en cuatro colores y formas diferentes. Ideal para reconocer formas y colores. De excelente calidad. Seguros para los ni\u00f1os, suaves y livianos.<\/p>\n<p><p><strong>Material : <\/strong> Espuma<\/p>\n<p><strong>C\u00f3digo Aukinko : <\/strong> 18-5526040<\/p>\n<p><strong>C\u00f3digo Convenio Marco : <\/strong> x<\/p>\n","protected":false},"excerpt":{"rendered":"<p>Set de 4 espejos seguros y suaves para ni\u00f1os, en cuatro colores y formas diferentes. Ideal para reconocer formas y colores. De excelente calidad. Seguros para los ni\u00f1os, suaves y livianos. Material : Espuma C\u00f3digo Aukinko : 18-5526040 C\u00f3digo Convenio Marco : x<\/p>\n","protected":false},"featured_media":624500,"comment_status":"open","ping_status":"closed","template":"","meta":{"_et_pb_use_builder":"","_et_pb_old_content":"","_et_gb_content_width":""},"product_brand":[],"product_cat":[91,23],"product_tag":[],"class_list":{"0":"post-630719","1":"product","2":"type-product","3":"status-publish","4":"has-post-thumbnail","6":"product_cat-accesorios-sala","7":"product_cat-primeros-anos","8":"pa_edad-1-a-2-anos","9":"pa_edad-2-a-3-anos","10":"pa_marca-edushape","11":"pa_medidas-28-x-3","12":"pa_medidas-5-x-31-cm","14":"first","15":"instock","16":"shipping-taxable","17":"purchasable","18":"product-type-simple"},"aioseo_notices":[],"_links":{"self":[{"href":"https:\/\/aukinkochile.com\/web\/wp-json\/wp\/v2\/product\/630719","targetHints":{"allow":["GET"]}}],"collection":[{"href":"https:\/\/aukinkochile.com\/web\/wp-json\/wp\/v2\/product"}],"about":[{"href":"https:\/\/aukinkochile.com\/web\/wp-json\/wp\/v2\/types\/product"}],"replies":[{"embeddable":true,"href":"https:\/\/aukinkochile.com\/web\/wp-json\/wp\/v2\/comments?post=630719"}],"wp:featuredmedia":[{"embeddable":true,"href":"https:\/\/aukinkochile.com\/web\/wp-json\/wp\/v2\/media\/624500"}],"wp:attachment":[{"href":"https:\/\/aukinkochile.com\/web\/wp-json\/wp\/v2\/media?parent=630719"}],"wp:term":[{"taxonomy":"product_brand","embeddable":true,"href":"https:\/\/aukinkochile.com\/web\/wp-json\/wp\/v2\/product_brand?post=630719"},{"taxonomy":"product_cat","embeddable":true,"href":"https:\/\/aukinkochile.com\/web\/wp-json\/wp\/v2\/product_cat?post=630719"},{"taxonomy":"product_tag","embeddable":true,"href":"https:\/\/aukinkochile.com\/web\/wp-json\/wp\/v2\/product_tag?post=630719"}],"curies":[{"name":"wp","href":"https:\/\/api.w.org\/{rel}","templated":true}]}}