{"id":630718,"date":"2024-12-26T14:55:31","date_gmt":"2024-12-26T14:55:31","guid":{"rendered":"https:\/\/aukinkochile.com\/web\/producto\/pelota-textura-boho-chic\/"},"modified":"2024-12-26T14:57:08","modified_gmt":"2024-12-26T14:57:08","slug":"pelota-textura-boho-chic","status":"publish","type":"product","link":"https:\/\/aukinkochile.com\/web\/producto\/pelota-textura-boho-chic\/","title":{"rendered":"Pelota Textura Boho Chic"},"content":{"rendered":"<p>Esta hermosa pelota sensorial original de Edushape de color suave y gran calidad es excelente para el desarrollo de los m\u00e1s peque\u00f1os. Si existe un juguete universal para el desarrollo infantil esta pelota es ese juguete. Dise\u00f1ada para desarrollar la sensibilidad a trav\u00e9s de texturas y la motricidad gruesa a trav\u00e9s del rebote y el movimiento del beb\u00e9. Tiene 8 patrones t\u00e1ctiles para maximizar la estimulaci\u00f3n sensorial. Fabricada en material suave y resistente. 25 cm de di\u00e1metro.<\/p>\n<p><p><strong>Material : <\/strong> Goma<\/p>\n<p><strong>C\u00f3digo Aukinko : <\/strong> 18-5005353<\/p>\n<p><strong>C\u00f3digo Convenio Marco : <\/strong> x<\/p>\n","protected":false},"excerpt":{"rendered":"<p>Esta hermosa pelota sensorial original de Edushape de color suave y gran calidad es excelente para el desarrollo de los m\u00e1s peque\u00f1os. Si existe un juguete universal para el desarrollo infantil esta pelota es ese juguete. Dise\u00f1ada para desarrollar la sensibilidad a trav\u00e9s de texturas y la motricidad gruesa a trav\u00e9s del rebote y el [&hellip;]<\/p>\n","protected":false},"featured_media":630717,"comment_status":"open","ping_status":"closed","template":"","meta":{"_et_pb_use_builder":"","_et_pb_old_content":"","_et_gb_content_width":""},"product_brand":[],"product_cat":[148,18,23],"product_tag":[],"class_list":{"0":"post-630718","1":"product","2":"type-product","3":"status-publish","4":"has-post-thumbnail","6":"product_cat-deportes","7":"product_cat-motricidad-gruesa","8":"product_cat-primeros-anos","9":"pa_edad-0-a-1-ano","10":"pa_edad-1-a-2-anos","11":"pa_edad-2-a-3-anos","12":"pa_marca-edushape","13":"pa_medidas-25-cm","15":"first","16":"instock","17":"shipping-taxable","18":"purchasable","19":"product-type-simple"},"aioseo_notices":[],"_links":{"self":[{"href":"https:\/\/aukinkochile.com\/web\/wp-json\/wp\/v2\/product\/630718","targetHints":{"allow":["GET"]}}],"collection":[{"href":"https:\/\/aukinkochile.com\/web\/wp-json\/wp\/v2\/product"}],"about":[{"href":"https:\/\/aukinkochile.com\/web\/wp-json\/wp\/v2\/types\/product"}],"replies":[{"embeddable":true,"href":"https:\/\/aukinkochile.com\/web\/wp-json\/wp\/v2\/comments?post=630718"}],"wp:featuredmedia":[{"embeddable":true,"href":"https:\/\/aukinkochile.com\/web\/wp-json\/wp\/v2\/media\/630717"}],"wp:attachment":[{"href":"https:\/\/aukinkochile.com\/web\/wp-json\/wp\/v2\/media?parent=630718"}],"wp:term":[{"taxonomy":"product_brand","embeddable":true,"href":"https:\/\/aukinkochile.com\/web\/wp-json\/wp\/v2\/product_brand?post=630718"},{"taxonomy":"product_cat","embeddable":true,"href":"https:\/\/aukinkochile.com\/web\/wp-json\/wp\/v2\/product_cat?post=630718"},{"taxonomy":"product_tag","embeddable":true,"href":"https:\/\/aukinkochile.com\/web\/wp-json\/wp\/v2\/product_tag?post=630718"}],"curies":[{"name":"wp","href":"https:\/\/api.w.org\/{rel}","templated":true}]}}