{"id":630706,"date":"2024-12-23T00:16:57","date_gmt":"2024-12-23T00:16:57","guid":{"rendered":"https:\/\/aukinkochile.com\/web\/producto\/instrumento-pandereta-tamborine-baby-c-u\/"},"modified":"2026-03-27T16:56:26","modified_gmt":"2026-03-27T16:56:26","slug":"instrumento-pandereta-tamborine-baby-c-u","status":"publish","type":"product","link":"https:\/\/aukinkochile.com\/web\/producto\/instrumento-pandereta-tamborine-baby-c-u\/","title":{"rendered":"Instrumento Pandereta Tamborine Baby c\/u"},"content":{"rendered":"<p>Pandereta con 4 platillos cubiertos, de atractivo dise\u00f1o y excelente sonido. liviano y resistente, de material seguro. precio por unidad.<\/p>\n<p><p><strong>Material : <\/strong> Pl\u00e1stico<\/p>\n<p><strong>C\u00f3digo Aukinko : <\/strong> 12-660800<\/p>\n<p><strong>C\u00f3digo Convenio Marco : <\/strong> x<\/p>\n","protected":false},"excerpt":{"rendered":"<p>Pandereta con 4 platillos cubiertos, de atractivo dise\u00f1o y excelente sonido. liviano y resistente, de material seguro. precio por unidad. Material : Pl\u00e1stico C\u00f3digo Aukinko : 12-660800 C\u00f3digo Convenio Marco : x<\/p>\n","protected":false},"featured_media":627460,"comment_status":"open","ping_status":"closed","template":"","meta":{"_et_pb_use_builder":"","_et_pb_old_content":"","_et_gb_content_width":""},"product_brand":[],"product_cat":[91,7385],"product_tag":[],"class_list":{"0":"post-630706","1":"product","2":"type-product","3":"status-publish","4":"has-post-thumbnail","6":"product_cat-accesorios-sala","7":"product_cat-estimulacion-cognitiva-y-motora-para-adultos-mayores","8":"pa_marca-halilit","9":"pa_medidas-4320","10":"pa_medidas-5-cm","11":"pa_medidas-7-x-4-x-20","13":"first","14":"instock","15":"shipping-taxable","16":"purchasable","17":"product-type-simple"},"aioseo_notices":[],"_links":{"self":[{"href":"https:\/\/aukinkochile.com\/web\/wp-json\/wp\/v2\/product\/630706","targetHints":{"allow":["GET"]}}],"collection":[{"href":"https:\/\/aukinkochile.com\/web\/wp-json\/wp\/v2\/product"}],"about":[{"href":"https:\/\/aukinkochile.com\/web\/wp-json\/wp\/v2\/types\/product"}],"replies":[{"embeddable":true,"href":"https:\/\/aukinkochile.com\/web\/wp-json\/wp\/v2\/comments?post=630706"}],"wp:featuredmedia":[{"embeddable":true,"href":"https:\/\/aukinkochile.com\/web\/wp-json\/wp\/v2\/media\/627460"}],"wp:attachment":[{"href":"https:\/\/aukinkochile.com\/web\/wp-json\/wp\/v2\/media?parent=630706"}],"wp:term":[{"taxonomy":"product_brand","embeddable":true,"href":"https:\/\/aukinkochile.com\/web\/wp-json\/wp\/v2\/product_brand?post=630706"},{"taxonomy":"product_cat","embeddable":true,"href":"https:\/\/aukinkochile.com\/web\/wp-json\/wp\/v2\/product_cat?post=630706"},{"taxonomy":"product_tag","embeddable":true,"href":"https:\/\/aukinkochile.com\/web\/wp-json\/wp\/v2\/product_tag?post=630706"}],"curies":[{"name":"wp","href":"https:\/\/api.w.org\/{rel}","templated":true}]}}