{"id":630704,"date":"2024-12-23T00:16:54","date_gmt":"2024-12-23T00:16:54","guid":{"rendered":"https:\/\/aukinkochile.com\/web\/producto\/instrumento-bongos-baby\/"},"modified":"2025-11-26T21:59:05","modified_gmt":"2025-11-26T21:59:05","slug":"instrumento-bongos-baby","status":"publish","type":"product","link":"https:\/\/aukinkochile.com\/web\/producto\/instrumento-bongos-baby\/","title":{"rendered":"Instrumento Bongos Baby"},"content":{"rendered":"<p>Bongo especialmente dise\u00f1ado para los mas peque\u00f1os. desarrolla la coordinaci\u00f3n y la creatividad y les da la oportunidad de explorar el ritmo. de dise\u00f1o colorido. colores surtidos.<\/p>\n<p><p><strong>Material : <\/strong> Pl\u00e1stico<\/p>\n<p><strong>C\u00f3digo Aukinko : <\/strong> 12-681600<\/p>\n<p><strong>C\u00f3digo Convenio Marco : <\/strong> x<\/p>\n","protected":false},"excerpt":{"rendered":"<p>Bongo especialmente dise\u00f1ado para los mas peque\u00f1os. desarrolla la coordinaci\u00f3n y la creatividad y les da la oportunidad de explorar el ritmo. de dise\u00f1o colorido. colores surtidos. Material : Pl\u00e1stico C\u00f3digo Aukinko : 12-681600 C\u00f3digo Convenio Marco : x<\/p>\n","protected":false},"featured_media":627464,"comment_status":"open","ping_status":"closed","template":"","meta":{"_et_pb_use_builder":"","_et_pb_old_content":"","_et_gb_content_width":""},"product_brand":[],"product_cat":[91,392],"product_tag":[],"class_list":{"0":"post-630704","1":"product","2":"type-product","3":"status-publish","4":"has-post-thumbnail","6":"product_cat-accesorios-sala","7":"product_cat-musica","8":"pa_edad-1-a-2-anos","9":"pa_edad-2-a-3-anos","10":"pa_edad-3-a-4-anos","11":"pa_edad-4-a-5-anos","12":"pa_edad-5-a-6-anos","13":"pa_marca-halilit","14":"pa_medidas-4362","15":"pa_medidas-5-cm","16":"pa_medidas-5-x-14","17":"pa_medidas-5-x-9","19":"first","20":"instock","21":"shipping-taxable","22":"purchasable","23":"product-type-simple"},"aioseo_notices":[],"_links":{"self":[{"href":"https:\/\/aukinkochile.com\/web\/wp-json\/wp\/v2\/product\/630704","targetHints":{"allow":["GET"]}}],"collection":[{"href":"https:\/\/aukinkochile.com\/web\/wp-json\/wp\/v2\/product"}],"about":[{"href":"https:\/\/aukinkochile.com\/web\/wp-json\/wp\/v2\/types\/product"}],"replies":[{"embeddable":true,"href":"https:\/\/aukinkochile.com\/web\/wp-json\/wp\/v2\/comments?post=630704"}],"wp:featuredmedia":[{"embeddable":true,"href":"https:\/\/aukinkochile.com\/web\/wp-json\/wp\/v2\/media\/627464"}],"wp:attachment":[{"href":"https:\/\/aukinkochile.com\/web\/wp-json\/wp\/v2\/media?parent=630704"}],"wp:term":[{"taxonomy":"product_brand","embeddable":true,"href":"https:\/\/aukinkochile.com\/web\/wp-json\/wp\/v2\/product_brand?post=630704"},{"taxonomy":"product_cat","embeddable":true,"href":"https:\/\/aukinkochile.com\/web\/wp-json\/wp\/v2\/product_cat?post=630704"},{"taxonomy":"product_tag","embeddable":true,"href":"https:\/\/aukinkochile.com\/web\/wp-json\/wp\/v2\/product_tag?post=630704"}],"curies":[{"name":"wp","href":"https:\/\/api.w.org\/{rel}","templated":true}]}}