{"id":630700,"date":"2024-12-23T00:16:50","date_gmt":"2024-12-23T00:16:50","guid":{"rendered":"https:\/\/aukinkochile.com\/web\/producto\/instrumento-pandereta-tambourine-c-u\/"},"modified":"2025-11-26T21:59:03","modified_gmt":"2025-11-26T21:59:03","slug":"instrumento-pandereta-tambourine-c-u","status":"publish","type":"product","link":"https:\/\/aukinkochile.com\/web\/producto\/instrumento-pandereta-tambourine-c-u\/","title":{"rendered":"Instrumento Pandereta Tambourine c\/u"},"content":{"rendered":"<p>Hermoso tambor de tres colores con tres pares de sonajas met\u00e1licas para hacer la m\u00fasica mas divertida con sonidos bien definidos. con todos los productos de esta hermosa marca te invitamos a introducir a los ni\u00f1os en el m\u00e1gico mundo de la m\u00fasica y el ritmo a trav\u00e9s de una hermosa gama de juguetes musicales, dise\u00f1ados y desarrollados especialmente para los m\u00e1s peque\u00f1os.\u00a0todos los productos halilit cumplen con los m\u00e1s altos est\u00e1ndares de seguridad, y no hay mejor manera de fomentar el desarrollo de un ni\u00f1o que a trav\u00e9s de aut\u00e9nticos instrumentos musicales.\u00a0estos fant\u00e1sticos juguetes ofrecen infinitas oportunidades para desarrollar las habilidades de sus hijos. colores surtidos. precios por unidad.<\/p>\n<p><p><strong>Material : <\/strong> Pl\u00e1stico<\/p>\n<p><strong>C\u00f3digo Aukinko : <\/strong> 12-660200<\/p>\n<p><strong>C\u00f3digo Convenio Marco : <\/strong> x<\/p>\n","protected":false},"excerpt":{"rendered":"<p>Hermoso tambor de tres colores con tres pares de sonajas met\u00e1licas para hacer la m\u00fasica mas divertida con sonidos bien definidos. con todos los productos de esta hermosa marca te invitamos a introducir a los ni\u00f1os en el m\u00e1gico mundo de la m\u00fasica y el ritmo a trav\u00e9s de una hermosa gama de juguetes musicales, [&hellip;]<\/p>\n","protected":false},"featured_media":633379,"comment_status":"open","ping_status":"closed","template":"","meta":{"_et_pb_use_builder":"","_et_pb_old_content":"","_et_gb_content_width":""},"product_brand":[],"product_cat":[91,392],"product_tag":[],"class_list":{"0":"post-630700","1":"product","2":"type-product","3":"status-publish","4":"has-post-thumbnail","6":"product_cat-accesorios-sala","7":"product_cat-musica","8":"pa_edad-2-a-3-anos","9":"pa_edad-3-a-4-anos","10":"pa_edad-4-a-5-anos","11":"pa_edad-5-a-6-anos","12":"pa_edad-6-a-8-anos","13":"pa_marca-halilit","14":"pa_medidas-4317","15":"pa_medidas-2-x-4-x-19","16":"pa_medidas-5-cm","18":"first","19":"instock","20":"shipping-taxable","21":"purchasable","22":"product-type-simple"},"aioseo_notices":[],"_links":{"self":[{"href":"https:\/\/aukinkochile.com\/web\/wp-json\/wp\/v2\/product\/630700","targetHints":{"allow":["GET"]}}],"collection":[{"href":"https:\/\/aukinkochile.com\/web\/wp-json\/wp\/v2\/product"}],"about":[{"href":"https:\/\/aukinkochile.com\/web\/wp-json\/wp\/v2\/types\/product"}],"replies":[{"embeddable":true,"href":"https:\/\/aukinkochile.com\/web\/wp-json\/wp\/v2\/comments?post=630700"}],"wp:featuredmedia":[{"embeddable":true,"href":"https:\/\/aukinkochile.com\/web\/wp-json\/wp\/v2\/media\/633379"}],"wp:attachment":[{"href":"https:\/\/aukinkochile.com\/web\/wp-json\/wp\/v2\/media?parent=630700"}],"wp:term":[{"taxonomy":"product_brand","embeddable":true,"href":"https:\/\/aukinkochile.com\/web\/wp-json\/wp\/v2\/product_brand?post=630700"},{"taxonomy":"product_cat","embeddable":true,"href":"https:\/\/aukinkochile.com\/web\/wp-json\/wp\/v2\/product_cat?post=630700"},{"taxonomy":"product_tag","embeddable":true,"href":"https:\/\/aukinkochile.com\/web\/wp-json\/wp\/v2\/product_tag?post=630700"}],"curies":[{"name":"wp","href":"https:\/\/api.w.org\/{rel}","templated":true}]}}