{"id":630699,"date":"2024-12-23T00:16:49","date_gmt":"2024-12-23T00:16:49","guid":{"rendered":"https:\/\/aukinkochile.com\/web\/producto\/instrumento-percusion-hi-lo-stage-6-pz\/"},"modified":"2025-11-26T21:59:03","modified_gmt":"2025-11-26T21:59:03","slug":"instrumento-percusion-hi-lo-stage-6-pz","status":"publish","type":"product","link":"https:\/\/aukinkochile.com\/web\/producto\/instrumento-percusion-hi-lo-stage-6-pz\/","title":{"rendered":"Instrumento Percusi\u00f3n Hi Lo Stage set 6"},"content":{"rendered":"<p>Conjunto de 4 instrumentos musicales perfectos para la introducci\u00f3n al ritmo. dise\u00f1ados para ser seguros para los mas peque\u00f1os. 4 fascinantes instrumentos musicales que estimulan el descubrimiento de sonidos. todos con mango texturizados para facilitar el agarre.<\/p>\n<p><p><strong>Material : <\/strong> Pl\u00e1stico<\/p>\n<p><strong>C\u00f3digo Aukinko : <\/strong> 12-660000<\/p>\n<p><strong>C\u00f3digo Convenio Marco : <\/strong> x<\/p>\n","protected":false},"excerpt":{"rendered":"<p>Conjunto de 4 instrumentos musicales perfectos para la introducci\u00f3n al ritmo. dise\u00f1ados para ser seguros para los mas peque\u00f1os. 4 fascinantes instrumentos musicales que estimulan el descubrimiento de sonidos. todos con mango texturizados para facilitar el agarre. Material : Pl\u00e1stico C\u00f3digo Aukinko : 12-660000 C\u00f3digo Convenio Marco : x<\/p>\n","protected":false},"featured_media":595242,"comment_status":"open","ping_status":"closed","template":"","meta":{"_et_pb_use_builder":"","_et_pb_old_content":"","_et_gb_content_width":""},"product_brand":[],"product_cat":[7385,392],"product_tag":[],"class_list":{"0":"post-630699","1":"product","2":"type-product","3":"status-publish","4":"has-post-thumbnail","6":"product_cat-estimulacion-cognitiva-y-motora-para-adultos-mayores","7":"product_cat-musica","8":"pa_edad-10-anos","9":"pa_marca-halilit","10":"pa_medidas-32-x-24-x-10-cm","12":"first","13":"instock","14":"shipping-taxable","15":"purchasable","16":"product-type-simple"},"aioseo_notices":[],"_links":{"self":[{"href":"https:\/\/aukinkochile.com\/web\/wp-json\/wp\/v2\/product\/630699","targetHints":{"allow":["GET"]}}],"collection":[{"href":"https:\/\/aukinkochile.com\/web\/wp-json\/wp\/v2\/product"}],"about":[{"href":"https:\/\/aukinkochile.com\/web\/wp-json\/wp\/v2\/types\/product"}],"replies":[{"embeddable":true,"href":"https:\/\/aukinkochile.com\/web\/wp-json\/wp\/v2\/comments?post=630699"}],"wp:featuredmedia":[{"embeddable":true,"href":"https:\/\/aukinkochile.com\/web\/wp-json\/wp\/v2\/media\/595242"}],"wp:attachment":[{"href":"https:\/\/aukinkochile.com\/web\/wp-json\/wp\/v2\/media?parent=630699"}],"wp:term":[{"taxonomy":"product_brand","embeddable":true,"href":"https:\/\/aukinkochile.com\/web\/wp-json\/wp\/v2\/product_brand?post=630699"},{"taxonomy":"product_cat","embeddable":true,"href":"https:\/\/aukinkochile.com\/web\/wp-json\/wp\/v2\/product_cat?post=630699"},{"taxonomy":"product_tag","embeddable":true,"href":"https:\/\/aukinkochile.com\/web\/wp-json\/wp\/v2\/product_tag?post=630699"}],"curies":[{"name":"wp","href":"https:\/\/api.w.org\/{rel}","templated":true}]}}