{"id":630692,"date":"2024-12-23T00:16:40","date_gmt":"2024-12-23T00:16:40","guid":{"rendered":"https:\/\/aukinkochile.com\/web\/producto\/sonajero-cage-bell-c-u\/"},"modified":"2025-11-26T21:59:00","modified_gmt":"2025-11-26T21:59:00","slug":"sonajero-cage-bell-c-u","status":"publish","type":"product","link":"https:\/\/aukinkochile.com\/web\/producto\/sonajero-cage-bell-c-u\/","title":{"rendered":"Sonajero Cage Bell c\/u"},"content":{"rendered":"<p>Hermoso set de sonajeros con un hermoso dise\u00f1o para pasar horas de diversi\u00f3n. Un juego ideal para estimular el desarrollo sensorial de los m\u00e1s peque\u00f1os y despertar su inter\u00e9s por la m\u00fasica. Colores surtidos. Fabricado en material suave y resistente. Precio por unidad.<\/p>\n<p><p><strong>Material : <\/strong> Pl\u00e1stico y Metal<\/p>\n<p><strong>C\u00f3digo Aukinko : <\/strong> 12-634112<\/p>\n<p><strong>C\u00f3digo Convenio Marco : <\/strong> x<\/p>\n","protected":false},"excerpt":{"rendered":"<p>Hermoso set de sonajeros con un hermoso dise\u00f1o para pasar horas de diversi\u00f3n. Un juego ideal para estimular el desarrollo sensorial de los m\u00e1s peque\u00f1os y despertar su inter\u00e9s por la m\u00fasica. Colores surtidos. Fabricado en material suave y resistente. Precio por unidad. Material : Pl\u00e1stico y Metal C\u00f3digo Aukinko : 12-634112 C\u00f3digo Convenio Marco [&hellip;]<\/p>\n","protected":false},"featured_media":630691,"comment_status":"open","ping_status":"closed","template":"","meta":{"_et_pb_use_builder":"","_et_pb_old_content":"","_et_gb_content_width":""},"product_brand":[],"product_cat":[91,392,23],"product_tag":[],"class_list":{"0":"post-630692","1":"product","2":"type-product","3":"status-publish","4":"has-post-thumbnail","6":"product_cat-accesorios-sala","7":"product_cat-musica","8":"product_cat-primeros-anos","9":"pa_edad-0-a-1-ano","10":"pa_edad-1-a-2-anos","11":"pa_marca-halilit","12":"pa_medidas-12-x-7-x-7-cm","14":"first","15":"instock","16":"shipping-taxable","17":"purchasable","18":"product-type-simple"},"aioseo_notices":[],"_links":{"self":[{"href":"https:\/\/aukinkochile.com\/web\/wp-json\/wp\/v2\/product\/630692","targetHints":{"allow":["GET"]}}],"collection":[{"href":"https:\/\/aukinkochile.com\/web\/wp-json\/wp\/v2\/product"}],"about":[{"href":"https:\/\/aukinkochile.com\/web\/wp-json\/wp\/v2\/types\/product"}],"replies":[{"embeddable":true,"href":"https:\/\/aukinkochile.com\/web\/wp-json\/wp\/v2\/comments?post=630692"}],"wp:featuredmedia":[{"embeddable":true,"href":"https:\/\/aukinkochile.com\/web\/wp-json\/wp\/v2\/media\/630691"}],"wp:attachment":[{"href":"https:\/\/aukinkochile.com\/web\/wp-json\/wp\/v2\/media?parent=630692"}],"wp:term":[{"taxonomy":"product_brand","embeddable":true,"href":"https:\/\/aukinkochile.com\/web\/wp-json\/wp\/v2\/product_brand?post=630692"},{"taxonomy":"product_cat","embeddable":true,"href":"https:\/\/aukinkochile.com\/web\/wp-json\/wp\/v2\/product_cat?post=630692"},{"taxonomy":"product_tag","embeddable":true,"href":"https:\/\/aukinkochile.com\/web\/wp-json\/wp\/v2\/product_tag?post=630692"}],"curies":[{"name":"wp","href":"https:\/\/api.w.org\/{rel}","templated":true}]}}