{"id":630630,"date":"2024-12-16T16:33:49","date_gmt":"2024-12-16T16:33:49","guid":{"rendered":"https:\/\/aukinkochile.com\/web\/producto\/autos-y-senales-set-madera-12-pz\/"},"modified":"2025-06-17T17:41:25","modified_gmt":"2025-06-17T17:41:25","slug":"autos-y-senales-set-madera-12-pz","status":"publish","type":"product","link":"https:\/\/aukinkochile.com\/web\/producto\/autos-y-senales-set-madera-12-pz\/","title":{"rendered":"Autos y Se\u00f1ales set Madera 12 pz"},"content":{"rendered":"<p>Hermoso set de transportes y se\u00f1ales de tr\u00e1nsito fabricados en madera para pasar horas de diversi\u00f3n. Un juego ideal para estimular el desarrollo de las habilidades sociales de los m\u00e1s peque\u00f1os de una forma muy entretenida mientras aprenden las se\u00f1ales del tr\u00e1nsito que ser\u00e1n de gran utilidad en la vida cotidiana. Incluye 8 veh\u00edculos diferentes con hermosos dise\u00f1os y 3 se\u00f1ales de tr\u00e1nsito que vienen en una linda caja de madera con divisiones para ordenarlos como m\u00e1s les guste a los ni\u00f1os y ni\u00f1as. Cami\u00f3n de helados 8 x 5 x 2 cm. De material suave y resistente y colores suaves.<\/p>\n<p><p><strong>Material : <\/strong> Madera<\/p>\n<p><strong>C\u00f3digo Aukinko : <\/strong> 17-90881<\/p>\n<p><strong>C\u00f3digo Convenio Marco : <\/strong> x<\/p>\n","protected":false},"excerpt":{"rendered":"<p>Hermoso set de transportes y se\u00f1ales de tr\u00e1nsito fabricados en madera para pasar horas de diversi\u00f3n. Un juego ideal para estimular el desarrollo de las habilidades sociales de los m\u00e1s peque\u00f1os de una forma muy entretenida mientras aprenden las se\u00f1ales del tr\u00e1nsito que ser\u00e1n de gran utilidad en la vida cotidiana. Incluye 8 veh\u00edculos diferentes [&hellip;]<\/p>\n","protected":false},"featured_media":630629,"comment_status":"open","ping_status":"closed","template":"","meta":{"_et_pb_use_builder":"","_et_pb_old_content":"","_et_gb_content_width":""},"product_brand":[],"product_cat":[17],"product_tag":[],"class_list":{"0":"post-630630","1":"product","2":"type-product","3":"status-publish","4":"has-post-thumbnail","6":"product_cat-juegos-de-rol","7":"pa_edad-2-a-3-anos","8":"pa_edad-3-a-4-anos","9":"pa_edad-4-a-5-anos","10":"pa_edad-5-a-6-anos","11":"pa_edad-6-a-8-anos","12":"pa_marca-tooky-toys","13":"pa_medidas-3-x-22-cm","14":"pa_medidas-30-x-4","16":"first","17":"instock","18":"shipping-taxable","19":"purchasable","20":"product-type-simple"},"aioseo_notices":[],"_links":{"self":[{"href":"https:\/\/aukinkochile.com\/web\/wp-json\/wp\/v2\/product\/630630","targetHints":{"allow":["GET"]}}],"collection":[{"href":"https:\/\/aukinkochile.com\/web\/wp-json\/wp\/v2\/product"}],"about":[{"href":"https:\/\/aukinkochile.com\/web\/wp-json\/wp\/v2\/types\/product"}],"replies":[{"embeddable":true,"href":"https:\/\/aukinkochile.com\/web\/wp-json\/wp\/v2\/comments?post=630630"}],"wp:featuredmedia":[{"embeddable":true,"href":"https:\/\/aukinkochile.com\/web\/wp-json\/wp\/v2\/media\/630629"}],"wp:attachment":[{"href":"https:\/\/aukinkochile.com\/web\/wp-json\/wp\/v2\/media?parent=630630"}],"wp:term":[{"taxonomy":"product_brand","embeddable":true,"href":"https:\/\/aukinkochile.com\/web\/wp-json\/wp\/v2\/product_brand?post=630630"},{"taxonomy":"product_cat","embeddable":true,"href":"https:\/\/aukinkochile.com\/web\/wp-json\/wp\/v2\/product_cat?post=630630"},{"taxonomy":"product_tag","embeddable":true,"href":"https:\/\/aukinkochile.com\/web\/wp-json\/wp\/v2\/product_tag?post=630630"}],"curies":[{"name":"wp","href":"https:\/\/api.w.org\/{rel}","templated":true}]}}