{"id":630622,"date":"2024-12-16T16:33:43","date_gmt":"2024-12-16T16:33:43","guid":{"rendered":"https:\/\/aukinkochile.com\/web\/producto\/juego-efecto-domino\/"},"modified":"2024-12-16T16:34:35","modified_gmt":"2024-12-16T16:34:35","slug":"juego-efecto-domino","status":"publish","type":"product","link":"https:\/\/aukinkochile.com\/web\/producto\/juego-efecto-domino\/","title":{"rendered":"Juego Efecto Domino"},"content":{"rendered":"<p>Este hermoso juego de efecto domin\u00f3 ofrece diversi\u00f3n y creatividad sin l\u00edmites. Con m\u00e1s de 55 piezas incluidas, este juego ofrece todo lo que lo m\u00e1s peque\u00f1os necesitan para construir un cautivador juego de fichas de domin\u00f3. Lo que distingue a este kit son los elementos adicionales, como escalones, campanarios y m\u00e1s, que a\u00f1aden una capa extra de emoci\u00f3n a la carrera de domin\u00f3. Dise\u00f1ado para crear una pista \u00fanica con rampas, rodillos, escalones y balancines, y s\u00e9 testigo de la maravilla de la energ\u00eda cin\u00e9tica en acci\u00f3n. Fabricado en material suave y resistente y colores vivos. Las piezas de domin\u00f3 miden 4,5 x 2,2 x 0,8 cm. Las canicas de madera miden 2,5 cm de di\u00e1metro. El aro de baloncesto mide 20 cm de alto x 6 cm de ancho x 8 cm de profundidad.<\/p>\n<p><p><strong>Material : <\/strong> Madera<\/p>\n<p><strong>C\u00f3digo Aukinko : <\/strong> 17-90389<\/p>\n<p><strong>C\u00f3digo Convenio Marco : <\/strong> x<\/p>\n","protected":false},"excerpt":{"rendered":"<p>Este hermoso juego de efecto domin\u00f3 ofrece diversi\u00f3n y creatividad sin l\u00edmites. Con m\u00e1s de 55 piezas incluidas, este juego ofrece todo lo que lo m\u00e1s peque\u00f1os necesitan para construir un cautivador juego de fichas de domin\u00f3. Lo que distingue a este kit son los elementos adicionales, como escalones, campanarios y m\u00e1s, que a\u00f1aden una [&hellip;]<\/p>\n","protected":false},"featured_media":630621,"comment_status":"open","ping_status":"closed","template":"","meta":{"_et_pb_use_builder":"","_et_pb_old_content":"","_et_gb_content_width":""},"product_brand":[],"product_cat":[149,20],"product_tag":[],"class_list":{"0":"post-630622","1":"product","2":"type-product","3":"status-publish","4":"has-post-thumbnail","6":"product_cat-juegos-de-mesa","7":"product_cat-motricidad-fina","8":"pa_edad-10-anos","9":"pa_edad-3-a-4-anos","10":"pa_edad-4-a-5-anos","11":"pa_edad-5-a-6-anos","12":"pa_edad-6-a-8-anos","13":"pa_edad-8-a-10-anos","14":"pa_marca-tooky-toys","15":"pa_medidas-30-x-0","16":"pa_medidas-7-x-24-cm","18":"first","19":"instock","20":"shipping-taxable","21":"purchasable","22":"product-type-simple"},"aioseo_notices":[],"_links":{"self":[{"href":"https:\/\/aukinkochile.com\/web\/wp-json\/wp\/v2\/product\/630622","targetHints":{"allow":["GET"]}}],"collection":[{"href":"https:\/\/aukinkochile.com\/web\/wp-json\/wp\/v2\/product"}],"about":[{"href":"https:\/\/aukinkochile.com\/web\/wp-json\/wp\/v2\/types\/product"}],"replies":[{"embeddable":true,"href":"https:\/\/aukinkochile.com\/web\/wp-json\/wp\/v2\/comments?post=630622"}],"wp:featuredmedia":[{"embeddable":true,"href":"https:\/\/aukinkochile.com\/web\/wp-json\/wp\/v2\/media\/630621"}],"wp:attachment":[{"href":"https:\/\/aukinkochile.com\/web\/wp-json\/wp\/v2\/media?parent=630622"}],"wp:term":[{"taxonomy":"product_brand","embeddable":true,"href":"https:\/\/aukinkochile.com\/web\/wp-json\/wp\/v2\/product_brand?post=630622"},{"taxonomy":"product_cat","embeddable":true,"href":"https:\/\/aukinkochile.com\/web\/wp-json\/wp\/v2\/product_cat?post=630622"},{"taxonomy":"product_tag","embeddable":true,"href":"https:\/\/aukinkochile.com\/web\/wp-json\/wp\/v2\/product_tag?post=630622"}],"curies":[{"name":"wp","href":"https:\/\/api.w.org\/{rel}","templated":true}]}}