{"id":630525,"date":"2024-12-05T16:14:00","date_gmt":"2024-12-05T16:14:00","guid":{"rendered":"https:\/\/aukinkochile.com\/web\/producto\/mordedor-animales-set-8-pz\/"},"modified":"2026-01-12T15:24:45","modified_gmt":"2026-01-12T15:24:45","slug":"mordedor-animales-set-8-pz","status":"publish","type":"product","link":"https:\/\/aukinkochile.com\/web\/producto\/mordedor-animales-set-8-pz\/","title":{"rendered":"Mordedor Animales set 4 pz"},"content":{"rendered":"<p>4 mordedores de Animales dise\u00f1ados con \u00e1reas duras y blandas que se agarran f\u00e1cilmente con las manos peque\u00f1as. El cuerpo de caucho natural org\u00e1nico puro de estos mordedores son excelentes para ayudar a calmar las enc\u00edas irritadas. Material no t\u00f3xico, fabricado en caucho org\u00e1nico natural puro. Todos los productos de esta maravillosa marca son fabricados de forma sostenible y con materiales biodegradables, fabricaci\u00f3n socialmente responsable, hecho a mano.<\/p>\n<p><strong>Material : <\/strong> Caucho Natural 100% Org\u00e1nico<\/p>\n<p><strong>C\u00f3digo Aukinko : <\/strong> 18-471141<\/p>\n<p><strong>C\u00f3digo Convenio Marco : <\/strong> x<\/p>\n","protected":false},"excerpt":{"rendered":"<p>4 mordedores de Animales dise\u00f1ados con \u00e1reas duras y blandas que se agarran f\u00e1cilmente con las manos peque\u00f1as. El cuerpo de caucho natural org\u00e1nico puro de estos mordedores son excelentes para ayudar a calmar las enc\u00edas irritadas. Material no t\u00f3xico, fabricado en caucho org\u00e1nico natural puro. Todos los productos de esta maravillosa marca son fabricados [&hellip;]<\/p>\n","protected":false},"featured_media":630781,"comment_status":"open","ping_status":"closed","template":"","meta":{"_et_pb_use_builder":"","_et_pb_old_content":"","_et_gb_content_width":""},"product_brand":[],"product_cat":[23],"product_tag":[],"class_list":{"0":"post-630525","1":"product","2":"type-product","3":"status-publish","4":"has-post-thumbnail","6":"product_cat-primeros-anos","7":"pa_edad-0-a-1-ano","8":"pa_marca-tikiri","9":"pa_medidas-11-cm-c-u-aprox","11":"first","12":"instock","13":"shipping-taxable","14":"purchasable","15":"product-type-simple"},"aioseo_notices":[],"_links":{"self":[{"href":"https:\/\/aukinkochile.com\/web\/wp-json\/wp\/v2\/product\/630525","targetHints":{"allow":["GET"]}}],"collection":[{"href":"https:\/\/aukinkochile.com\/web\/wp-json\/wp\/v2\/product"}],"about":[{"href":"https:\/\/aukinkochile.com\/web\/wp-json\/wp\/v2\/types\/product"}],"replies":[{"embeddable":true,"href":"https:\/\/aukinkochile.com\/web\/wp-json\/wp\/v2\/comments?post=630525"}],"wp:featuredmedia":[{"embeddable":true,"href":"https:\/\/aukinkochile.com\/web\/wp-json\/wp\/v2\/media\/630781"}],"wp:attachment":[{"href":"https:\/\/aukinkochile.com\/web\/wp-json\/wp\/v2\/media?parent=630525"}],"wp:term":[{"taxonomy":"product_brand","embeddable":true,"href":"https:\/\/aukinkochile.com\/web\/wp-json\/wp\/v2\/product_brand?post=630525"},{"taxonomy":"product_cat","embeddable":true,"href":"https:\/\/aukinkochile.com\/web\/wp-json\/wp\/v2\/product_cat?post=630525"},{"taxonomy":"product_tag","embeddable":true,"href":"https:\/\/aukinkochile.com\/web\/wp-json\/wp\/v2\/product_tag?post=630525"}],"curies":[{"name":"wp","href":"https:\/\/api.w.org\/{rel}","templated":true}]}}