{"id":630519,"date":"2024-12-05T16:13:54","date_gmt":"2024-12-05T16:13:54","guid":{"rendered":"https:\/\/aukinkochile.com\/web\/producto\/rodillos-amasar-6-pz\/"},"modified":"2024-12-05T16:16:51","modified_gmt":"2024-12-05T16:16:51","slug":"rodillos-amasar-6-pz","status":"publish","type":"product","link":"https:\/\/aukinkochile.com\/web\/producto\/rodillos-amasar-6-pz\/","title":{"rendered":"Rodillos Amasar 6 pz"},"content":{"rendered":"<p>Set de 6 rodillos de amasar con agarraderas giratorias, fabricados en madera de alta calidad, con diferentes texturas para crear variados patrones en la masa. Fabricado en material suave y resistente. Un divertido juego para el desarrollo de la motricidad fina y el juego creativo.<\/p>\n<p><p><strong>Material : <\/strong> Madera y Pl\u00e1stico<\/p>\n<p><strong>C\u00f3digo Aukinko : <\/strong> 14-975022<\/p>\n<p><strong>C\u00f3digo Convenio Marco : <\/strong> x<\/p>\n","protected":false},"excerpt":{"rendered":"<p>Set de 6 rodillos de amasar con agarraderas giratorias, fabricados en madera de alta calidad, con diferentes texturas para crear variados patrones en la masa. Fabricado en material suave y resistente. Un divertido juego para el desarrollo de la motricidad fina y el juego creativo. Material : Madera y Pl\u00e1stico C\u00f3digo Aukinko : 14-975022 C\u00f3digo [&hellip;]<\/p>\n","protected":false},"featured_media":630518,"comment_status":"open","ping_status":"closed","template":"","meta":{"_et_pb_use_builder":"","_et_pb_old_content":"","_et_gb_content_width":""},"product_brand":[],"product_cat":[91,21,17],"product_tag":[],"class_list":{"0":"post-630519","1":"product","2":"type-product","3":"status-publish","4":"has-post-thumbnail","6":"product_cat-accesorios-sala","7":"product_cat-arte-y-manipulacion","8":"product_cat-juegos-de-rol","9":"pa_edad-2-a-3-anos","10":"pa_edad-3-a-4-anos","11":"pa_edad-4-a-5-anos","12":"pa_edad-5-a-6-anos","13":"pa_edad-6-a-8-anos","14":"pa_marca-edx","15":"pa_medidas-18-cm","17":"first","18":"instock","19":"shipping-taxable","20":"purchasable","21":"product-type-simple"},"aioseo_notices":[],"_links":{"self":[{"href":"https:\/\/aukinkochile.com\/web\/wp-json\/wp\/v2\/product\/630519","targetHints":{"allow":["GET"]}}],"collection":[{"href":"https:\/\/aukinkochile.com\/web\/wp-json\/wp\/v2\/product"}],"about":[{"href":"https:\/\/aukinkochile.com\/web\/wp-json\/wp\/v2\/types\/product"}],"replies":[{"embeddable":true,"href":"https:\/\/aukinkochile.com\/web\/wp-json\/wp\/v2\/comments?post=630519"}],"wp:featuredmedia":[{"embeddable":true,"href":"https:\/\/aukinkochile.com\/web\/wp-json\/wp\/v2\/media\/630518"}],"wp:attachment":[{"href":"https:\/\/aukinkochile.com\/web\/wp-json\/wp\/v2\/media?parent=630519"}],"wp:term":[{"taxonomy":"product_brand","embeddable":true,"href":"https:\/\/aukinkochile.com\/web\/wp-json\/wp\/v2\/product_brand?post=630519"},{"taxonomy":"product_cat","embeddable":true,"href":"https:\/\/aukinkochile.com\/web\/wp-json\/wp\/v2\/product_cat?post=630519"},{"taxonomy":"product_tag","embeddable":true,"href":"https:\/\/aukinkochile.com\/web\/wp-json\/wp\/v2\/product_tag?post=630519"}],"curies":[{"name":"wp","href":"https:\/\/api.w.org\/{rel}","templated":true}]}}