{"id":630513,"date":"2024-12-05T16:13:50","date_gmt":"2024-12-05T16:13:50","guid":{"rendered":"https:\/\/aukinkochile.com\/web\/producto\/equilibrio-cucharas-y-pelotas-8-pz\/"},"modified":"2025-08-21T13:53:03","modified_gmt":"2025-08-21T13:53:03","slug":"equilibrio-cucharas-y-pelotas-8-pz","status":"publish","type":"product","link":"https:\/\/aukinkochile.com\/web\/producto\/equilibrio-cucharas-y-pelotas-8-pz\/","title":{"rendered":"Equilibrio Cucharas y Pelotas 8 pz"},"content":{"rendered":"<p>Set de 4 cucharas pl\u00e1sticas resistentes con 4 pelotas. De 4 diferentes colores. Para desarrollar el equilibrio y motricidad. De excelente calidad.<\/p>\n<p><strong>Material : <\/strong> Pl\u00e1stico<\/p>\n<p><strong>C\u00f3digo Aukinko : <\/strong> 14-963042<\/p>\n<p><strong>C\u00f3digo Convenio Marco : <\/strong> x<\/p>\n","protected":false},"excerpt":{"rendered":"<p>Set de 4 cucharas pl\u00e1sticas resistentes con 4 pelotas. De 4 diferentes colores. Para desarrollar el equilibrio y motricidad. De excelente calidad. Material : Pl\u00e1stico C\u00f3digo Aukinko : 14-963042 C\u00f3digo Convenio Marco : x<\/p>\n","protected":false},"featured_media":630512,"comment_status":"open","ping_status":"closed","template":"","meta":{"_et_pb_use_builder":"","_et_pb_old_content":"","_et_gb_content_width":""},"product_brand":[],"product_cat":[1005,148,18],"product_tag":[],"class_list":{"0":"post-630513","1":"product","2":"type-product","3":"status-publish","4":"has-post-thumbnail","6":"product_cat-accesorios-patio","7":"product_cat-deportes","8":"product_cat-motricidad-gruesa","9":"pa_edad-5-a-6-anos","10":"pa_edad-6-a-8-anos","11":"pa_edad-8-a-10-anos","12":"pa_marca-edx","13":"pa_medidas-44-x-21-x-9-cm","15":"first","16":"instock","17":"shipping-taxable","18":"purchasable","19":"product-type-simple"},"aioseo_notices":[],"_links":{"self":[{"href":"https:\/\/aukinkochile.com\/web\/wp-json\/wp\/v2\/product\/630513","targetHints":{"allow":["GET"]}}],"collection":[{"href":"https:\/\/aukinkochile.com\/web\/wp-json\/wp\/v2\/product"}],"about":[{"href":"https:\/\/aukinkochile.com\/web\/wp-json\/wp\/v2\/types\/product"}],"replies":[{"embeddable":true,"href":"https:\/\/aukinkochile.com\/web\/wp-json\/wp\/v2\/comments?post=630513"}],"wp:featuredmedia":[{"embeddable":true,"href":"https:\/\/aukinkochile.com\/web\/wp-json\/wp\/v2\/media\/630512"}],"wp:attachment":[{"href":"https:\/\/aukinkochile.com\/web\/wp-json\/wp\/v2\/media?parent=630513"}],"wp:term":[{"taxonomy":"product_brand","embeddable":true,"href":"https:\/\/aukinkochile.com\/web\/wp-json\/wp\/v2\/product_brand?post=630513"},{"taxonomy":"product_cat","embeddable":true,"href":"https:\/\/aukinkochile.com\/web\/wp-json\/wp\/v2\/product_cat?post=630513"},{"taxonomy":"product_tag","embeddable":true,"href":"https:\/\/aukinkochile.com\/web\/wp-json\/wp\/v2\/product_tag?post=630513"}],"curies":[{"name":"wp","href":"https:\/\/api.w.org\/{rel}","templated":true}]}}