{"id":630511,"date":"2024-12-05T16:13:49","date_gmt":"2024-12-05T16:13:49","guid":{"rendered":"https:\/\/aukinkochile.com\/web\/producto\/letras-y-numeros-transparentes-24-pz\/"},"modified":"2024-12-05T16:16:33","modified_gmt":"2024-12-05T16:16:33","slug":"letras-y-numeros-transparentes-24-pz","status":"publish","type":"product","link":"https:\/\/aukinkochile.com\/web\/producto\/letras-y-numeros-transparentes-24-pz\/","title":{"rendered":"Letras y N\u00fameros Transparentes 24 pz"},"content":{"rendered":"<p>Divertido set de las letras may\u00fasculas del alfabeto ideal para estimular el aprendizaje de la lectura a trav\u00e9s del reconocimiento de los grafemas y n\u00fameros del 0 al 9 para estimular el reconocimiento de los n\u00fameros, contar y hacer secuencias. Fabricados en pl\u00e1stico trasl\u00facido de excelente calidad. Incluye 26 letras may\u00fasculas y n\u00fameros del 0 al 9. En total 36 piezas, 5 cm de altura.<\/p>\n<p><p><strong>Material : <\/strong> Pl\u00e1stico<\/p>\n<p><strong>C\u00f3digo Aukinko : <\/strong> 14-956500<\/p>\n<p><strong>C\u00f3digo Convenio Marco : <\/strong> x<\/p>\n","protected":false},"excerpt":{"rendered":"<p>Divertido set de las letras may\u00fasculas del alfabeto ideal para estimular el aprendizaje de la lectura a trav\u00e9s del reconocimiento de los grafemas y n\u00fameros del 0 al 9 para estimular el reconocimiento de los n\u00fameros, contar y hacer secuencias. Fabricados en pl\u00e1stico trasl\u00facido de excelente calidad. Incluye 26 letras may\u00fasculas y n\u00fameros del 0 [&hellip;]<\/p>\n","protected":false},"featured_media":630510,"comment_status":"open","ping_status":"closed","template":"","meta":{"_et_pb_use_builder":"","_et_pb_old_content":"","_et_gb_content_width":""},"product_brand":[],"product_cat":[91,151],"product_tag":[],"class_list":{"0":"post-630511","1":"product","2":"type-product","3":"status-publish","4":"has-post-thumbnail","6":"product_cat-accesorios-sala","7":"product_cat-lenguaje","8":"pa_edad-3-a-4-anos","9":"pa_edad-4-a-5-anos","10":"pa_edad-5-a-6-anos","11":"pa_edad-6-a-8-anos","12":"pa_marca-edx","13":"pa_medidas-5-cm","15":"first","16":"instock","17":"shipping-taxable","18":"purchasable","19":"product-type-simple"},"aioseo_notices":[],"_links":{"self":[{"href":"https:\/\/aukinkochile.com\/web\/wp-json\/wp\/v2\/product\/630511","targetHints":{"allow":["GET"]}}],"collection":[{"href":"https:\/\/aukinkochile.com\/web\/wp-json\/wp\/v2\/product"}],"about":[{"href":"https:\/\/aukinkochile.com\/web\/wp-json\/wp\/v2\/types\/product"}],"replies":[{"embeddable":true,"href":"https:\/\/aukinkochile.com\/web\/wp-json\/wp\/v2\/comments?post=630511"}],"wp:featuredmedia":[{"embeddable":true,"href":"https:\/\/aukinkochile.com\/web\/wp-json\/wp\/v2\/media\/630510"}],"wp:attachment":[{"href":"https:\/\/aukinkochile.com\/web\/wp-json\/wp\/v2\/media?parent=630511"}],"wp:term":[{"taxonomy":"product_brand","embeddable":true,"href":"https:\/\/aukinkochile.com\/web\/wp-json\/wp\/v2\/product_brand?post=630511"},{"taxonomy":"product_cat","embeddable":true,"href":"https:\/\/aukinkochile.com\/web\/wp-json\/wp\/v2\/product_cat?post=630511"},{"taxonomy":"product_tag","embeddable":true,"href":"https:\/\/aukinkochile.com\/web\/wp-json\/wp\/v2\/product_tag?post=630511"}],"curies":[{"name":"wp","href":"https:\/\/api.w.org\/{rel}","templated":true}]}}