{"id":630507,"date":"2024-12-05T16:13:45","date_gmt":"2024-12-05T16:13:45","guid":{"rendered":"https:\/\/aukinkochile.com\/web\/producto\/cuerpos-geometricos-volumenes-6-pz\/"},"modified":"2024-12-05T16:16:12","modified_gmt":"2024-12-05T16:16:12","slug":"cuerpos-geometricos-volumenes-6-pz","status":"publish","type":"product","link":"https:\/\/aukinkochile.com\/web\/producto\/cuerpos-geometricos-volumenes-6-pz\/","title":{"rendered":"Cuerpos Geom\u00e9tricos Vol\u00famenes 6 pz"},"content":{"rendered":"<p>Avanzado set de cuerpos geom\u00e9tricos para explorar el concepto de volumen vertiendo agua de un container a otro. Un juego dise\u00f1ado para aprender las relaciones de volumen entre los diferentes cuerpos geom\u00e9tricos, por ejemplo que el volumen de un cono equivale a 1\/3 del volumen de su cilindro asociado. Una herramienta muy entretenida y clara para aprender conceptos matem\u00e1ticos abstractos de una forma concreta y visible para los m\u00e1s peque\u00f1os. El set incluye 6 formas geom\u00e9tricas transparentes: cono, esfera, cilindro, cubo, pir\u00e1mide y prisma de base rectangular. Fabricados en material suave y resistente. Base 10 cm.<\/p>\n<p><p><strong>Material : <\/strong> Pl\u00e1stico<\/p>\n<p><strong>C\u00f3digo Aukinko : <\/strong> 14-925030<\/p>\n<p><strong>C\u00f3digo Convenio Marco : <\/strong> x<\/p>\n","protected":false},"excerpt":{"rendered":"<p>Avanzado set de cuerpos geom\u00e9tricos para explorar el concepto de volumen vertiendo agua de un container a otro. Un juego dise\u00f1ado para aprender las relaciones de volumen entre los diferentes cuerpos geom\u00e9tricos, por ejemplo que el volumen de un cono equivale a 1\/3 del volumen de su cilindro asociado. Una herramienta muy entretenida y clara [&hellip;]<\/p>\n","protected":false},"featured_media":630506,"comment_status":"open","ping_status":"closed","template":"","meta":{"_et_pb_use_builder":"","_et_pb_old_content":"","_et_gb_content_width":""},"product_brand":[],"product_cat":[91,90],"product_tag":[],"class_list":{"0":"post-630507","1":"product","2":"type-product","3":"status-publish","4":"has-post-thumbnail","6":"product_cat-accesorios-sala","7":"product_cat-matematicas","8":"pa_edad-5-a-6-anos","9":"pa_edad-6-a-8-anos","10":"pa_edad-8-a-10-anos","11":"pa_marca-edx","12":"pa_medidas-base-10-cm","14":"first","15":"instock","16":"shipping-taxable","17":"purchasable","18":"product-type-simple"},"aioseo_notices":[],"_links":{"self":[{"href":"https:\/\/aukinkochile.com\/web\/wp-json\/wp\/v2\/product\/630507","targetHints":{"allow":["GET"]}}],"collection":[{"href":"https:\/\/aukinkochile.com\/web\/wp-json\/wp\/v2\/product"}],"about":[{"href":"https:\/\/aukinkochile.com\/web\/wp-json\/wp\/v2\/types\/product"}],"replies":[{"embeddable":true,"href":"https:\/\/aukinkochile.com\/web\/wp-json\/wp\/v2\/comments?post=630507"}],"wp:featuredmedia":[{"embeddable":true,"href":"https:\/\/aukinkochile.com\/web\/wp-json\/wp\/v2\/media\/630506"}],"wp:attachment":[{"href":"https:\/\/aukinkochile.com\/web\/wp-json\/wp\/v2\/media?parent=630507"}],"wp:term":[{"taxonomy":"product_brand","embeddable":true,"href":"https:\/\/aukinkochile.com\/web\/wp-json\/wp\/v2\/product_brand?post=630507"},{"taxonomy":"product_cat","embeddable":true,"href":"https:\/\/aukinkochile.com\/web\/wp-json\/wp\/v2\/product_cat?post=630507"},{"taxonomy":"product_tag","embeddable":true,"href":"https:\/\/aukinkochile.com\/web\/wp-json\/wp\/v2\/product_tag?post=630507"}],"curies":[{"name":"wp","href":"https:\/\/api.w.org\/{rel}","templated":true}]}}