{"id":630505,"date":"2024-12-05T16:13:44","date_gmt":"2024-12-05T16:13:44","guid":{"rendered":"https:\/\/aukinkochile.com\/web\/producto\/construir-con-pajitas-144-pz\/"},"modified":"2025-06-26T16:15:10","modified_gmt":"2025-06-26T16:15:10","slug":"construir-con-pajitas-144-pz","status":"publish","type":"product","link":"https:\/\/aukinkochile.com\/web\/producto\/construir-con-pajitas-144-pz\/","title":{"rendered":"Construir con Pajitas 144 pz"},"content":{"rendered":"<p>Divertido set de construcci\u00f3n dise\u00f1ado para estimular las habilidades motoras finas de una forma muy entretenida desarrollando a la vez la creatividad y la capacidad para resolver problemas. Los ni\u00f1os y ni\u00f1as podr\u00e1n construir estructuras en 2 y 3 dimensiones. Un juego que introduce a los m\u00e1s peque\u00f1os a las nociones b\u00e1sicas de las formas geom\u00e9tricas. El set incluye 80 varillas en 4 tama\u00f1os y 4 colores, 40 pelotas conectoras en 2 colores, 24 varillas curvas y 20 tarjetas con propuestas para construir impresas por ambos lados. Todo el set viene en un tonel para llevar a todas partes. Un juego ideal para salas de jard\u00edn. El tama\u00f1o de la varilla m\u00e1s larga es de 13 cm.<\/p>\n<p><p><strong>Material : <\/strong> Pl\u00e1stico<\/p>\n<p><strong>C\u00f3digo Aukinko : <\/strong> 14-921372<\/p>\n<p><strong>C\u00f3digo Convenio Marco : <\/strong> x<\/p>\n","protected":false},"excerpt":{"rendered":"<p>Divertido set de construcci\u00f3n dise\u00f1ado para estimular las habilidades motoras finas de una forma muy entretenida desarrollando a la vez la creatividad y la capacidad para resolver problemas. Los ni\u00f1os y ni\u00f1as podr\u00e1n construir estructuras en 2 y 3 dimensiones. Un juego que introduce a los m\u00e1s peque\u00f1os a las nociones b\u00e1sicas de las formas [&hellip;]<\/p>\n","protected":false},"featured_media":630504,"comment_status":"open","ping_status":"closed","template":"","meta":{"_et_pb_use_builder":"","_et_pb_old_content":"","_et_gb_content_width":""},"product_brand":[],"product_cat":[91,7385],"product_tag":[],"class_list":{"0":"post-630505","1":"product","2":"type-product","3":"status-publish","4":"has-post-thumbnail","6":"product_cat-accesorios-sala","7":"product_cat-estimulacion-cognitiva-y-motora-para-adultos-mayores","8":"pa_edad-10-anos","9":"pa_edad-3-a-4-anos","10":"pa_edad-4-a-5-anos","11":"pa_edad-5-a-6-anos","12":"pa_edad-6-a-8-anos","13":"pa_edad-8-a-10-anos","14":"pa_marca-edx","15":"pa_medidas-13-cm","17":"first","18":"instock","19":"shipping-taxable","20":"purchasable","21":"product-type-simple"},"aioseo_notices":[],"_links":{"self":[{"href":"https:\/\/aukinkochile.com\/web\/wp-json\/wp\/v2\/product\/630505","targetHints":{"allow":["GET"]}}],"collection":[{"href":"https:\/\/aukinkochile.com\/web\/wp-json\/wp\/v2\/product"}],"about":[{"href":"https:\/\/aukinkochile.com\/web\/wp-json\/wp\/v2\/types\/product"}],"replies":[{"embeddable":true,"href":"https:\/\/aukinkochile.com\/web\/wp-json\/wp\/v2\/comments?post=630505"}],"wp:featuredmedia":[{"embeddable":true,"href":"https:\/\/aukinkochile.com\/web\/wp-json\/wp\/v2\/media\/630504"}],"wp:attachment":[{"href":"https:\/\/aukinkochile.com\/web\/wp-json\/wp\/v2\/media?parent=630505"}],"wp:term":[{"taxonomy":"product_brand","embeddable":true,"href":"https:\/\/aukinkochile.com\/web\/wp-json\/wp\/v2\/product_brand?post=630505"},{"taxonomy":"product_cat","embeddable":true,"href":"https:\/\/aukinkochile.com\/web\/wp-json\/wp\/v2\/product_cat?post=630505"},{"taxonomy":"product_tag","embeddable":true,"href":"https:\/\/aukinkochile.com\/web\/wp-json\/wp\/v2\/product_tag?post=630505"}],"curies":[{"name":"wp","href":"https:\/\/api.w.org\/{rel}","templated":true}]}}