{"id":630498,"date":"2024-12-05T16:13:37","date_gmt":"2024-12-05T16:13:37","guid":{"rendered":"https:\/\/aukinkochile.com\/web\/producto\/apilar-piedras-junior-3-tamanos-36-pz\/"},"modified":"2024-12-05T16:15:45","modified_gmt":"2024-12-05T16:15:45","slug":"apilar-piedras-junior-3-tamanos-36-pz","status":"publish","type":"product","link":"https:\/\/aukinkochile.com\/web\/producto\/apilar-piedras-junior-3-tamanos-36-pz\/","title":{"rendered":"Apilar Piedras Junior 3 Tama\u00f1os 36 pz"},"content":{"rendered":"<p>36 piedras para construir. Los ni\u00f1os se divertir\u00e1n mucho con este set de piedras de Construcci\u00f3n. Ideal para desarrollar habilidades motoras finas, para contar y clasificar. 3 formas en 6 colores. Incluye instrucciones.<\/p>\n<p><p><strong>Material : <\/strong> Pl\u00e1stico<\/p>\n<p><strong>C\u00f3digo Aukinko : <\/strong> 14-913227<\/p>\n<p><strong>C\u00f3digo Convenio Marco : <\/strong> x<\/p>\n","protected":false},"excerpt":{"rendered":"<p>36 piedras para construir. Los ni\u00f1os se divertir\u00e1n mucho con este set de piedras de Construcci\u00f3n. Ideal para desarrollar habilidades motoras finas, para contar y clasificar. 3 formas en 6 colores. Incluye instrucciones. Material : Pl\u00e1stico C\u00f3digo Aukinko : 14-913227 C\u00f3digo Convenio Marco : x<\/p>\n","protected":false},"featured_media":609320,"comment_status":"open","ping_status":"closed","template":"","meta":{"_et_pb_use_builder":"","_et_pb_old_content":"","_et_gb_content_width":""},"product_brand":[],"product_cat":[91,19,20],"product_tag":[],"class_list":{"0":"post-630498","1":"product","2":"type-product","3":"status-publish","4":"has-post-thumbnail","6":"product_cat-accesorios-sala","7":"product_cat-construccion","8":"product_cat-motricidad-fina","9":"pa_edad-1-a-2-anos","10":"pa_edad-2-a-3-anos","11":"pa_edad-3-a-4-anos","12":"pa_edad-4-a-5-anos","13":"pa_edad-5-a-6-anos","14":"pa_marca-edx","15":"pa_medidas-15-x-10-x-10-cm","17":"first","18":"instock","19":"shipping-taxable","20":"purchasable","21":"product-type-simple"},"aioseo_notices":[],"_links":{"self":[{"href":"https:\/\/aukinkochile.com\/web\/wp-json\/wp\/v2\/product\/630498","targetHints":{"allow":["GET"]}}],"collection":[{"href":"https:\/\/aukinkochile.com\/web\/wp-json\/wp\/v2\/product"}],"about":[{"href":"https:\/\/aukinkochile.com\/web\/wp-json\/wp\/v2\/types\/product"}],"replies":[{"embeddable":true,"href":"https:\/\/aukinkochile.com\/web\/wp-json\/wp\/v2\/comments?post=630498"}],"wp:featuredmedia":[{"embeddable":true,"href":"https:\/\/aukinkochile.com\/web\/wp-json\/wp\/v2\/media\/609320"}],"wp:attachment":[{"href":"https:\/\/aukinkochile.com\/web\/wp-json\/wp\/v2\/media?parent=630498"}],"wp:term":[{"taxonomy":"product_brand","embeddable":true,"href":"https:\/\/aukinkochile.com\/web\/wp-json\/wp\/v2\/product_brand?post=630498"},{"taxonomy":"product_cat","embeddable":true,"href":"https:\/\/aukinkochile.com\/web\/wp-json\/wp\/v2\/product_cat?post=630498"},{"taxonomy":"product_tag","embeddable":true,"href":"https:\/\/aukinkochile.com\/web\/wp-json\/wp\/v2\/product_tag?post=630498"}],"curies":[{"name":"wp","href":"https:\/\/api.w.org\/{rel}","templated":true}]}}