{"id":630359,"date":"2024-11-19T20:25:22","date_gmt":"2024-11-19T20:25:22","guid":{"rendered":"https:\/\/aukinkochile.com\/web\/producto\/encaje-madera-formas-geometricas-1-al-5\/"},"modified":"2025-11-06T20:10:51","modified_gmt":"2025-11-06T20:10:51","slug":"encaje-madera-formas-geometricas-1-al-5","status":"publish","type":"product","link":"https:\/\/aukinkochile.com\/web\/producto\/encaje-madera-formas-geometricas-1-al-5\/","title":{"rendered":"Encaje Madera Formas Geom\u00e9tricas 1 al 5"},"content":{"rendered":"<p>Divertido juego de encaje para pasar horas de diversi\u00f3n. Contiene una base de madera con varas y 15 formas geom\u00e9tricas de colores variados para encajar en las varas: 1 c\u00edrculo, 2 rect\u00e1ngulos, 3 tri\u00e1ngulos, 4 cuadrados y 5 pent\u00e1gonos. Un juego dise\u00f1ado para estimular el desarrollo de la motricidad fina, la coordinaci\u00f3n mano-ojo, el pensamiento l\u00f3gico, el reconocimiento de formas y colores y mucho m\u00e1s. Fabricado en material suave y resistente.<\/p>\n<p><p><strong>Material : <\/strong> Madera<\/p>\n<p><strong>C\u00f3digo Aukinko : <\/strong> 18-258558<\/p>\n<p><strong>C\u00f3digo Convenio Marco : <\/strong> x<\/p>\n","protected":false},"excerpt":{"rendered":"<p>Divertido juego de encaje para pasar horas de diversi\u00f3n. Contiene una base de madera con varas y 15 formas geom\u00e9tricas de colores variados para encajar en las varas: 1 c\u00edrculo, 2 rect\u00e1ngulos, 3 tri\u00e1ngulos, 4 cuadrados y 5 pent\u00e1gonos. Un juego dise\u00f1ado para estimular el desarrollo de la motricidad fina, la coordinaci\u00f3n mano-ojo, el pensamiento [&hellip;]<\/p>\n","protected":false},"featured_media":625132,"comment_status":"open","ping_status":"closed","template":"","meta":{"_et_pb_use_builder":"","_et_pb_old_content":"","_et_gb_content_width":""},"product_brand":[],"product_cat":[91,19,7385,90,20],"product_tag":[],"class_list":{"0":"post-630359","1":"product","2":"type-product","3":"status-publish","4":"has-post-thumbnail","6":"product_cat-accesorios-sala","7":"product_cat-construccion","8":"product_cat-estimulacion-cognitiva-y-motora-para-adultos-mayores","9":"product_cat-matematicas","10":"product_cat-motricidad-fina","11":"pa_edad-2-a-3-anos","12":"pa_edad-3-a-4-anos","13":"pa_edad-4-a-5-anos","14":"pa_marca-viga","15":"pa_medidas-3-x-3","16":"pa_medidas-3-x-48","17":"pa_medidas-4947","18":"pa_medidas-5-cm","20":"first","21":"instock","22":"shipping-taxable","23":"purchasable","24":"product-type-simple"},"aioseo_notices":[],"_links":{"self":[{"href":"https:\/\/aukinkochile.com\/web\/wp-json\/wp\/v2\/product\/630359","targetHints":{"allow":["GET"]}}],"collection":[{"href":"https:\/\/aukinkochile.com\/web\/wp-json\/wp\/v2\/product"}],"about":[{"href":"https:\/\/aukinkochile.com\/web\/wp-json\/wp\/v2\/types\/product"}],"replies":[{"embeddable":true,"href":"https:\/\/aukinkochile.com\/web\/wp-json\/wp\/v2\/comments?post=630359"}],"wp:featuredmedia":[{"embeddable":true,"href":"https:\/\/aukinkochile.com\/web\/wp-json\/wp\/v2\/media\/625132"}],"wp:attachment":[{"href":"https:\/\/aukinkochile.com\/web\/wp-json\/wp\/v2\/media?parent=630359"}],"wp:term":[{"taxonomy":"product_brand","embeddable":true,"href":"https:\/\/aukinkochile.com\/web\/wp-json\/wp\/v2\/product_brand?post=630359"},{"taxonomy":"product_cat","embeddable":true,"href":"https:\/\/aukinkochile.com\/web\/wp-json\/wp\/v2\/product_cat?post=630359"},{"taxonomy":"product_tag","embeddable":true,"href":"https:\/\/aukinkochile.com\/web\/wp-json\/wp\/v2\/product_tag?post=630359"}],"curies":[{"name":"wp","href":"https:\/\/api.w.org\/{rel}","templated":true}]}}