{"id":630358,"date":"2024-11-19T20:24:52","date_gmt":"2024-11-19T20:24:52","guid":{"rendered":"https:\/\/aukinkochile.com\/web\/producto\/puzle-madera-set-6-de-4-pz-evolutivo\/"},"modified":"2025-11-06T20:08:33","modified_gmt":"2025-11-06T20:08:33","slug":"puzle-madera-set-6-de-4-pz-evolutivo","status":"publish","type":"product","link":"https:\/\/aukinkochile.com\/web\/producto\/puzle-madera-set-6-de-4-pz-evolutivo\/","title":{"rendered":"Puzle Madera set 6 de 4 pz Evolutivo"},"content":{"rendered":"<p>Novedoso puzle que tiene como objetivo mejorar las capacidades de memoria, an\u00e1lisis y pensamiento critico de los ni\u00f1os, mostrando con im\u00e1genes la evoluci\u00f3n de plantas y animales. Todo el conjunto contiene 24 piezas de madera que muestran el crecimiento y desarrollo de la mariposa, de la gallina, del sapo, de la manzana, de la maravilla y de el zapallo, cada uno con 4 pz de 4,5 x 4,5  x 0,5 cm. Los puzles son juegos que estimulan a los ni\u00f1as y ni\u00f1os en el desarrollo de la coordinaci\u00f3n mano-ojo, el reconocimiento de colores y formas, el pensamiento l\u00f3gico, la concentraci\u00f3n y mucho m\u00e1s. Fabricado en material suave y resistente. <\/p>\n<p><p><strong>Material : <\/strong> Madera<\/p>\n<p><strong>C\u00f3digo Aukinko : <\/strong> 18-251609<\/p>\n<p><strong>C\u00f3digo Convenio Marco : <\/strong> x<\/p>\n","protected":false},"excerpt":{"rendered":"<p>Novedoso puzle que tiene como objetivo mejorar las capacidades de memoria, an\u00e1lisis y pensamiento critico de los ni\u00f1os, mostrando con im\u00e1genes la evoluci\u00f3n de plantas y animales. Todo el conjunto contiene 24 piezas de madera que muestran el crecimiento y desarrollo de la mariposa, de la gallina, del sapo, de la manzana, de la maravilla [&hellip;]<\/p>\n","protected":false},"featured_media":625076,"comment_status":"open","ping_status":"closed","template":"","meta":{"_et_pb_use_builder":"","_et_pb_old_content":"","_et_gb_content_width":""},"product_brand":[],"product_cat":[91,150,20,22],"product_tag":[],"class_list":{"0":"post-630358","1":"product","2":"type-product","3":"status-publish","4":"has-post-thumbnail","6":"product_cat-accesorios-sala","7":"product_cat-asociacion-y-logica","8":"product_cat-motricidad-fina","9":"product_cat-puzzles","10":"pa_edad-1-a-2-anos","11":"pa_edad-2-a-3-anos","12":"pa_edad-3-a-4-anos","13":"pa_marca-viga","14":"pa_medidas-19-x-4","15":"pa_medidas-5-x-20","16":"pa_medidas-6-cm","18":"first","19":"instock","20":"shipping-taxable","21":"purchasable","22":"product-type-simple"},"aioseo_notices":[],"_links":{"self":[{"href":"https:\/\/aukinkochile.com\/web\/wp-json\/wp\/v2\/product\/630358","targetHints":{"allow":["GET"]}}],"collection":[{"href":"https:\/\/aukinkochile.com\/web\/wp-json\/wp\/v2\/product"}],"about":[{"href":"https:\/\/aukinkochile.com\/web\/wp-json\/wp\/v2\/types\/product"}],"replies":[{"embeddable":true,"href":"https:\/\/aukinkochile.com\/web\/wp-json\/wp\/v2\/comments?post=630358"}],"wp:featuredmedia":[{"embeddable":true,"href":"https:\/\/aukinkochile.com\/web\/wp-json\/wp\/v2\/media\/625076"}],"wp:attachment":[{"href":"https:\/\/aukinkochile.com\/web\/wp-json\/wp\/v2\/media?parent=630358"}],"wp:term":[{"taxonomy":"product_brand","embeddable":true,"href":"https:\/\/aukinkochile.com\/web\/wp-json\/wp\/v2\/product_brand?post=630358"},{"taxonomy":"product_cat","embeddable":true,"href":"https:\/\/aukinkochile.com\/web\/wp-json\/wp\/v2\/product_cat?post=630358"},{"taxonomy":"product_tag","embeddable":true,"href":"https:\/\/aukinkochile.com\/web\/wp-json\/wp\/v2\/product_tag?post=630358"}],"curies":[{"name":"wp","href":"https:\/\/api.w.org\/{rel}","templated":true}]}}