{"id":630356,"date":"2024-11-19T20:22:17","date_gmt":"2024-11-19T20:22:17","guid":{"rendered":"https:\/\/aukinkochile.com\/web\/producto\/bloques-madera-con-sonido\/"},"modified":"2025-11-06T20:08:09","modified_gmt":"2025-11-06T20:08:09","slug":"bloques-madera-con-sonido","status":"publish","type":"product","link":"https:\/\/aukinkochile.com\/web\/producto\/bloques-madera-con-sonido\/","title":{"rendered":"Bloques Madera con Sonido"},"content":{"rendered":"<p>Divertido juego sonoro para pasar horas de diversi\u00f3n. Incluye 12 bloques de madera bellamente dise\u00f1ados en una variedad de formas y colores. Los coloridos bloques de madera hacen 9 sonidos diferentes para que los ni\u00f1os y ni\u00f1as reconozcan y distingan estimulando as\u00ed su atenci\u00f3n y sentido del o\u00eddo. De colores suaves y bordes redondeados que hacen de este un gran juguete sensorial para los mas peque\u00f1os. Confeccionado con tintas no toxicas. Tama\u00f1o de 4 cm bloque mas peque\u00f1o. Fabricado en material suave y resistente. <\/p>\n<p><p><strong>Material : <\/strong> Madera<\/p>\n<p><strong>C\u00f3digo Aukinko : <\/strong> 18-250682<\/p>\n<p><strong>C\u00f3digo Convenio Marco : <\/strong> x<\/p>\n","protected":false},"excerpt":{"rendered":"<p>Divertido juego sonoro para pasar horas de diversi\u00f3n. Incluye 12 bloques de madera bellamente dise\u00f1ados en una variedad de formas y colores. Los coloridos bloques de madera hacen 9 sonidos diferentes para que los ni\u00f1os y ni\u00f1as reconozcan y distingan estimulando as\u00ed su atenci\u00f3n y sentido del o\u00eddo. De colores suaves y bordes redondeados que [&hellip;]<\/p>\n","protected":false},"featured_media":625008,"comment_status":"open","ping_status":"closed","template":"","meta":{"_et_pb_use_builder":"","_et_pb_old_content":"","_et_gb_content_width":""},"product_brand":[],"product_cat":[91,19,20],"product_tag":[],"class_list":{"0":"post-630356","1":"product","2":"type-product","3":"status-publish","4":"has-post-thumbnail","6":"product_cat-accesorios-sala","7":"product_cat-construccion","8":"product_cat-motricidad-fina","9":"pa_edad-1-a-2-anos","10":"pa_edad-2-a-3-anos","11":"pa_marca-viga","12":"pa_medidas-4453","13":"pa_medidas-5-x-5-x-29-cm","15":"first","16":"instock","17":"shipping-taxable","18":"purchasable","19":"product-type-simple"},"aioseo_notices":[],"_links":{"self":[{"href":"https:\/\/aukinkochile.com\/web\/wp-json\/wp\/v2\/product\/630356","targetHints":{"allow":["GET"]}}],"collection":[{"href":"https:\/\/aukinkochile.com\/web\/wp-json\/wp\/v2\/product"}],"about":[{"href":"https:\/\/aukinkochile.com\/web\/wp-json\/wp\/v2\/types\/product"}],"replies":[{"embeddable":true,"href":"https:\/\/aukinkochile.com\/web\/wp-json\/wp\/v2\/comments?post=630356"}],"wp:featuredmedia":[{"embeddable":true,"href":"https:\/\/aukinkochile.com\/web\/wp-json\/wp\/v2\/media\/625008"}],"wp:attachment":[{"href":"https:\/\/aukinkochile.com\/web\/wp-json\/wp\/v2\/media?parent=630356"}],"wp:term":[{"taxonomy":"product_brand","embeddable":true,"href":"https:\/\/aukinkochile.com\/web\/wp-json\/wp\/v2\/product_brand?post=630356"},{"taxonomy":"product_cat","embeddable":true,"href":"https:\/\/aukinkochile.com\/web\/wp-json\/wp\/v2\/product_cat?post=630356"},{"taxonomy":"product_tag","embeddable":true,"href":"https:\/\/aukinkochile.com\/web\/wp-json\/wp\/v2\/product_tag?post=630356"}],"curies":[{"name":"wp","href":"https:\/\/api.w.org\/{rel}","templated":true}]}}