{"id":630352,"date":"2024-11-19T20:18:24","date_gmt":"2024-11-19T20:18:24","guid":{"rendered":"https:\/\/aukinkochile.com\/web\/producto\/juego-pared-ciudad-granja\/"},"modified":"2025-11-06T20:07:17","modified_gmt":"2025-11-06T20:07:17","slug":"juego-pared-ciudad-granja","status":"publish","type":"product","link":"https:\/\/aukinkochile.com\/web\/producto\/juego-pared-ciudad-granja\/","title":{"rendered":"Juego Pared Madera Ciudad Granja"},"content":{"rendered":"<p>Divertido juego de circuitos para pasar horas de diversi\u00f3n mientras se desarrolla la motricidad fina con 12 patrones diferentes. Los ni\u00f1os y ni\u00f1as deben igualar las cuentas al patr\u00f3n o crear nuevos patrones. Un juego para desarrollar el pensamiento l\u00f3gico y la paciencia. De excelente calidad y precioso dise\u00f1o. Fabricado en material suave y resistente.<\/p>\n<p><p><strong>Material : <\/strong> Madera<\/p>\n<p><strong>C\u00f3digo Aukinko : <\/strong> 18-250175<\/p>\n<p><strong>C\u00f3digo Convenio Marco : <\/strong> x<\/p>\n","protected":false},"excerpt":{"rendered":"<p>Divertido juego de circuitos para pasar horas de diversi\u00f3n mientras se desarrolla la motricidad fina con 12 patrones diferentes. Los ni\u00f1os y ni\u00f1as deben igualar las cuentas al patr\u00f3n o crear nuevos patrones. Un juego para desarrollar el pensamiento l\u00f3gico y la paciencia. De excelente calidad y precioso dise\u00f1o. Fabricado en material suave y resistente. [&hellip;]<\/p>\n","protected":false},"featured_media":624939,"comment_status":"open","ping_status":"closed","template":"","meta":{"_et_pb_use_builder":"","_et_pb_old_content":"","_et_gb_content_width":""},"product_brand":[],"product_cat":[91,7385,20],"product_tag":[],"class_list":{"0":"post-630352","1":"product","2":"type-product","3":"status-publish","4":"has-post-thumbnail","6":"product_cat-accesorios-sala","7":"product_cat-estimulacion-cognitiva-y-motora-para-adultos-mayores","8":"product_cat-motricidad-fina","9":"pa_edad-1-a-2-anos","10":"pa_edad-2-a-3-anos","11":"pa_edad-3-a-4-anos","12":"pa_marca-viga","13":"pa_medidas-30-x-30-x-7","14":"pa_medidas-5-cm","16":"first","17":"instock","18":"shipping-taxable","19":"purchasable","20":"product-type-simple"},"aioseo_notices":[],"_links":{"self":[{"href":"https:\/\/aukinkochile.com\/web\/wp-json\/wp\/v2\/product\/630352","targetHints":{"allow":["GET"]}}],"collection":[{"href":"https:\/\/aukinkochile.com\/web\/wp-json\/wp\/v2\/product"}],"about":[{"href":"https:\/\/aukinkochile.com\/web\/wp-json\/wp\/v2\/types\/product"}],"replies":[{"embeddable":true,"href":"https:\/\/aukinkochile.com\/web\/wp-json\/wp\/v2\/comments?post=630352"}],"wp:featuredmedia":[{"embeddable":true,"href":"https:\/\/aukinkochile.com\/web\/wp-json\/wp\/v2\/media\/624939"}],"wp:attachment":[{"href":"https:\/\/aukinkochile.com\/web\/wp-json\/wp\/v2\/media?parent=630352"}],"wp:term":[{"taxonomy":"product_brand","embeddable":true,"href":"https:\/\/aukinkochile.com\/web\/wp-json\/wp\/v2\/product_brand?post=630352"},{"taxonomy":"product_cat","embeddable":true,"href":"https:\/\/aukinkochile.com\/web\/wp-json\/wp\/v2\/product_cat?post=630352"},{"taxonomy":"product_tag","embeddable":true,"href":"https:\/\/aukinkochile.com\/web\/wp-json\/wp\/v2\/product_tag?post=630352"}],"curies":[{"name":"wp","href":"https:\/\/api.w.org\/{rel}","templated":true}]}}