{"id":630351,"date":"2024-11-19T20:18:17","date_gmt":"2024-11-19T20:18:17","guid":{"rendered":"https:\/\/aukinkochile.com\/web\/producto\/puzle-madera-tarugo-4-pz-insectos\/"},"modified":"2025-11-06T20:07:11","modified_gmt":"2025-11-06T20:07:11","slug":"puzle-madera-tarugo-4-pz-insectos","status":"publish","type":"product","link":"https:\/\/aukinkochile.com\/web\/producto\/puzle-madera-tarugo-4-pz-insectos\/","title":{"rendered":"Puzle Madera Tarugo 4 pz Insectos"},"content":{"rendered":"<p>Divertido puzle de 4 hermosos insectos con tarugos de f\u00e1cil agarre para manos peque\u00f1as. Los colores brillantes lo hacen muy atractivo para los mas peque\u00f1os. Los puzles son juegos ideales para el desarrollo de la observaci\u00f3n, de la motricidad fina, del pensamiento l\u00f3gico, de la coordinaci\u00f3n mano-ojo y mucho m\u00e1s. Fabricado en material suave y resistente.<\/p>\n<p><p><strong>Material : <\/strong> Madera<\/p>\n<p><strong>C\u00f3digo Aukinko : <\/strong> 18-250131<\/p>\n<p><strong>C\u00f3digo Convenio Marco : <\/strong> x<\/p>\n","protected":false},"excerpt":{"rendered":"<p>Divertido puzle de 4 hermosos insectos con tarugos de f\u00e1cil agarre para manos peque\u00f1as. Los colores brillantes lo hacen muy atractivo para los mas peque\u00f1os. Los puzles son juegos ideales para el desarrollo de la observaci\u00f3n, de la motricidad fina, del pensamiento l\u00f3gico, de la coordinaci\u00f3n mano-ojo y mucho m\u00e1s. Fabricado en material suave y [&hellip;]<\/p>\n","protected":false},"featured_media":624930,"comment_status":"open","ping_status":"closed","template":"","meta":{"_et_pb_use_builder":"","_et_pb_old_content":"","_et_gb_content_width":""},"product_brand":[],"product_cat":[91,20,22],"product_tag":[],"class_list":{"0":"post-630351","1":"product","2":"type-product","3":"status-publish","4":"has-post-thumbnail","6":"product_cat-accesorios-sala","7":"product_cat-motricidad-fina","8":"product_cat-puzzles","9":"pa_edad-1-a-2-anos","10":"pa_edad-2-a-3-anos","11":"pa_marca-viga","12":"pa_medidas-4415","13":"pa_medidas-5-x-2-cm","14":"pa_medidas-5-x-22","16":"first","17":"instock","18":"shipping-taxable","19":"purchasable","20":"product-type-simple"},"aioseo_notices":[],"_links":{"self":[{"href":"https:\/\/aukinkochile.com\/web\/wp-json\/wp\/v2\/product\/630351","targetHints":{"allow":["GET"]}}],"collection":[{"href":"https:\/\/aukinkochile.com\/web\/wp-json\/wp\/v2\/product"}],"about":[{"href":"https:\/\/aukinkochile.com\/web\/wp-json\/wp\/v2\/types\/product"}],"replies":[{"embeddable":true,"href":"https:\/\/aukinkochile.com\/web\/wp-json\/wp\/v2\/comments?post=630351"}],"wp:featuredmedia":[{"embeddable":true,"href":"https:\/\/aukinkochile.com\/web\/wp-json\/wp\/v2\/media\/624930"}],"wp:attachment":[{"href":"https:\/\/aukinkochile.com\/web\/wp-json\/wp\/v2\/media?parent=630351"}],"wp:term":[{"taxonomy":"product_brand","embeddable":true,"href":"https:\/\/aukinkochile.com\/web\/wp-json\/wp\/v2\/product_brand?post=630351"},{"taxonomy":"product_cat","embeddable":true,"href":"https:\/\/aukinkochile.com\/web\/wp-json\/wp\/v2\/product_cat?post=630351"},{"taxonomy":"product_tag","embeddable":true,"href":"https:\/\/aukinkochile.com\/web\/wp-json\/wp\/v2\/product_tag?post=630351"}],"curies":[{"name":"wp","href":"https:\/\/api.w.org\/{rel}","templated":true}]}}