{"id":630345,"date":"2024-11-19T20:14:47","date_gmt":"2024-11-19T20:14:47","guid":{"rendered":"https:\/\/aukinkochile.com\/web\/producto\/juego-pared-madera-percusion\/"},"modified":"2025-04-22T14:25:20","modified_gmt":"2025-04-22T14:25:20","slug":"juego-pared-madera-percusion","status":"publish","type":"product","link":"https:\/\/aukinkochile.com\/web\/producto\/juego-pared-madera-percusion\/","title":{"rendered":"Juego Pared Madera Percusi\u00f3n"},"content":{"rendered":"<p>Hermoso set de instrumentos de pared de para pasar horas de diversi\u00f3n. Incluye 12 instrumentos de percusi\u00f3n para estimular el sentido del ritmo de una forma muy entretenida. Todos los instrumentos pueden sacarse del panel para actividades grupales. Incluye 2 campanas, 2 maracas, 1 g\u00fciro con palo, 2 casta\u00f1uelas, 2 palitos, 1 tri\u00e1ngulo, 1 pandereta, 2 platillos, 1 xilof\u00f3n, 2 cascabeles. Un set ideal para actividades grupales en salas de clase, para estimular el ritmo, el sentido auditivo, la interacci\u00f3n con pares, la coordinaci\u00f3n grupal, la creatividad y mucho m\u00e1s. Fabricado en madera de alta calidad y metal.<\/p>\n<p><p><strong>Material : <\/strong> Madera y Metal<\/p>\n<p><strong>C\u00f3digo Aukinko : <\/strong> 18-244718<\/p>\n<p><strong>C\u00f3digo Convenio Marco : <\/strong> x<\/p>\n","protected":false},"excerpt":{"rendered":"<p>Hermoso set de instrumentos de pared de para pasar horas de diversi\u00f3n. Incluye 12 instrumentos de percusi\u00f3n para estimular el sentido del ritmo de una forma muy entretenida. Todos los instrumentos pueden sacarse del panel para actividades grupales. Incluye 2 campanas, 2 maracas, 1 g\u00fciro con palo, 2 casta\u00f1uelas, 2 palitos, 1 tri\u00e1ngulo, 1 pandereta, [&hellip;]<\/p>\n","protected":false},"featured_media":630344,"comment_status":"open","ping_status":"closed","template":"","meta":{"_et_pb_use_builder":"","_et_pb_old_content":"","_et_gb_content_width":""},"product_brand":[],"product_cat":[91,20],"product_tag":[],"class_list":{"0":"post-630345","1":"product","2":"type-product","3":"status-publish","4":"has-post-thumbnail","6":"product_cat-accesorios-sala","7":"product_cat-motricidad-fina","8":"pa_edad-10-anos","9":"pa_edad-3-a-4-anos","10":"pa_edad-4-a-5-anos","11":"pa_edad-5-a-6-anos","12":"pa_edad-6-a-8-anos","13":"pa_edad-8-a-10-anos","14":"pa_marca-polar","15":"pa_medidas-6-cm","16":"pa_medidas-75-x-48-x-6","18":"first","19":"instock","20":"shipping-taxable","21":"purchasable","22":"product-type-simple"},"aioseo_notices":[],"_links":{"self":[{"href":"https:\/\/aukinkochile.com\/web\/wp-json\/wp\/v2\/product\/630345","targetHints":{"allow":["GET"]}}],"collection":[{"href":"https:\/\/aukinkochile.com\/web\/wp-json\/wp\/v2\/product"}],"about":[{"href":"https:\/\/aukinkochile.com\/web\/wp-json\/wp\/v2\/types\/product"}],"replies":[{"embeddable":true,"href":"https:\/\/aukinkochile.com\/web\/wp-json\/wp\/v2\/comments?post=630345"}],"wp:featuredmedia":[{"embeddable":true,"href":"https:\/\/aukinkochile.com\/web\/wp-json\/wp\/v2\/media\/630344"}],"wp:attachment":[{"href":"https:\/\/aukinkochile.com\/web\/wp-json\/wp\/v2\/media?parent=630345"}],"wp:term":[{"taxonomy":"product_brand","embeddable":true,"href":"https:\/\/aukinkochile.com\/web\/wp-json\/wp\/v2\/product_brand?post=630345"},{"taxonomy":"product_cat","embeddable":true,"href":"https:\/\/aukinkochile.com\/web\/wp-json\/wp\/v2\/product_cat?post=630345"},{"taxonomy":"product_tag","embeddable":true,"href":"https:\/\/aukinkochile.com\/web\/wp-json\/wp\/v2\/product_tag?post=630345"}],"curies":[{"name":"wp","href":"https:\/\/api.w.org\/{rel}","templated":true}]}}