{"id":630341,"date":"2024-11-19T20:14:42","date_gmt":"2024-11-19T20:14:42","guid":{"rendered":"https:\/\/aukinkochile.com\/web\/producto\/bombero-set-8-pz\/"},"modified":"2025-04-22T14:25:19","modified_gmt":"2025-04-22T14:25:19","slug":"bombero-set-8-pz","status":"publish","type":"product","link":"https:\/\/aukinkochile.com\/web\/producto\/bombero-set-8-pz\/","title":{"rendered":"Bombero set 8 pz"},"content":{"rendered":"<p>Divertido set de bomberos para pasar horas de diversi\u00f3n. Incluye 2 walkie talkies, 2 chalecos de bomberos, 2 sombreros, 1 linterna, 1 meg\u00e1fono. Fabricado en madera de alta calidad. Los juegos de imitaci\u00f3n son ideales para estimular la imaginaci\u00f3n, desarrollar habilidades sociales y f\u00edsicas y mucho m\u00e1s, de una forma muy entretenida. Promueven la interacci\u00f3n entre ni\u00f1os y adultos.<\/p>\n<p><p><strong>Material : <\/strong> Madera, Pl\u00e1stico y Genero<\/p>\n<p><strong>C\u00f3digo Aukinko : <\/strong> 18-244713<\/p>\n<p><strong>C\u00f3digo Convenio Marco : <\/strong> x<\/p>\n","protected":false},"excerpt":{"rendered":"<p>Divertido set de bomberos para pasar horas de diversi\u00f3n. Incluye 2 walkie talkies, 2 chalecos de bomberos, 2 sombreros, 1 linterna, 1 meg\u00e1fono. Fabricado en madera de alta calidad. Los juegos de imitaci\u00f3n son ideales para estimular la imaginaci\u00f3n, desarrollar habilidades sociales y f\u00edsicas y mucho m\u00e1s, de una forma muy entretenida. Promueven la interacci\u00f3n [&hellip;]<\/p>\n","protected":false},"featured_media":630340,"comment_status":"open","ping_status":"closed","template":"","meta":{"_et_pb_use_builder":"","_et_pb_old_content":"","_et_gb_content_width":""},"product_brand":[],"product_cat":[17],"product_tag":[],"class_list":{"0":"post-630341","1":"product","2":"type-product","3":"status-publish","4":"has-post-thumbnail","6":"product_cat-juegos-de-rol","7":"pa_edad-3-a-4-anos","8":"pa_edad-4-a-5-anos","9":"pa_edad-5-a-6-anos","10":"pa_marca-viga","11":"pa_medidas-41-x-45","12":"pa_medidas-5-cm","14":"first","15":"instock","16":"shipping-taxable","17":"purchasable","18":"product-type-simple"},"aioseo_notices":[],"_links":{"self":[{"href":"https:\/\/aukinkochile.com\/web\/wp-json\/wp\/v2\/product\/630341","targetHints":{"allow":["GET"]}}],"collection":[{"href":"https:\/\/aukinkochile.com\/web\/wp-json\/wp\/v2\/product"}],"about":[{"href":"https:\/\/aukinkochile.com\/web\/wp-json\/wp\/v2\/types\/product"}],"replies":[{"embeddable":true,"href":"https:\/\/aukinkochile.com\/web\/wp-json\/wp\/v2\/comments?post=630341"}],"wp:featuredmedia":[{"embeddable":true,"href":"https:\/\/aukinkochile.com\/web\/wp-json\/wp\/v2\/media\/630340"}],"wp:attachment":[{"href":"https:\/\/aukinkochile.com\/web\/wp-json\/wp\/v2\/media?parent=630341"}],"wp:term":[{"taxonomy":"product_brand","embeddable":true,"href":"https:\/\/aukinkochile.com\/web\/wp-json\/wp\/v2\/product_brand?post=630341"},{"taxonomy":"product_cat","embeddable":true,"href":"https:\/\/aukinkochile.com\/web\/wp-json\/wp\/v2\/product_cat?post=630341"},{"taxonomy":"product_tag","embeddable":true,"href":"https:\/\/aukinkochile.com\/web\/wp-json\/wp\/v2\/product_tag?post=630341"}],"curies":[{"name":"wp","href":"https:\/\/api.w.org\/{rel}","templated":true}]}}