{"id":630337,"date":"2024-11-19T20:14:37","date_gmt":"2024-11-19T20:14:37","guid":{"rendered":"https:\/\/aukinkochile.com\/web\/producto\/balancin-escalador-madera\/"},"modified":"2025-04-22T14:25:18","modified_gmt":"2025-04-22T14:25:18","slug":"balancin-escalador-madera","status":"publish","type":"product","link":"https:\/\/aukinkochile.com\/web\/producto\/balancin-escalador-madera\/","title":{"rendered":"Escalador Balanc\u00edn Madera"},"content":{"rendered":"<p>Divertido puente escalador dise\u00f1ado para estimular el desarrollo de las habilidades motoras gruesas como el equilibro, de una forma muy entretenida y desafiante. Un juego que proporciona confianza a ni\u00f1os y ni\u00f1as siendo un accesorio ideal para salas de clase.<\/p>\n<p><p><strong>Material : <\/strong> Madera<\/p>\n<p><strong>C\u00f3digo Aukinko : <\/strong> 18-244710<\/p>\n<p><strong>C\u00f3digo Convenio Marco : <\/strong> x<\/p>\n","protected":false},"excerpt":{"rendered":"<p>Divertido puente escalador dise\u00f1ado para estimular el desarrollo de las habilidades motoras gruesas como el equilibro, de una forma muy entretenida y desafiante. Un juego que proporciona confianza a ni\u00f1os y ni\u00f1as siendo un accesorio ideal para salas de clase. Material : Madera C\u00f3digo Aukinko : 18-244710 C\u00f3digo Convenio Marco : x<\/p>\n","protected":false},"featured_media":630336,"comment_status":"open","ping_status":"closed","template":"","meta":{"_et_pb_use_builder":"","_et_pb_old_content":"","_et_gb_content_width":""},"product_brand":[],"product_cat":[18],"product_tag":[],"class_list":{"0":"post-630337","1":"product","2":"type-product","3":"status-publish","4":"has-post-thumbnail","6":"product_cat-motricidad-gruesa","7":"pa_edad-1-a-2-anos","8":"pa_edad-2-a-3-anos","9":"pa_edad-3-a-4-anos","10":"pa_marca-viga","11":"pa_medidas-6-cm","12":"pa_medidas-6-x-42","13":"pa_medidas-95-x-70","15":"first","16":"instock","17":"shipping-taxable","18":"purchasable","19":"product-type-simple"},"aioseo_notices":[],"_links":{"self":[{"href":"https:\/\/aukinkochile.com\/web\/wp-json\/wp\/v2\/product\/630337","targetHints":{"allow":["GET"]}}],"collection":[{"href":"https:\/\/aukinkochile.com\/web\/wp-json\/wp\/v2\/product"}],"about":[{"href":"https:\/\/aukinkochile.com\/web\/wp-json\/wp\/v2\/types\/product"}],"replies":[{"embeddable":true,"href":"https:\/\/aukinkochile.com\/web\/wp-json\/wp\/v2\/comments?post=630337"}],"wp:featuredmedia":[{"embeddable":true,"href":"https:\/\/aukinkochile.com\/web\/wp-json\/wp\/v2\/media\/630336"}],"wp:attachment":[{"href":"https:\/\/aukinkochile.com\/web\/wp-json\/wp\/v2\/media?parent=630337"}],"wp:term":[{"taxonomy":"product_brand","embeddable":true,"href":"https:\/\/aukinkochile.com\/web\/wp-json\/wp\/v2\/product_brand?post=630337"},{"taxonomy":"product_cat","embeddable":true,"href":"https:\/\/aukinkochile.com\/web\/wp-json\/wp\/v2\/product_cat?post=630337"},{"taxonomy":"product_tag","embeddable":true,"href":"https:\/\/aukinkochile.com\/web\/wp-json\/wp\/v2\/product_tag?post=630337"}],"curies":[{"name":"wp","href":"https:\/\/api.w.org\/{rel}","templated":true}]}}