{"id":630287,"date":"2024-11-15T20:50:33","date_gmt":"2024-11-15T20:50:33","guid":{"rendered":"https:\/\/aukinkochile.com\/web\/producto\/cocinilla-con-accesorios-6-pz\/"},"modified":"2025-07-28T16:49:18","modified_gmt":"2025-07-28T16:49:18","slug":"cocinilla-con-accesorios-6-pz","status":"publish","type":"product","link":"https:\/\/aukinkochile.com\/web\/producto\/cocinilla-con-accesorios-6-pz\/","title":{"rendered":"Cocinilla con Accesorios 6 pz"},"content":{"rendered":"<p>Cocinilla con 2 quemadores. Contiene una olla con tapa, una olla con mango y una esp\u00e1tula y un cucharon. De gran calidad y resistencia.<\/p>\n<p><p><strong>Material : <\/strong> Pl\u00e1stico Resistente<\/p>\n<p><strong>C\u00f3digo Aukinko : <\/strong> 09-54245<\/p>\n<p><strong>C\u00f3digo Convenio Marco : <\/strong> x<\/p>\n","protected":false},"excerpt":{"rendered":"<p>Cocinilla con 2 quemadores. Contiene una olla con tapa, una olla con mango y una esp\u00e1tula y un cucharon. De gran calidad y resistencia. Material : Pl\u00e1stico Resistente C\u00f3digo Aukinko : 09-54245 C\u00f3digo Convenio Marco : x<\/p>\n","protected":false},"featured_media":630286,"comment_status":"open","ping_status":"closed","template":"","meta":{"_et_pb_use_builder":"","_et_pb_old_content":"","_et_gb_content_width":""},"product_brand":[],"product_cat":[17],"product_tag":[],"class_list":{"0":"post-630287","1":"product","2":"type-product","3":"status-publish","4":"has-post-thumbnail","6":"product_cat-juegos-de-rol","7":"pa_edad-2-a-3-anos","8":"pa_edad-3-a-4-anos","9":"pa_edad-4-a-5-anos","10":"pa_edad-5-a-6-anos","11":"pa_edad-6-a-8-anos","12":"pa_edad-8-a-10-anos","13":"pa_marca-dantoy","14":"pa_medidas-25-x-30-x-10-cm","16":"first","17":"instock","18":"shipping-taxable","19":"purchasable","20":"product-type-simple"},"aioseo_notices":[],"_links":{"self":[{"href":"https:\/\/aukinkochile.com\/web\/wp-json\/wp\/v2\/product\/630287","targetHints":{"allow":["GET"]}}],"collection":[{"href":"https:\/\/aukinkochile.com\/web\/wp-json\/wp\/v2\/product"}],"about":[{"href":"https:\/\/aukinkochile.com\/web\/wp-json\/wp\/v2\/types\/product"}],"replies":[{"embeddable":true,"href":"https:\/\/aukinkochile.com\/web\/wp-json\/wp\/v2\/comments?post=630287"}],"wp:featuredmedia":[{"embeddable":true,"href":"https:\/\/aukinkochile.com\/web\/wp-json\/wp\/v2\/media\/630286"}],"wp:attachment":[{"href":"https:\/\/aukinkochile.com\/web\/wp-json\/wp\/v2\/media?parent=630287"}],"wp:term":[{"taxonomy":"product_brand","embeddable":true,"href":"https:\/\/aukinkochile.com\/web\/wp-json\/wp\/v2\/product_brand?post=630287"},{"taxonomy":"product_cat","embeddable":true,"href":"https:\/\/aukinkochile.com\/web\/wp-json\/wp\/v2\/product_cat?post=630287"},{"taxonomy":"product_tag","embeddable":true,"href":"https:\/\/aukinkochile.com\/web\/wp-json\/wp\/v2\/product_tag?post=630287"}],"curies":[{"name":"wp","href":"https:\/\/api.w.org\/{rel}","templated":true}]}}