{"id":630285,"date":"2024-11-15T20:50:31","date_gmt":"2024-11-15T20:50:31","guid":{"rendered":"https:\/\/aukinkochile.com\/web\/producto\/andador-plastico\/"},"modified":"2025-07-28T16:49:17","modified_gmt":"2025-07-28T16:49:17","slug":"andador-plastico","status":"publish","type":"product","link":"https:\/\/aukinkochile.com\/web\/producto\/andador-plastico\/","title":{"rendered":"Andador Pl\u00e1stico"},"content":{"rendered":"<p>Este hermoso andador ofrece muchas oportunidades para el desarrollo f\u00edsico y al mismo tiempo fortalece la marcha, el equilibrio y las habilidades motoras de los m\u00e1s peque\u00f1os. El andador sigue el ritmo del desarrollo de ni\u00f1os y ni\u00f1as y proporciona un apoyo adicional cuando dan sus primeros pasos. Ideal para jugar y practicar la marcha tanto en interiores como en exteriores. Las ruedas de goma que reducen el ruido del andador lo hacen perfecto para su uso en interiores. Fabricado en Dinamarca con materiales robustos. Elaborado con pl\u00e1stico con etiqueta ecol\u00f3gica Nordic Swan.<\/p>\n<p><p><strong>Material : <\/strong> Eco Pl\u00e1stico<\/p>\n<p><strong>C\u00f3digo Aukinko : <\/strong> 09-53270<\/p>\n<p><strong>C\u00f3digo Convenio Marco : <\/strong> x<\/p>\n","protected":false},"excerpt":{"rendered":"<p>Este hermoso andador ofrece muchas oportunidades para el desarrollo f\u00edsico y al mismo tiempo fortalece la marcha, el equilibrio y las habilidades motoras de los m\u00e1s peque\u00f1os. El andador sigue el ritmo del desarrollo de ni\u00f1os y ni\u00f1as y proporciona un apoyo adicional cuando dan sus primeros pasos. Ideal para jugar y practicar la marcha [&hellip;]<\/p>\n","protected":false},"featured_media":630284,"comment_status":"open","ping_status":"closed","template":"","meta":{"_et_pb_use_builder":"","_et_pb_old_content":"","_et_gb_content_width":""},"product_brand":[],"product_cat":[18],"product_tag":[],"class_list":{"0":"post-630285","1":"product","2":"type-product","3":"status-publish","4":"has-post-thumbnail","6":"product_cat-motricidad-gruesa","7":"pa_edad-1-a-2-anos","8":"pa_edad-2-a-3-anos","9":"pa_edad-3-a-4-anos","10":"pa_marca-dantoy","11":"pa_medidas-48-x-15-x-34","12":"pa_medidas-5-cm","14":"first","15":"instock","16":"shipping-taxable","17":"purchasable","18":"product-type-simple"},"aioseo_notices":[],"_links":{"self":[{"href":"https:\/\/aukinkochile.com\/web\/wp-json\/wp\/v2\/product\/630285","targetHints":{"allow":["GET"]}}],"collection":[{"href":"https:\/\/aukinkochile.com\/web\/wp-json\/wp\/v2\/product"}],"about":[{"href":"https:\/\/aukinkochile.com\/web\/wp-json\/wp\/v2\/types\/product"}],"replies":[{"embeddable":true,"href":"https:\/\/aukinkochile.com\/web\/wp-json\/wp\/v2\/comments?post=630285"}],"wp:featuredmedia":[{"embeddable":true,"href":"https:\/\/aukinkochile.com\/web\/wp-json\/wp\/v2\/media\/630284"}],"wp:attachment":[{"href":"https:\/\/aukinkochile.com\/web\/wp-json\/wp\/v2\/media?parent=630285"}],"wp:term":[{"taxonomy":"product_brand","embeddable":true,"href":"https:\/\/aukinkochile.com\/web\/wp-json\/wp\/v2\/product_brand?post=630285"},{"taxonomy":"product_cat","embeddable":true,"href":"https:\/\/aukinkochile.com\/web\/wp-json\/wp\/v2\/product_cat?post=630285"},{"taxonomy":"product_tag","embeddable":true,"href":"https:\/\/aukinkochile.com\/web\/wp-json\/wp\/v2\/product_tag?post=630285"}],"curies":[{"name":"wp","href":"https:\/\/api.w.org\/{rel}","templated":true}]}}